{"id":3871,"date":"2018-05-09T14:11:52","date_gmt":"2018-05-09T11:11:52","guid":{"rendered":"https:\/\/blog.edu.turku.fi\/turunklassillinenlukio\/?page_id=3871"},"modified":"2018-05-09T14:11:52","modified_gmt":"2018-05-09T11:11:52","slug":"um100-kiertue-turun-klassillisessa-lukiossa-9-5-2018","status":"publish","type":"page","link":"https:\/\/blog.edu.turku.fi\/turunklassillinenlukio\/tapahtumat\/tapahtumia-lukuvuodelta-2017-2018\/um100-kiertue-turun-klassillisessa-lukiossa-9-5-2018\/","title":{"rendered":"UM100-kiertue Turun klassillisessa lukiossa 9.5.2018"},"content":{"rendered":"<p>Ulkoministeri\u00f6 t\u00e4ytt\u00e4\u00e4 t\u00e4n\u00e4 vuonna 100 vuotta ja vierailee vuoden aikana eri puolilla Suomea. Ministeri\u00f6 j\u00e4rjest\u00e4\u00e4 mm. avoimia yleis\u00f6tilaisuuksia ja k\u00e4y my\u00f6s lukioissa. Me saimme t\u00e4nne Turun klassilliseen lukioon t\u00e4n\u00e4\u00e4n kolme ministeri\u00f6n asiantuntijaa, alivaltiosihteeri Matti Anttosen, ulkoasiainneuvos Okko-Pekka Salmimiehen sek\u00e4 ulkoministeri\u00f6100-suurl\u00e4hettil\u00e4s Petri Salon.<\/p>\n<p><a href=\"https:\/\/blog.edu.turku.fi\/turunklassillinenlukio\/files\/2018\/05\/image0000.jpg\"><img loading=\"lazy\" decoding=\"async\" class=\"alignnone  wp-image-3872\" src=\"https:\/\/blog.edu.turku.fi\/turunklassillinenlukio\/files\/2018\/05\/image0000-300x169.jpg\" alt=\"\" width=\"227\" height=\"128\" srcset=\"https:\/\/blog.edu.turku.fi\/turunklassillinenlukio\/files\/2018\/05\/image0000-300x169.jpg 300w, https:\/\/blog.edu.turku.fi\/turunklassillinenlukio\/files\/2018\/05\/image0000.jpg 640w\" sizes=\"auto, (max-width: 227px) 100vw, 227px\" \/><\/a><\/p>\n<p>Koululta ministeri\u00f6n edustajat jatkoivat Turun p\u00e4\u00e4kirjastossa klo 14.30 j\u00e4rjestett\u00e4v\u00e4\u00e4n yleis\u00f6tilaisuuteen.<\/p>\n<p>Ministeri\u00f6n asiantuntijat kertoivat meille mm. ulkoministeri\u00f6st\u00e4 yleisesti ja UM:n kansalaispalveluista, ja erityisesti vastailivat opiskelijoiden esitt\u00e4miin kysymyksiin.<\/p>\n<p>Suuret kiitokset UM:lle vierailusta, opiskelijat saivat aikamoisen tietopaketin ministeri\u00f6n toiminnasta ja tilaisuus varmasti her\u00e4tti uudenlaisia kysymyksi\u00e4 tulevaisuudesta.<\/p>\n<p><a href=\"https:\/\/blog.edu.turku.fi\/turunklassillinenlukio\/files\/2018\/05\/WP_20180509_13_08_37_Pro.jpg\"><img loading=\"lazy\" decoding=\"async\" class=\"alignnone  wp-image-3873\" src=\"https:\/\/blog.edu.turku.fi\/turunklassillinenlukio\/files\/2018\/05\/WP_20180509_13_08_37_Pro-169x300.jpg\" alt=\"\" width=\"149\" height=\"264\" \/><\/a><\/p>\n","protected":false},"excerpt":{"rendered":"<p>Ulkoministeri\u00f6 t\u00e4ytt\u00e4\u00e4 t\u00e4n\u00e4 vuonna 100 vuotta ja vierailee vuoden aikana eri puolilla Suomea. Ministeri\u00f6 j\u00e4rjest\u00e4\u00e4 mm. avoimia yleis\u00f6tilaisuuksia ja k\u00e4y my\u00f6s lukioissa. Me saimme t\u00e4nne Turun klassilliseen lukioon t\u00e4n\u00e4\u00e4n kolme ministeri\u00f6n asiantuntijaa, alivaltiosihteeri Matti Anttosen, ulkoasiainneuvos Okko-Pekka Salmimiehen sek\u00e4 ulkoministeri\u00f6100-suurl\u00e4hettil\u00e4s &hellip; <a href=\"https:\/\/blog.edu.turku.fi\/turunklassillinenlukio\/tapahtumat\/tapahtumia-lukuvuodelta-2017-2018\/um100-kiertue-turun-klassillisessa-lukiossa-9-5-2018\/\">Lue loppuun <span class=\"meta-nav\">&rarr;<\/span><\/a><\/p>\n","protected":false},"author":1368,"featured_media":0,"parent":3265,"menu_order":0,"comment_status":"closed","ping_status":"closed","template":"","meta":{"footnotes":""},"class_list":["post-3871","page","type-page","status-publish","hentry"],"_links":{"self":[{"href":"https:\/\/blog.edu.turku.fi\/turunklassillinenlukio\/wp-json\/wp\/v2\/pages\/3871","targetHints":{"allow":["GET"]}}],"collection":[{"href":"https:\/\/blog.edu.turku.fi\/turunklassillinenlukio\/wp-json\/wp\/v2\/pages"}],"about":[{"href":"https:\/\/blog.edu.turku.fi\/turunklassillinenlukio\/wp-json\/wp\/v2\/types\/page"}],"author":[{"embeddable":true,"href":"https:\/\/blog.edu.turku.fi\/turunklassillinenlukio\/wp-json\/wp\/v2\/users\/1368"}],"replies":[{"embeddable":true,"href":"https:\/\/blog.edu.turku.fi\/turunklassillinenlukio\/wp-json\/wp\/v2\/comments?post=3871"}],"version-history":[{"count":1,"href":"https:\/\/blog.edu.turku.fi\/turunklassillinenlukio\/wp-json\/wp\/v2\/pages\/3871\/revisions"}],"predecessor-version":[{"id":3874,"href":"https:\/\/blog.edu.turku.fi\/turunklassillinenlukio\/wp-json\/wp\/v2\/pages\/3871\/revisions\/3874"}],"up":[{"embeddable":true,"href":"https:\/\/blog.edu.turku.fi\/turunklassillinenlukio\/wp-json\/wp\/v2\/pages\/3265"}],"wp:attachment":[{"href":"https:\/\/blog.edu.turku.fi\/turunklassillinenlukio\/wp-json\/wp\/v2\/media?parent=3871"}],"curies":[{"name":"wp","href":"https:\/\/api.w.org\/{rel}","templated":true}]}}