{"id":3807,"date":"2018-04-18T13:05:17","date_gmt":"2018-04-18T10:05:17","guid":{"rendered":"https:\/\/blog.edu.turku.fi\/turunklassillinenlukio\/?page_id=3807"},"modified":"2018-04-18T13:08:21","modified_gmt":"2018-04-18T10:08:21","slug":"broken-heart-story-12-4-2018","status":"publish","type":"page","link":"https:\/\/blog.edu.turku.fi\/turunklassillinenlukio\/tapahtumat\/tapahtumia-lukuvuodelta-2017-2018\/broken-heart-story-12-4-2018\/","title":{"rendered":"Broken heart story 12.4.2018"},"content":{"rendered":"<p>Ostimme koulullemme kaksi per\u00e4kk\u00e4ist\u00e4 n\u00e4yt\u00f6st\u00e4 Turun nuoren teatterin n\u00e4ytelm\u00e4\u00e4n Broken heart story. Esitykset olivat torstaina 12.4.2018 klo 13.00 ja klo 19.00. Mukaan mahtui kaikkiaan 320 koulumme opiskelijaa nauttimaan erinomaisesta n\u00e4ytelm\u00e4st\u00e4. Suuren mielenkiinnon ker\u00e4si my\u00f6s n\u00e4ytelm\u00e4ss\u00e4 esiintyneet muutamat koulumme nykyiset ja entiset opiskelijat. Koulu maksoi n\u00e4yt\u00f6kset kokonaisuudessa, joten kustannuksia teatterista ei opiskelijoille tullut. N\u00e4ytelm\u00e4 on Saara Turusen k\u00e4sikirjoittama ja Mikko Kaikkosen ohjaama.<br \/>\n<a href=\"https:\/\/blog.edu.turku.fi\/turunklassillinenlukio\/files\/2018\/04\/Broken_heart_story.jpg\"><img loading=\"lazy\" decoding=\"async\" class=\"alignnone wp-image-3808\" src=\"https:\/\/blog.edu.turku.fi\/turunklassillinenlukio\/files\/2018\/04\/Broken_heart_story-300x200.jpg\" alt=\"\" width=\"254\" height=\"169\" \/><\/a><br \/>\nTNT kertoo n\u00e4ytelm\u00e4st\u00e4 omilla sivuillaan seuraavaa:<br \/>\n&#8221;Mit\u00e4 tapahtuu, jos sielu karkaa?<br \/>\nMuuan kaupungin laidalla asuu nainen, kirjailija. Kyyninen kirjailija on hautautunut suurien aiheiden uumeniin Kuolemaan ja Kapitalismiin. Sanoja ei tule. \u00c4\u00e4net ja kuvat vainoavat: Beethoven ja paloittelusurmaaja tunkeutuvat TV:st\u00e4 kotiin. Koti huojuu. Sade tulee sis\u00e4\u00e4n. Jostain kuuluu outoa \u00e4\u00e4nt\u00e4\u2026 kuin joku itkisi. Kirjailijan sielu on karannut riidan p\u00e4\u00e4tteeksi. Sit\u00e4 ei kiinnosta suuret aiheet. Sielu on l\u00f6ydett\u00e4v\u00e4 ja sen kanssa on teht\u00e4v\u00e4 jonkinlainen sopimus.<br \/>\nSielu suostuu kertomaan viel\u00e4 yhden tarinan p\u00e4\u00e4st\u00e4kseen vapaaksi. Tarinan nimi on Broken Heart Story.<br \/>\nBroken Heart Story on teatteriteos luomisesta, teatterista sek\u00e4 rakkaudesta ja sen puutteesta. Tekstin rinnalla teoksen sielu on tanssi. Oikukas, monikasvoinen, karkaileva ja ehdottomasti vapautta rakastava sielu. Rohkea, arka, vahva, hauras, raskas, keve\u00e4.. loputon tanssi.&#8221;<\/p>\n<p>&nbsp;<\/p>\n","protected":false},"excerpt":{"rendered":"<p>Ostimme koulullemme kaksi per\u00e4kk\u00e4ist\u00e4 n\u00e4yt\u00f6st\u00e4 Turun nuoren teatterin n\u00e4ytelm\u00e4\u00e4n Broken heart story. Esitykset olivat torstaina 12.4.2018 klo 13.00 ja klo 19.00. Mukaan mahtui kaikkiaan 320 koulumme opiskelijaa nauttimaan erinomaisesta n\u00e4ytelm\u00e4st\u00e4. Suuren mielenkiinnon ker\u00e4si my\u00f6s n\u00e4ytelm\u00e4ss\u00e4 esiintyneet muutamat koulumme nykyiset ja &hellip; <a href=\"https:\/\/blog.edu.turku.fi\/turunklassillinenlukio\/tapahtumat\/tapahtumia-lukuvuodelta-2017-2018\/broken-heart-story-12-4-2018\/\">Lue loppuun <span class=\"meta-nav\">&rarr;<\/span><\/a><\/p>\n","protected":false},"author":1368,"featured_media":0,"parent":3265,"menu_order":0,"comment_status":"closed","ping_status":"closed","template":"","meta":{"footnotes":""},"class_list":["post-3807","page","type-page","status-publish","hentry"],"_links":{"self":[{"href":"https:\/\/blog.edu.turku.fi\/turunklassillinenlukio\/wp-json\/wp\/v2\/pages\/3807","targetHints":{"allow":["GET"]}}],"collection":[{"href":"https:\/\/blog.edu.turku.fi\/turunklassillinenlukio\/wp-json\/wp\/v2\/pages"}],"about":[{"href":"https:\/\/blog.edu.turku.fi\/turunklassillinenlukio\/wp-json\/wp\/v2\/types\/page"}],"author":[{"embeddable":true,"href":"https:\/\/blog.edu.turku.fi\/turunklassillinenlukio\/wp-json\/wp\/v2\/users\/1368"}],"replies":[{"embeddable":true,"href":"https:\/\/blog.edu.turku.fi\/turunklassillinenlukio\/wp-json\/wp\/v2\/comments?post=3807"}],"version-history":[{"count":3,"href":"https:\/\/blog.edu.turku.fi\/turunklassillinenlukio\/wp-json\/wp\/v2\/pages\/3807\/revisions"}],"predecessor-version":[{"id":3812,"href":"https:\/\/blog.edu.turku.fi\/turunklassillinenlukio\/wp-json\/wp\/v2\/pages\/3807\/revisions\/3812"}],"up":[{"embeddable":true,"href":"https:\/\/blog.edu.turku.fi\/turunklassillinenlukio\/wp-json\/wp\/v2\/pages\/3265"}],"wp:attachment":[{"href":"https:\/\/blog.edu.turku.fi\/turunklassillinenlukio\/wp-json\/wp\/v2\/media?parent=3807"}],"curies":[{"name":"wp","href":"https:\/\/api.w.org\/{rel}","templated":true}]}}