{"id":3800,"date":"2018-04-18T12:49:07","date_gmt":"2018-04-18T09:49:07","guid":{"rendered":"https:\/\/blog.edu.turku.fi\/turunklassillinenlukio\/?page_id=3800"},"modified":"2018-04-18T13:15:14","modified_gmt":"2018-04-18T10:15:14","slug":"tuntematon-sotilas-11-12-2017","status":"publish","type":"page","link":"https:\/\/blog.edu.turku.fi\/turunklassillinenlukio\/tapahtumat\/tapahtumia-lukuvuodelta-2017-2018\/tuntematon-sotilas-11-12-2017\/","title":{"rendered":"Tuntematon sotilas 11.12.2017"},"content":{"rendered":"<p>Lukiomme osti Finnkinon Kinopalatsista p\u00e4iv\u00e4n\u00e4yt\u00f6ksen Aku Louhiniemen ohjaamaan Tuntemattomaan sotilaaseen. N\u00e4yt\u00f6s j\u00e4rjestettiin maanantaina 11.12.2017 klo 12.30 kahdessa salissa, saleissa 1 ja 5, joista j\u00e4lkimm\u00e4iseen tilattiin englannin kielinen tekstitys. Kaikkiaan elokuvaa tuli katsomaan yhteens\u00e4 490 opiskelijaa ja henkil\u00f6kuntaan kuuluvaa. Elokuva oli kaikille ilmainen, koettiin yhdess\u00e4 upea elokuvakokemus ja teimme samalla hienon Suomi100-vuoden tapahtuman!<br \/>\n<a href=\"https:\/\/blog.edu.turku.fi\/turunklassillinenlukio\/files\/2018\/04\/TuntematonSotilas_1080.jpg\"><img loading=\"lazy\" decoding=\"async\" class=\"alignnone wp-image-3801\" src=\"https:\/\/blog.edu.turku.fi\/turunklassillinenlukio\/files\/2018\/04\/TuntematonSotilas_1080-200x300.jpg\" alt=\"\" width=\"143\" height=\"215\" srcset=\"https:\/\/blog.edu.turku.fi\/turunklassillinenlukio\/files\/2018\/04\/TuntematonSotilas_1080-200x300.jpg 200w, https:\/\/blog.edu.turku.fi\/turunklassillinenlukio\/files\/2018\/04\/TuntematonSotilas_1080.jpg 323w\" sizes=\"auto, (max-width: 143px) 100vw, 143px\" \/><\/a><br \/>\nFinnkino kirjoitti omilla sivuillaan elokuvastaan seuraavaa:<br \/>\n&#8221;Aku Louhimiehen Tuntematon sotilas on V\u00e4in\u00f6 Linnan klassikkoromaaniin perustuva kuvaus jalkav\u00e4kiosaston yli kolmivuotiseksi venyv\u00e4st\u00e4 sotatiest\u00e4 Suomen jatkosodassa. Elokuva kertoo Rokan, Kariluodon, Koskelan, Hietasen ja heid\u00e4n taistelutovereidensa tarinan \u2013 miten toveruus, huumori ja halu j\u00e4\u00e4d\u00e4 henkiin yhdist\u00e4v\u00e4t miehi\u00e4 matkalla sinne ja takaisin. Sota mullistaa niin yksitt\u00e4isen sotilaan kuin kotirintamalle j\u00e4\u00e4neidenkin el\u00e4m\u00e4n ja j\u00e4tt\u00e4\u00e4 j\u00e4lkens\u00e4 koko kansakuntaan.&#8221;<\/p>\n","protected":false},"excerpt":{"rendered":"<p>Lukiomme osti Finnkinon Kinopalatsista p\u00e4iv\u00e4n\u00e4yt\u00f6ksen Aku Louhiniemen ohjaamaan Tuntemattomaan sotilaaseen. N\u00e4yt\u00f6s j\u00e4rjestettiin maanantaina 11.12.2017 klo 12.30 kahdessa salissa, saleissa 1 ja 5, joista j\u00e4lkimm\u00e4iseen tilattiin englannin kielinen tekstitys. Kaikkiaan elokuvaa tuli katsomaan yhteens\u00e4 490 opiskelijaa ja henkil\u00f6kuntaan kuuluvaa. Elokuva oli &hellip; <a href=\"https:\/\/blog.edu.turku.fi\/turunklassillinenlukio\/tapahtumat\/tapahtumia-lukuvuodelta-2017-2018\/tuntematon-sotilas-11-12-2017\/\">Lue loppuun <span class=\"meta-nav\">&rarr;<\/span><\/a><\/p>\n","protected":false},"author":1368,"featured_media":0,"parent":3265,"menu_order":0,"comment_status":"closed","ping_status":"closed","template":"","meta":{"footnotes":""},"class_list":["post-3800","page","type-page","status-publish","hentry"],"_links":{"self":[{"href":"https:\/\/blog.edu.turku.fi\/turunklassillinenlukio\/wp-json\/wp\/v2\/pages\/3800","targetHints":{"allow":["GET"]}}],"collection":[{"href":"https:\/\/blog.edu.turku.fi\/turunklassillinenlukio\/wp-json\/wp\/v2\/pages"}],"about":[{"href":"https:\/\/blog.edu.turku.fi\/turunklassillinenlukio\/wp-json\/wp\/v2\/types\/page"}],"author":[{"embeddable":true,"href":"https:\/\/blog.edu.turku.fi\/turunklassillinenlukio\/wp-json\/wp\/v2\/users\/1368"}],"replies":[{"embeddable":true,"href":"https:\/\/blog.edu.turku.fi\/turunklassillinenlukio\/wp-json\/wp\/v2\/comments?post=3800"}],"version-history":[{"count":5,"href":"https:\/\/blog.edu.turku.fi\/turunklassillinenlukio\/wp-json\/wp\/v2\/pages\/3800\/revisions"}],"predecessor-version":[{"id":3813,"href":"https:\/\/blog.edu.turku.fi\/turunklassillinenlukio\/wp-json\/wp\/v2\/pages\/3800\/revisions\/3813"}],"up":[{"embeddable":true,"href":"https:\/\/blog.edu.turku.fi\/turunklassillinenlukio\/wp-json\/wp\/v2\/pages\/3265"}],"wp:attachment":[{"href":"https:\/\/blog.edu.turku.fi\/turunklassillinenlukio\/wp-json\/wp\/v2\/media?parent=3800"}],"curies":[{"name":"wp","href":"https:\/\/api.w.org\/{rel}","templated":true}]}}