{"id":3792,"date":"2018-04-18T12:34:30","date_gmt":"2018-04-18T09:34:30","guid":{"rendered":"https:\/\/blog.edu.turku.fi\/turunklassillinenlukio\/?page_id=3792"},"modified":"2018-04-18T13:54:23","modified_gmt":"2018-04-18T10:54:23","slug":"too-school-for-cool-7-3-20-4-2018","status":"publish","type":"page","link":"https:\/\/blog.edu.turku.fi\/turunklassillinenlukio\/tapahtumat\/tapahtumia-lukuvuodelta-2017-2018\/too-school-for-cool-7-3-20-4-2018\/","title":{"rendered":"Too School for Cool 7.3.-20.4.2018"},"content":{"rendered":"<p>Ilmaisulinjamme Produktiokurssi toteutti yhdess\u00e4 Turun nuoren teatterin kanssa Elina Kilkun n\u00e4ytelm\u00e4n Too school fo cool. n\u00e4yttelij\u00f6in\u00e4 toimivat Produktiokurssin opiskelijat ja n\u00e4ytelm\u00e4n ohjasi opettajamme Linda Latokartano. Turun nuori teatteri tarjosi produktiolle tilat ja tekniikan kaikkiaan kuuteen n\u00e4yt\u00f6kseen.<br \/>\n<a href=\"https:\/\/blog.edu.turku.fi\/turunklassillinenlukio\/files\/2018\/04\/Proggiskurssijuliste2018-lis\u00e4esitykset.pdf\">Too school for cool mainosjuliste<\/a><\/p>\n<p><a href=\"https:\/\/blog.edu.turku.fi\/turunklassillinenlukio\/files\/2018\/04\/IMG-7310-400x300.jpg\"><img loading=\"lazy\" decoding=\"async\" class=\"alignnone wp-image-3793\" src=\"https:\/\/blog.edu.turku.fi\/turunklassillinenlukio\/files\/2018\/04\/IMG-7310-400x300-300x225.jpg\" alt=\"\" width=\"177\" height=\"133\" srcset=\"https:\/\/blog.edu.turku.fi\/turunklassillinenlukio\/files\/2018\/04\/IMG-7310-400x300-300x225.jpg 300w, https:\/\/blog.edu.turku.fi\/turunklassillinenlukio\/files\/2018\/04\/IMG-7310-400x300.jpg 400w\" sizes=\"auto, (max-width: 177px) 100vw, 177px\" \/><\/a><\/p>\n<p>Elina Kilkun n\u00e4ytelm\u00e4 Too school for cool tuo n\u00e4kyville huumorilla h\u00f6ystetyn riipaisevan kohtauskollaasin nuorten el\u00e4m\u00e4st\u00e4. Kyyti\u00e4 saavat muun muassa nuorten paineet yhteiskunnassa; murrosi\u00e4n myllerryksess\u00e4 pit\u00e4isi tehd\u00e4 tulevaisuutta m\u00e4\u00e4ritt\u00e4v\u00e4t p\u00e4\u00e4t\u00f6kset ja samalla kest\u00e4\u00e4 ulkon\u00e4k\u00f6paineet, \u00e4iti, is\u00e4, opettajat, sek\u00e4 pelastaa maailma.<\/p>\n<p>Onks t\u00e4\u00e4 normaalii? On. Tule sellaisena kuin olet. Se riitt\u00e4\u00e4. Sin\u00e4 riit\u00e4t.<\/p>\n<p>&nbsp;<\/p>\n","protected":false},"excerpt":{"rendered":"<p>Ilmaisulinjamme Produktiokurssi toteutti yhdess\u00e4 Turun nuoren teatterin kanssa Elina Kilkun n\u00e4ytelm\u00e4n Too school fo cool. n\u00e4yttelij\u00f6in\u00e4 toimivat Produktiokurssin opiskelijat ja n\u00e4ytelm\u00e4n ohjasi opettajamme Linda Latokartano. Turun nuori teatteri tarjosi produktiolle tilat ja tekniikan kaikkiaan kuuteen n\u00e4yt\u00f6kseen. Too school for cool &hellip; <a href=\"https:\/\/blog.edu.turku.fi\/turunklassillinenlukio\/tapahtumat\/tapahtumia-lukuvuodelta-2017-2018\/too-school-for-cool-7-3-20-4-2018\/\">Lue loppuun <span class=\"meta-nav\">&rarr;<\/span><\/a><\/p>\n","protected":false},"author":1368,"featured_media":0,"parent":3265,"menu_order":0,"comment_status":"closed","ping_status":"closed","template":"","meta":{"footnotes":""},"class_list":["post-3792","page","type-page","status-publish","hentry"],"_links":{"self":[{"href":"https:\/\/blog.edu.turku.fi\/turunklassillinenlukio\/wp-json\/wp\/v2\/pages\/3792","targetHints":{"allow":["GET"]}}],"collection":[{"href":"https:\/\/blog.edu.turku.fi\/turunklassillinenlukio\/wp-json\/wp\/v2\/pages"}],"about":[{"href":"https:\/\/blog.edu.turku.fi\/turunklassillinenlukio\/wp-json\/wp\/v2\/types\/page"}],"author":[{"embeddable":true,"href":"https:\/\/blog.edu.turku.fi\/turunklassillinenlukio\/wp-json\/wp\/v2\/users\/1368"}],"replies":[{"embeddable":true,"href":"https:\/\/blog.edu.turku.fi\/turunklassillinenlukio\/wp-json\/wp\/v2\/comments?post=3792"}],"version-history":[{"count":3,"href":"https:\/\/blog.edu.turku.fi\/turunklassillinenlukio\/wp-json\/wp\/v2\/pages\/3792\/revisions"}],"predecessor-version":[{"id":3816,"href":"https:\/\/blog.edu.turku.fi\/turunklassillinenlukio\/wp-json\/wp\/v2\/pages\/3792\/revisions\/3816"}],"up":[{"embeddable":true,"href":"https:\/\/blog.edu.turku.fi\/turunklassillinenlukio\/wp-json\/wp\/v2\/pages\/3265"}],"wp:attachment":[{"href":"https:\/\/blog.edu.turku.fi\/turunklassillinenlukio\/wp-json\/wp\/v2\/media?parent=3792"}],"curies":[{"name":"wp","href":"https:\/\/api.w.org\/{rel}","templated":true}]}}