{"id":3738,"date":"2018-03-06T10:49:49","date_gmt":"2018-03-06T08:49:49","guid":{"rendered":"https:\/\/blog.edu.turku.fi\/turunklassillinenlukio\/?page_id=3738"},"modified":"2018-03-06T10:49:49","modified_gmt":"2018-03-06T08:49:49","slug":"yes-kummi-ja-lifecouch-anu-beranger-vierailulla-2-3-2018","status":"publish","type":"page","link":"https:\/\/blog.edu.turku.fi\/turunklassillinenlukio\/tapahtumat\/tapahtumia-lukuvuodelta-2017-2018\/yes-kummi-ja-lifecouch-anu-beranger-vierailulla-2-3-2018\/","title":{"rendered":"YES-kummi ja LifeCouch Anu Beranger vierailulla 2.3.2018"},"content":{"rendered":"<p>YES-kummi ja Life Couch Anu Beranger vieraili RUA06-kurssilla perjantain 2.3.2018. Beranger kertoo YES-kummit-sisuvstolla itsest\u00e4\u00e4n mm. seuraavaa: &#8221;Valmennusty\u00f6 on valintani. Auttaa ja tukea ihmist\u00e4 l\u00f6yt\u00e4m\u00e4\u00e4n merkityksellisyytens\u00e4 on kutsumukseni. Omien vahvuuksiensa l\u00f6yt\u00e4minen auttaa nuorta l\u00f6yt\u00e4m\u00e4\u00e4n sen mit\u00e4 haluaa.<br \/>\nKokisin, ett\u00e4 paras antini nuorille olisi toimia coachina: auttaa heit\u00e4 parantamaan itsetuntemustaan, l\u00f6yt\u00e4m\u00e4\u00e4n vahvuutensa, rentoutumaan, l\u00e4hestym\u00e4\u00e4n haasteita rauhallisemmin, l\u00f6yt\u00e4m\u00e4\u00e4n uusia ajatuskuvioita. Auttaa l\u00f6yt\u00e4m\u00e4\u00e4n taitonsa, jotka saattelevat heid\u00e4t ty\u00f6markkinoille, l\u00f6yt\u00e4m\u00e4\u00e4n sen mit\u00e4 haluavat.<br \/>\nSosiaalisten taitojen oppiminen auttaa esimerkiksi ty\u00f6haastattelussa. El\u00e4m\u00e4ntaidoissa voin antaa vinkkej\u00e4 ja auttaa nuorta itse oivaltamaan taitonsa, jotka tekev\u00e4t h\u00e4nen el\u00e4m\u00e4st\u00e4\u00e4n mahdollisimman hyv\u00e4n.&#8221;<\/p>\n<p><a href=\"https:\/\/blog.edu.turku.fi\/turunklassillinenlukio\/files\/2018\/03\/IMG-20180305-WA0000.jpg\"><img loading=\"lazy\" decoding=\"async\" class=\"alignnone  wp-image-3739\" src=\"https:\/\/blog.edu.turku.fi\/turunklassillinenlukio\/files\/2018\/03\/IMG-20180305-WA0000-300x225.jpg\" alt=\"\" width=\"182\" height=\"136\" \/><\/a> <a href=\"https:\/\/blog.edu.turku.fi\/turunklassillinenlukio\/files\/2018\/03\/IMG-20180305-WA0001.jpg\"><img loading=\"lazy\" decoding=\"async\" class=\"alignnone  wp-image-3740\" src=\"https:\/\/blog.edu.turku.fi\/turunklassillinenlukio\/files\/2018\/03\/IMG-20180305-WA0001-300x225.jpg\" alt=\"\" width=\"181\" height=\"136\" \/><\/a><\/p>\n<p>Ryhm\u00e4 sai tehd\u00e4kseen opiskelijal\u00e4ht\u00f6isi\u00e4 teht\u00e4vi\u00e4. Opiskelijat mm. pohtivat omia luonteenvahvuuksia, ty\u00f6el\u00e4m\u00e4ss\u00e4 vaadittavia ominaisuuksia sek\u00e4 kielitaidon tuomia mahdollisuuksia ty\u00f6el\u00e4m\u00e4ss\u00e4.<\/p>\n","protected":false},"excerpt":{"rendered":"<p>YES-kummi ja Life Couch Anu Beranger vieraili RUA06-kurssilla perjantain 2.3.2018. Beranger kertoo YES-kummit-sisuvstolla itsest\u00e4\u00e4n mm. seuraavaa: &#8221;Valmennusty\u00f6 on valintani. Auttaa ja tukea ihmist\u00e4 l\u00f6yt\u00e4m\u00e4\u00e4n merkityksellisyytens\u00e4 on kutsumukseni. Omien vahvuuksiensa l\u00f6yt\u00e4minen auttaa nuorta l\u00f6yt\u00e4m\u00e4\u00e4n sen mit\u00e4 haluaa. Kokisin, ett\u00e4 paras antini &hellip; <a href=\"https:\/\/blog.edu.turku.fi\/turunklassillinenlukio\/tapahtumat\/tapahtumia-lukuvuodelta-2017-2018\/yes-kummi-ja-lifecouch-anu-beranger-vierailulla-2-3-2018\/\">Lue loppuun <span class=\"meta-nav\">&rarr;<\/span><\/a><\/p>\n","protected":false},"author":1368,"featured_media":0,"parent":3265,"menu_order":0,"comment_status":"closed","ping_status":"closed","template":"","meta":{"footnotes":""},"class_list":["post-3738","page","type-page","status-publish","hentry"],"_links":{"self":[{"href":"https:\/\/blog.edu.turku.fi\/turunklassillinenlukio\/wp-json\/wp\/v2\/pages\/3738","targetHints":{"allow":["GET"]}}],"collection":[{"href":"https:\/\/blog.edu.turku.fi\/turunklassillinenlukio\/wp-json\/wp\/v2\/pages"}],"about":[{"href":"https:\/\/blog.edu.turku.fi\/turunklassillinenlukio\/wp-json\/wp\/v2\/types\/page"}],"author":[{"embeddable":true,"href":"https:\/\/blog.edu.turku.fi\/turunklassillinenlukio\/wp-json\/wp\/v2\/users\/1368"}],"replies":[{"embeddable":true,"href":"https:\/\/blog.edu.turku.fi\/turunklassillinenlukio\/wp-json\/wp\/v2\/comments?post=3738"}],"version-history":[{"count":1,"href":"https:\/\/blog.edu.turku.fi\/turunklassillinenlukio\/wp-json\/wp\/v2\/pages\/3738\/revisions"}],"predecessor-version":[{"id":3741,"href":"https:\/\/blog.edu.turku.fi\/turunklassillinenlukio\/wp-json\/wp\/v2\/pages\/3738\/revisions\/3741"}],"up":[{"embeddable":true,"href":"https:\/\/blog.edu.turku.fi\/turunklassillinenlukio\/wp-json\/wp\/v2\/pages\/3265"}],"wp:attachment":[{"href":"https:\/\/blog.edu.turku.fi\/turunklassillinenlukio\/wp-json\/wp\/v2\/media?parent=3738"}],"curies":[{"name":"wp","href":"https:\/\/api.w.org\/{rel}","templated":true}]}}