{"id":3619,"date":"2018-01-10T12:40:36","date_gmt":"2018-01-10T10:40:36","guid":{"rendered":"https:\/\/blog.edu.turku.fi\/turunklassillinenlukio\/?page_id=3619"},"modified":"2019-06-10T10:20:00","modified_gmt":"2019-06-10T07:20:00","slug":"tervetuloa-tekemaan-digitaalista-yo-koetta-turun-klassilliseen-lukioon","status":"publish","type":"page","link":"https:\/\/blog.edu.turku.fi\/turunklassillinenlukio\/ylioppilaskirjoitukset\/tervetuloa-tekemaan-digitaalista-yo-koetta-turun-klassilliseen-lukioon\/","title":{"rendered":"Tervetuloa tekem\u00e4\u00e4n YO-koetta Turun klassilliseen lukioon"},"content":{"rendered":"<p><span style=\"text-decoration: underline\"><strong>Syksyll\u00e4 2019 YO-kokeet:<br \/>\n<\/strong><\/span>ma 16.9.englanti, saksa, ranska, espanja, ven\u00e4j\u00e4, latina, italia, portugali, lyhyt oppim\u00e4\u00e4r\u00e4<br \/>\nke 18.9. \u00e4idinkieli, lukutaidon koe<br \/>\npe 20.9. englanti, saksa, ranska, espanja, ven\u00e4j\u00e4, pitk\u00e4 oppim\u00e4\u00e4r\u00e4<br \/>\nti 24.9. pitk\u00e4 ja lyhyt matematiikka<br \/>\nto 26.9. psykologia, filosofia, historia, fysiikka, biologia<br \/>\npe 27.9. A- ja B-ruotsi<br \/>\nti 1.10. \u00e4idinkieli, kirjoitustaidon koe, suomi toisena kielen\u00e4 -koe<u><\/u><br \/>\nto 3.10. uskonto, el\u00e4m\u00e4nkatsomustieto, yhteiskuntaoppi, kemia, maantiede, terveystieto<\/p>\n<p><strong><u>Kev\u00e4\u00e4ll\u00e4 2020 YO-kokeet:<br \/>\n<\/u><\/strong>ti 10.3. \u00e4idinkieli, lukutaidon koe, suomi toisena kielen\u00e4 -koe<strong><u><br \/>\n<\/u><\/strong>to 12.3. \u00e4idinkieli, kirjoitustaidon koe<br \/>\npe 13.3. englanti, saksa, ranska, espanja, ven\u00e4j\u00e4, latina, italia, portugali, lyhyt oppim\u00e4\u00e4r\u00e4<br \/>\nma 16.3. A- ja B-ruotsi<br \/>\nke 18.3. pitk\u00e4 ja lyhyt matematiikka<br \/>\npe 20.3. englanti, saksa, ranska, espanja, ven\u00e4j\u00e4, pitk\u00e4 oppim\u00e4\u00e4r\u00e4<br \/>\nti 24.3. uskonto, el\u00e4m\u00e4nkatsomustieto, yhteiskuntaoppi, kemia, maantiede, terveystieto<br \/>\nto 26.3. psykologia, filosofia, historia, fysiikka, biologia<\/p>\n<p>Kaikki YO-kokeet pidet\u00e4\u00e4n lukiomme liikuntasalissa (2. kerros) ja 4. kerroksen luokissa 405, 410, 417 ja 418. Lukion osoite on Eskelinkatu 4, sis\u00e4\u00e4nk\u00e4ynti Linnankadun puolelta. HUOM! Pihaan ei mahdu pys\u00e4k\u00f6im\u00e4\u00e4n.<\/p>\n<p><strong>Varmista hyviss\u00e4 ajoin ennen koep\u00e4iv\u00e4\u00e4, ett\u00e4 koneesi on sopiva digitaalisen yo-kokeen tekemiseen ja ett\u00e4 osaat k\u00e4ynnist\u00e4\u00e4 koneen USB-muistitikulta.<\/strong><\/p>\n<p>Tule koululle koep\u00e4iv\u00e4n aamuna <strong>viimeist\u00e4\u00e4n klo 8.00<\/strong> tietokoneesi ja siihen liittyvien lis\u00e4tarvikkeiden (verkkokaapeli, kuulokkeet, laturi, hiiri\u2026) kanssa.<\/p>\n<p>Ennen kokeen alkamista kytkemme ja testaamme kaikkien kokelaiden koneet yhdess\u00e4 kokelaan kanssa ja varmistamme, ett\u00e4 kaikki toimii. T\u00e4m\u00e4n j\u00e4lkeen kokelailla on mahdollisuus rauhoittua ja noutaa esim. ev\u00e4it\u00e4 koulun ruokalasta.<\/p>\n<p>Matematiikan, fysiikan, kemian ja maantieteen kokeissa saa k\u00e4ytt\u00e4\u00e4 apuv\u00e4linein\u00e4 lautakunnan m\u00e4\u00e4r\u00e4ysten mukaisia laskimia ja taulukkokirjoja, jotka pit\u00e4\u00e4 j\u00e4tt\u00e4\u00e4 tarkistettavaksi etuk\u00e4teen koetta edelt\u00e4v\u00e4n\u00e4 arkip\u00e4iv\u00e4n\u00e4 klo 10.00 menness\u00e4. Merkitse taulukkokirjaan ja laskimeen oma nimesi.<\/p>\n<p>Ota mukaasi henkil\u00f6llisyystodistus, kirjoitusv\u00e4lineet ja ev\u00e4it\u00e4. Ev\u00e4it\u00e4 on siis saatavissa my\u00f6s koulun ruokalasta (koulun omille opiskelijoille) koeaamuisin klo 8.15-8.30. Ev\u00e4iss\u00e4 ja asusteissa ei saa olla mink\u00e4\u00e4nlaisia tekstej\u00e4. Kaikki mahdolliset tekstit ev\u00e4iss\u00e4 on kotona peitett\u00e4v\u00e4 esim. maalarinteipill\u00e4. Koetilaan saa tuoda ainoastaan kirjoitusv\u00e4lineet ja ev\u00e4\u00e4t.<\/p>\n<p>Yhteystiedot:<br \/>\nkanslia 040 537 6794, rehtori 050\u00a0432 3612, apulaisrehtori 040\u00a0724 2198.<\/p>\n","protected":false},"excerpt":{"rendered":"<p>Syksyll\u00e4 2019 YO-kokeet: ma 16.9.englanti, saksa, ranska, espanja, ven\u00e4j\u00e4, latina, italia, portugali, lyhyt oppim\u00e4\u00e4r\u00e4 ke 18.9. \u00e4idinkieli, lukutaidon koe pe 20.9. englanti, saksa, ranska, espanja, ven\u00e4j\u00e4, pitk\u00e4 oppim\u00e4\u00e4r\u00e4 ti 24.9. pitk\u00e4 ja lyhyt matematiikka to 26.9. psykologia, filosofia, historia, fysiikka, &hellip; <a href=\"https:\/\/blog.edu.turku.fi\/turunklassillinenlukio\/ylioppilaskirjoitukset\/tervetuloa-tekemaan-digitaalista-yo-koetta-turun-klassilliseen-lukioon\/\">Lue loppuun <span class=\"meta-nav\">&rarr;<\/span><\/a><\/p>\n","protected":false},"author":1368,"featured_media":0,"parent":53,"menu_order":0,"comment_status":"closed","ping_status":"closed","template":"","meta":{"footnotes":""},"class_list":["post-3619","page","type-page","status-publish","hentry"],"_links":{"self":[{"href":"https:\/\/blog.edu.turku.fi\/turunklassillinenlukio\/wp-json\/wp\/v2\/pages\/3619","targetHints":{"allow":["GET"]}}],"collection":[{"href":"https:\/\/blog.edu.turku.fi\/turunklassillinenlukio\/wp-json\/wp\/v2\/pages"}],"about":[{"href":"https:\/\/blog.edu.turku.fi\/turunklassillinenlukio\/wp-json\/wp\/v2\/types\/page"}],"author":[{"embeddable":true,"href":"https:\/\/blog.edu.turku.fi\/turunklassillinenlukio\/wp-json\/wp\/v2\/users\/1368"}],"replies":[{"embeddable":true,"href":"https:\/\/blog.edu.turku.fi\/turunklassillinenlukio\/wp-json\/wp\/v2\/comments?post=3619"}],"version-history":[{"count":9,"href":"https:\/\/blog.edu.turku.fi\/turunklassillinenlukio\/wp-json\/wp\/v2\/pages\/3619\/revisions"}],"predecessor-version":[{"id":4693,"href":"https:\/\/blog.edu.turku.fi\/turunklassillinenlukio\/wp-json\/wp\/v2\/pages\/3619\/revisions\/4693"}],"up":[{"embeddable":true,"href":"https:\/\/blog.edu.turku.fi\/turunklassillinenlukio\/wp-json\/wp\/v2\/pages\/53"}],"wp:attachment":[{"href":"https:\/\/blog.edu.turku.fi\/turunklassillinenlukio\/wp-json\/wp\/v2\/media?parent=3619"}],"curies":[{"name":"wp","href":"https:\/\/api.w.org\/{rel}","templated":true}]}}