{"id":3573,"date":"2017-11-29T12:51:24","date_gmt":"2017-11-29T10:51:24","guid":{"rendered":"https:\/\/blog.edu.turku.fi\/turunklassillinenlukio\/?page_id=3573"},"modified":"2019-06-11T13:08:19","modified_gmt":"2019-06-11T10:08:19","slug":"rapparen-jesse-p-i-skolan-29-11-2017","status":"publish","type":"page","link":"https:\/\/blog.edu.turku.fi\/turunklassillinenlukio\/tapahtumat\/tapahtumia-lukuvuodelta-2017-2018\/rapparen-jesse-p-i-skolan-29-11-2017\/","title":{"rendered":"Rapparen Jesse P i skolan 29.11.2017"},"content":{"rendered":"<p style=\"text-align: left\"><strong>L\u00e5tskriveri, inspiration och rapmusik under en lektion<\/strong><\/p>\n<p style=\"text-align: left\">Rap-workshoppen \u00e4r en interaktiv rapmusik-workshop som p\u00e5g\u00e5r under en lektion. Eleverna skriver egna rapl\u00e5tar p\u00e5 svenska och f\u00e5r m\u00f6jlighet att upptr\u00e4da med sina alster f\u00f6r kamraterna. I workshoppen f\u00f6renas spr\u00e5k och aktivitet. Fokus ligger p\u00e5 en den muntliga f\u00f6rst\u00e5elsen och p\u00e5 en l\u00e4ttsam st\u00e4mning som leder till en positiv upplevelse. Rap-workshoppen f\u00e5r g\u00e4rna ordnas som en temadag i skolan, och d\u00e5 kommer man \u00f6verens om inneh\u00e5ll och antal elever separat. Det \u00e4r ocks\u00e5 m\u00f6jligt att ordna en konsert med Jesse f\u00f6r hela skolan!<br \/>\n<a href=\"https:\/\/blog.edu.turku.fi\/turunklassillinenlukio\/files\/2017\/11\/image3.jpeg\"><img loading=\"lazy\" decoding=\"async\" class=\"alignnone wp-image-3589\" src=\"https:\/\/blog.edu.turku.fi\/turunklassillinenlukio\/files\/2017\/11\/image3-224x300.jpeg\" alt=\"\" width=\"130\" height=\"174\" \/><\/a><a href=\"https:\/\/blog.edu.turku.fi\/turunklassillinenlukio\/files\/2017\/11\/image2.jpg\"> <img loading=\"lazy\" decoding=\"async\" class=\"alignnone wp-image-3588\" src=\"https:\/\/blog.edu.turku.fi\/turunklassillinenlukio\/files\/2017\/11\/image2-300x224.jpg\" alt=\"\" width=\"163\" height=\"122\" \/><\/a><a href=\"https:\/\/blog.edu.turku.fi\/turunklassillinenlukio\/files\/2017\/11\/image.jpeg\"> <img loading=\"lazy\" decoding=\"async\" class=\"alignnone wp-image-3587\" src=\"https:\/\/blog.edu.turku.fi\/turunklassillinenlukio\/files\/2017\/11\/image-300x224.jpeg\" alt=\"\" width=\"162\" height=\"121\" \/><\/a><br \/>\nJesse P \u00e4r en etablerad musiker som arbetat med l\u00e5tskriveri, musik och ungdomar i \u00f6ver 10 \u00e5r i b\u00e5de Finland och Sverige. Jesse P har\u00a0 producerat <a href=\"http:\/\/pakka123.com\/index.html\">Pakk\u00e5ruotsi-albumen<\/a> i samarbete med Svenska nu<strong>.<\/strong><\/p>\n","protected":false},"excerpt":{"rendered":"<p>L\u00e5tskriveri, inspiration och rapmusik under en lektion Rap-workshoppen \u00e4r en interaktiv rapmusik-workshop som p\u00e5g\u00e5r under en lektion. Eleverna skriver egna rapl\u00e5tar p\u00e5 svenska och f\u00e5r m\u00f6jlighet att upptr\u00e4da med sina alster f\u00f6r kamraterna. I workshoppen f\u00f6renas spr\u00e5k och aktivitet. Fokus &hellip; <a href=\"https:\/\/blog.edu.turku.fi\/turunklassillinenlukio\/tapahtumat\/tapahtumia-lukuvuodelta-2017-2018\/rapparen-jesse-p-i-skolan-29-11-2017\/\">Lue loppuun <span class=\"meta-nav\">&rarr;<\/span><\/a><\/p>\n","protected":false},"author":1368,"featured_media":0,"parent":3265,"menu_order":0,"comment_status":"closed","ping_status":"closed","template":"","meta":{"footnotes":""},"class_list":["post-3573","page","type-page","status-publish","hentry"],"_links":{"self":[{"href":"https:\/\/blog.edu.turku.fi\/turunklassillinenlukio\/wp-json\/wp\/v2\/pages\/3573","targetHints":{"allow":["GET"]}}],"collection":[{"href":"https:\/\/blog.edu.turku.fi\/turunklassillinenlukio\/wp-json\/wp\/v2\/pages"}],"about":[{"href":"https:\/\/blog.edu.turku.fi\/turunklassillinenlukio\/wp-json\/wp\/v2\/types\/page"}],"author":[{"embeddable":true,"href":"https:\/\/blog.edu.turku.fi\/turunklassillinenlukio\/wp-json\/wp\/v2\/users\/1368"}],"replies":[{"embeddable":true,"href":"https:\/\/blog.edu.turku.fi\/turunklassillinenlukio\/wp-json\/wp\/v2\/comments?post=3573"}],"version-history":[{"count":6,"href":"https:\/\/blog.edu.turku.fi\/turunklassillinenlukio\/wp-json\/wp\/v2\/pages\/3573\/revisions"}],"predecessor-version":[{"id":4743,"href":"https:\/\/blog.edu.turku.fi\/turunklassillinenlukio\/wp-json\/wp\/v2\/pages\/3573\/revisions\/4743"}],"up":[{"embeddable":true,"href":"https:\/\/blog.edu.turku.fi\/turunklassillinenlukio\/wp-json\/wp\/v2\/pages\/3265"}],"wp:attachment":[{"href":"https:\/\/blog.edu.turku.fi\/turunklassillinenlukio\/wp-json\/wp\/v2\/media?parent=3573"}],"curies":[{"name":"wp","href":"https:\/\/api.w.org\/{rel}","templated":true}]}}