{"id":3523,"date":"2017-11-17T12:33:17","date_gmt":"2017-11-17T10:33:17","guid":{"rendered":"https:\/\/blog.edu.turku.fi\/turunklassillinenlukio\/?page_id=3523"},"modified":"2017-11-17T12:33:17","modified_gmt":"2017-11-17T10:33:17","slug":"moip-projekti-koulullamme-16-11-2017","status":"publish","type":"page","link":"https:\/\/blog.edu.turku.fi\/turunklassillinenlukio\/tapahtumat\/tapahtumia-lukuvuodelta-2017-2018\/moip-projekti-koulullamme-16-11-2017\/","title":{"rendered":"MOIP!-projekti koulullamme 16.11.2017"},"content":{"rendered":"<p>MOIP!-hankkeen edustajat Sofia Virta ja Pinja Uutela vierailivat torstaina 16.11.2017 psykologian mielenterveyskurssilla kertomassa hankkeesta ja sen tavoitteista. Hankkeen tarkoitus on antaa tukea nuorille, joilla on kokemus siit\u00e4, kun l\u00e4heinen sairastaa psyykkisesti tai k\u00e4ytt\u00e4\u00e4 p\u00e4ihteit\u00e4 v\u00e4\u00e4rin. Apua voi hakea my\u00f6s omaan tilanteeseen liittyen.<\/p>\n<p><a href=\"https:\/\/blog.edu.turku.fi\/turunklassillinenlukio\/files\/2017\/11\/moip_vihr.jpg\"><img loading=\"lazy\" decoding=\"async\" class=\"alignnone size-medium wp-image-3524\" src=\"https:\/\/blog.edu.turku.fi\/turunklassillinenlukio\/files\/2017\/11\/moip_vihr-200x136.jpg\" alt=\"\" width=\"200\" height=\"136\" \/><\/a><br \/>\nMOIP!-hanke on <a href=\"http:\/\/www.vsfinfami.fi\/\">Varsinais-Suomen mielenterveysomaiset FinFami ry:n<\/a> ja <a href=\"http:\/\/www.omtsalo.fi\/\">Salon seudun FinFami ry:n<\/a> kumppanuushanke vuosille 2016 &#8211; 2018. Projektin rahoittajan toimii STEA.<\/p>\n<p>Kirjaimet MOIP! tulee hankkeen kokonimest\u00e4\u00a0&#8221;Mun omaiskokemuksesta inhimilliseksi p\u00e4\u00e4omaksi&#8221; ja sen tarkoituksena on nuorten aikuisten mielenterveys- ja\/tai p\u00e4ihdeomaisten yhteis\u00f6llisyyden ja osallisuuden sek\u00e4 ty\u00f6- ja koulutusmarkkina-aseman. \u00a0MOIPi!:n nettisivujen mukaan (<a href=\"http:\/\/www.moipfinfami.fi\/projekti\/\">http:\/\/www.moipfinfami.fi\/projekti\/<\/a>) hankkeella vahvistetaan kokemuksellisen oppimisen ja vertaistoiminnan avulla yhteis\u00f6\u00f6n liittymist\u00e4 sek\u00e4 osallisuutta lis\u00e4\u00e4m\u00e4ll\u00e4 nuorten itsetuntemusta ja voimavaroja.<\/p>\n","protected":false},"excerpt":{"rendered":"<p>MOIP!-hankkeen edustajat Sofia Virta ja Pinja Uutela vierailivat torstaina 16.11.2017 psykologian mielenterveyskurssilla kertomassa hankkeesta ja sen tavoitteista. Hankkeen tarkoitus on antaa tukea nuorille, joilla on kokemus siit\u00e4, kun l\u00e4heinen sairastaa psyykkisesti tai k\u00e4ytt\u00e4\u00e4 p\u00e4ihteit\u00e4 v\u00e4\u00e4rin. Apua voi hakea my\u00f6s omaan &hellip; <a href=\"https:\/\/blog.edu.turku.fi\/turunklassillinenlukio\/tapahtumat\/tapahtumia-lukuvuodelta-2017-2018\/moip-projekti-koulullamme-16-11-2017\/\">Lue loppuun <span class=\"meta-nav\">&rarr;<\/span><\/a><\/p>\n","protected":false},"author":1368,"featured_media":0,"parent":3265,"menu_order":0,"comment_status":"closed","ping_status":"closed","template":"","meta":{"footnotes":""},"class_list":["post-3523","page","type-page","status-publish","hentry"],"_links":{"self":[{"href":"https:\/\/blog.edu.turku.fi\/turunklassillinenlukio\/wp-json\/wp\/v2\/pages\/3523","targetHints":{"allow":["GET"]}}],"collection":[{"href":"https:\/\/blog.edu.turku.fi\/turunklassillinenlukio\/wp-json\/wp\/v2\/pages"}],"about":[{"href":"https:\/\/blog.edu.turku.fi\/turunklassillinenlukio\/wp-json\/wp\/v2\/types\/page"}],"author":[{"embeddable":true,"href":"https:\/\/blog.edu.turku.fi\/turunklassillinenlukio\/wp-json\/wp\/v2\/users\/1368"}],"replies":[{"embeddable":true,"href":"https:\/\/blog.edu.turku.fi\/turunklassillinenlukio\/wp-json\/wp\/v2\/comments?post=3523"}],"version-history":[{"count":1,"href":"https:\/\/blog.edu.turku.fi\/turunklassillinenlukio\/wp-json\/wp\/v2\/pages\/3523\/revisions"}],"predecessor-version":[{"id":3525,"href":"https:\/\/blog.edu.turku.fi\/turunklassillinenlukio\/wp-json\/wp\/v2\/pages\/3523\/revisions\/3525"}],"up":[{"embeddable":true,"href":"https:\/\/blog.edu.turku.fi\/turunklassillinenlukio\/wp-json\/wp\/v2\/pages\/3265"}],"wp:attachment":[{"href":"https:\/\/blog.edu.turku.fi\/turunklassillinenlukio\/wp-json\/wp\/v2\/media?parent=3523"}],"curies":[{"name":"wp","href":"https:\/\/api.w.org\/{rel}","templated":true}]}}