{"id":3506,"date":"2017-11-13T09:42:32","date_gmt":"2017-11-13T07:42:32","guid":{"rendered":"https:\/\/blog.edu.turku.fi\/turunklassillinenlukio\/?page_id=3506"},"modified":"2017-11-13T09:42:32","modified_gmt":"2017-11-13T07:42:32","slug":"esa-pekka-kanniainen-vierailee-koululla-7-11-2017","status":"publish","type":"page","link":"https:\/\/blog.edu.turku.fi\/turunklassillinenlukio\/tapahtumat\/tapahtumia-lukuvuodelta-2017-2018\/esa-pekka-kanniainen-vierailee-koululla-7-11-2017\/","title":{"rendered":"Esa-Pekka Kanniainen vierailee koululla 7.11.2017"},"content":{"rendered":"<p>Musiikkiterapeutti, musiikinopettaja Esa-Pekka Kanniainen esitteli musiikin ja psykologian ryhmille musiikkiterapian toimintatapoja ja niiden merkityst\u00e4 ihmisen kuntouttamisessa esim. dementikoilla, ADHD-h\u00e4iri\u00f6st\u00e4 k\u00e4rsivill\u00e4 ja vangeilla. H\u00e4n kertoi mm. musiikkiterapian k\u00e4yt\u00f6st\u00e4 Turun Saram\u00e4en vankilassa ja demonstroi opetustuokion.<\/p>\n<p>Esa-Pekka Kanniainen on opiskellut teologiaa \u00c5bo Akademissa. Nykyisin h\u00e4n on Kaarinalainen ja omaa l\u00e4hes kahdenkymmenen vuoden kokemuksen kriminaality\u00f6st\u00e4. Se on antanut h\u00e4nelle ainutlaatuisen n\u00e4k\u00f6alapaikan suomalaiseen rikollisuuteen. T\u00e4ll\u00e4 hetkell\u00e4 Kanniainen toimii musiikinohjaajana Turun vankilassa. Kanniainen on my\u00f6s kirjailija; h\u00e4n on kirjoittanut mm. kirjat Pime\u00e4 korpi, Turun vankilan musiikkitoiminta ja Rikos: 7 rikostarinaa.<\/p>\n","protected":false},"excerpt":{"rendered":"<p>Musiikkiterapeutti, musiikinopettaja Esa-Pekka Kanniainen esitteli musiikin ja psykologian ryhmille musiikkiterapian toimintatapoja ja niiden merkityst\u00e4 ihmisen kuntouttamisessa esim. dementikoilla, ADHD-h\u00e4iri\u00f6st\u00e4 k\u00e4rsivill\u00e4 ja vangeilla. H\u00e4n kertoi mm. musiikkiterapian k\u00e4yt\u00f6st\u00e4 Turun Saram\u00e4en vankilassa ja demonstroi opetustuokion. Esa-Pekka Kanniainen on opiskellut teologiaa \u00c5bo Akademissa. &hellip; <a href=\"https:\/\/blog.edu.turku.fi\/turunklassillinenlukio\/tapahtumat\/tapahtumia-lukuvuodelta-2017-2018\/esa-pekka-kanniainen-vierailee-koululla-7-11-2017\/\">Lue loppuun <span class=\"meta-nav\">&rarr;<\/span><\/a><\/p>\n","protected":false},"author":1368,"featured_media":0,"parent":3265,"menu_order":0,"comment_status":"closed","ping_status":"closed","template":"","meta":{"footnotes":""},"class_list":["post-3506","page","type-page","status-publish","hentry"],"_links":{"self":[{"href":"https:\/\/blog.edu.turku.fi\/turunklassillinenlukio\/wp-json\/wp\/v2\/pages\/3506","targetHints":{"allow":["GET"]}}],"collection":[{"href":"https:\/\/blog.edu.turku.fi\/turunklassillinenlukio\/wp-json\/wp\/v2\/pages"}],"about":[{"href":"https:\/\/blog.edu.turku.fi\/turunklassillinenlukio\/wp-json\/wp\/v2\/types\/page"}],"author":[{"embeddable":true,"href":"https:\/\/blog.edu.turku.fi\/turunklassillinenlukio\/wp-json\/wp\/v2\/users\/1368"}],"replies":[{"embeddable":true,"href":"https:\/\/blog.edu.turku.fi\/turunklassillinenlukio\/wp-json\/wp\/v2\/comments?post=3506"}],"version-history":[{"count":1,"href":"https:\/\/blog.edu.turku.fi\/turunklassillinenlukio\/wp-json\/wp\/v2\/pages\/3506\/revisions"}],"predecessor-version":[{"id":3507,"href":"https:\/\/blog.edu.turku.fi\/turunklassillinenlukio\/wp-json\/wp\/v2\/pages\/3506\/revisions\/3507"}],"up":[{"embeddable":true,"href":"https:\/\/blog.edu.turku.fi\/turunklassillinenlukio\/wp-json\/wp\/v2\/pages\/3265"}],"wp:attachment":[{"href":"https:\/\/blog.edu.turku.fi\/turunklassillinenlukio\/wp-json\/wp\/v2\/media?parent=3506"}],"curies":[{"name":"wp","href":"https:\/\/api.w.org\/{rel}","templated":true}]}}