{"id":3502,"date":"2017-11-10T09:41:53","date_gmt":"2017-11-10T07:41:53","guid":{"rendered":"https:\/\/blog.edu.turku.fi\/turunklassillinenlukio\/?page_id=3502"},"modified":"2017-11-10T09:41:53","modified_gmt":"2017-11-10T07:41:53","slug":"kauhugalleria-3-4-11-2017","status":"publish","type":"page","link":"https:\/\/blog.edu.turku.fi\/turunklassillinenlukio\/tapahtumat\/tapahtumia-lukuvuodelta-2017-2018\/kauhugalleria-3-4-11-2017\/","title":{"rendered":"Kauhugalleria 3.-4.11.2017"},"content":{"rendered":"<p><span class=\"_4n-j _3cht fsl\">Lukiossamme j\u00e4rjestettiin perjantaina 3.11. ja lauantaina 4.11. Kauhugalleria &#8211;\u00a0 jo perinteeksi muodostunut el\u00e4myskierros lukion kellarissa!<br \/>\n<a href=\"https:\/\/blog.edu.turku.fi\/turunklassillinenlukio\/files\/2014\/08\/Kauhugalleria-mainos-2017.jpg\"><img loading=\"lazy\" decoding=\"async\" class=\"alignnone size-medium wp-image-3469\" src=\"https:\/\/blog.edu.turku.fi\/turunklassillinenlukio\/files\/2014\/08\/Kauhugalleria-mainos-2017-232x300.jpg\" alt=\"\" width=\"232\" height=\"300\" \/><\/a><br \/>\n<\/span><span class=\"_4n-j _3cht fsl\">Opiskelijat suunnittelivat, k\u00e4sikirjoittivat, loivat ja n\u00e4ytteliv\u00e4t kaksi erillist\u00e4 kierrosta, joista toinen, Liisa ihmemaassa -kierros, oli tarkoitettu pienemmille vieraille ja toinen, Kauhuhotelli, v\u00e4h\u00e4n suuremmille. Perjantaina kierroksiin p\u00e4\u00e4siv\u00e4t tutustumaan koulun omat opiskelijat ja lauantai oli varattu kaikille muille halukkaille vierailijoille. Pikkukierroksella etsittiin palapelin osasia j\u00e4n\u00f6jussin johdatuksella ja isommalla kierroksella koettiin &#8221;hotelliin&#8221; majoittuneet kauheat velhot, noidat, hullut tiedemiehet ja vampyyrit l\u00e4hiet\u00e4isyydelt\u00e4. Lis\u00e4ksi lauantaina oli tarjolla kasvomaalausta, valokuvausta yhdess\u00e4 hirvi\u00f6iden ym. kanssa, karmea kahvila jne. Kierroksen hinta oli 4\u20ac ja p\u00e4iv\u00e4n kokonaistuotto meni lyhent\u00e4m\u00e4tt\u00f6m\u00e4n\u00e4 Nen\u00e4p\u00e4iv\u00e4ker\u00e4ykseen. Vuoden vaikuttavimman ja ihanimman halloween-tapahtuman k\u00e4vi lauantaina kokemassa l\u00e4hes 200 vierasta! Kiitos kaikille osallistuneille!<\/span><\/p>\n","protected":false},"excerpt":{"rendered":"<p>Lukiossamme j\u00e4rjestettiin perjantaina 3.11. ja lauantaina 4.11. Kauhugalleria &#8211;\u00a0 jo perinteeksi muodostunut el\u00e4myskierros lukion kellarissa! Opiskelijat suunnittelivat, k\u00e4sikirjoittivat, loivat ja n\u00e4ytteliv\u00e4t kaksi erillist\u00e4 kierrosta, joista toinen, Liisa ihmemaassa -kierros, oli tarkoitettu pienemmille vieraille ja toinen, Kauhuhotelli, v\u00e4h\u00e4n suuremmille. Perjantaina kierroksiin &hellip; <a href=\"https:\/\/blog.edu.turku.fi\/turunklassillinenlukio\/tapahtumat\/tapahtumia-lukuvuodelta-2017-2018\/kauhugalleria-3-4-11-2017\/\">Lue loppuun <span class=\"meta-nav\">&rarr;<\/span><\/a><\/p>\n","protected":false},"author":1368,"featured_media":0,"parent":3265,"menu_order":0,"comment_status":"closed","ping_status":"closed","template":"","meta":{"footnotes":""},"class_list":["post-3502","page","type-page","status-publish","hentry"],"_links":{"self":[{"href":"https:\/\/blog.edu.turku.fi\/turunklassillinenlukio\/wp-json\/wp\/v2\/pages\/3502","targetHints":{"allow":["GET"]}}],"collection":[{"href":"https:\/\/blog.edu.turku.fi\/turunklassillinenlukio\/wp-json\/wp\/v2\/pages"}],"about":[{"href":"https:\/\/blog.edu.turku.fi\/turunklassillinenlukio\/wp-json\/wp\/v2\/types\/page"}],"author":[{"embeddable":true,"href":"https:\/\/blog.edu.turku.fi\/turunklassillinenlukio\/wp-json\/wp\/v2\/users\/1368"}],"replies":[{"embeddable":true,"href":"https:\/\/blog.edu.turku.fi\/turunklassillinenlukio\/wp-json\/wp\/v2\/comments?post=3502"}],"version-history":[{"count":1,"href":"https:\/\/blog.edu.turku.fi\/turunklassillinenlukio\/wp-json\/wp\/v2\/pages\/3502\/revisions"}],"predecessor-version":[{"id":3503,"href":"https:\/\/blog.edu.turku.fi\/turunklassillinenlukio\/wp-json\/wp\/v2\/pages\/3502\/revisions\/3503"}],"up":[{"embeddable":true,"href":"https:\/\/blog.edu.turku.fi\/turunklassillinenlukio\/wp-json\/wp\/v2\/pages\/3265"}],"wp:attachment":[{"href":"https:\/\/blog.edu.turku.fi\/turunklassillinenlukio\/wp-json\/wp\/v2\/media?parent=3502"}],"curies":[{"name":"wp","href":"https:\/\/api.w.org\/{rel}","templated":true}]}}