{"id":3490,"date":"2017-11-09T09:31:15","date_gmt":"2017-11-09T07:31:15","guid":{"rendered":"https:\/\/blog.edu.turku.fi\/turunklassillinenlukio\/?page_id=3490"},"modified":"2017-11-09T09:34:37","modified_gmt":"2017-11-09T07:34:37","slug":"ipip-linnankatu-on-taidekatu-8-11-2018","status":"publish","type":"page","link":"https:\/\/blog.edu.turku.fi\/turunklassillinenlukio\/tapahtumat\/tapahtumia-lukuvuodelta-2017-2018\/ipip-linnankatu-on-taidekatu-8-11-2018\/","title":{"rendered":"IPIP &#8211; Linnankatu on taidekatu 8.11.2018"},"content":{"rendered":"<p><strong>Turun klassillinen lukio osallistui koko viikon kest\u00e4neeseen IPIP-tapahtumaan (In Public, In Particular) seuraavanlaisella ohjelmalla:<br \/>\n<a href=\"https:\/\/blog.edu.turku.fi\/turunklassillinenlukio\/files\/2014\/08\/etsusivu.jpg\"><img loading=\"lazy\" decoding=\"async\" class=\"alignnone size-medium wp-image-3436\" src=\"https:\/\/blog.edu.turku.fi\/turunklassillinenlukio\/files\/2014\/08\/etsusivu-146x300.jpg\" alt=\"\" width=\"146\" height=\"300\" srcset=\"https:\/\/blog.edu.turku.fi\/turunklassillinenlukio\/files\/2014\/08\/etsusivu-146x300.jpg 146w, https:\/\/blog.edu.turku.fi\/turunklassillinenlukio\/files\/2014\/08\/etsusivu.jpg 384w\" sizes=\"auto, (max-width: 146px) 100vw, 146px\" \/><\/a> <a href=\"https:\/\/blog.edu.turku.fi\/turunklassillinenlukio\/files\/2014\/08\/takasivu.jpg\"><img loading=\"lazy\" decoding=\"async\" class=\"alignnone size-medium wp-image-3437\" src=\"https:\/\/blog.edu.turku.fi\/turunklassillinenlukio\/files\/2014\/08\/takasivu-148x300.jpg\" alt=\"\" width=\"148\" height=\"300\" srcset=\"https:\/\/blog.edu.turku.fi\/turunklassillinenlukio\/files\/2014\/08\/takasivu-148x300.jpg 148w, https:\/\/blog.edu.turku.fi\/turunklassillinenlukio\/files\/2014\/08\/takasivu.jpg 391w\" sizes=\"auto, (max-width: 148px) 100vw, 148px\" \/><\/a><br \/>\n<\/strong><\/p>\n<ul>\n<li>klo 12.00-12.10 Alkupuhe keskusradion kautta, joka kuului my\u00f6s ulos<\/li>\n<li>klo 12.10-12.30 KUUNNELMIA, (joita oli mahdollisuus kuunnella my\u00f6s Turun busseissa koko p\u00e4iv\u00e4n) 2-3 kpl kuunnelmia koulun pihalla fleece-peittojen ja gl\u00f6gin l\u00e4mmitt\u00e4ess\u00e4 kuuntelijoita<\/li>\n<li>klo 12.30-13.00 Aitamatka, eli kadun kulkijoilla oli mahdollisuus ottaa jutustelukaveri viereens\u00e4 koulun aitamatkaksi. Samaan aikaan oli mahdollista k\u00e4yd\u00e4 tutustumassa Teatterin tyylilajeja k\u00e4sittelev\u00e4\u00e4n oppituntiin.\n<ul>\n<li><em>AITAMATKA: Klassillisen lukion opiskelijat liftasivat jalankulkijoiden kyytiin koulun aidan pituisen matkan ajaksi.\u00a0 Tarkoituksena oli jakaa hetki ventovieraan ihmisen kanssa. Liftaajan kyytiin ottamisella saattaa synty\u00e4 uusia t\u00e4ysin odottamattomia kohtaamisia!<br \/>\n<\/em><\/li>\n<\/ul>\n<\/li>\n<li>klo 13.00-13.20 Maisemakuvia<\/li>\n<li>klo 13.20-13.45 KUUNNELMIA 2-3 kpl<\/li>\n<li>klo 13.45-14.15 MUOTOKUVA-ALUE: valokuvakurssilaiset ottivat muotokuvia ja opiskelijat kirjoittivat malleistaan muotokuvarunoja. Samaan aikaan oli mahdollista k\u00e4yd\u00e4 tutustumassa N\u00e4yttelij\u00e4nty\u00f6-kurssin \u201ddemotuntiin\u201d<\/li>\n<li>klo 14.15-14.30 LYH\u00c4RIT: Koulun pihaan pystytetyss\u00e4 leffateltassa esitettiin 6 kpl lyhytelokuvia fleece-peittojen ja gl\u00f6gin l\u00e4mmitt\u00e4ess\u00e4 katsojia<\/li>\n<li>Lis\u00e4ksi tarjolla oli tanssi-improa, koulun ala-aulan ikkunoissa valokuvakurssien kuvia sek\u00e4 taideteokseksi muuttunutta koulumme aitaa.<\/li>\n<\/ul>\n<p>Lue lis\u00e4\u00e4, katso kuvia ja videoita Facebookissa: <a href=\"https:\/\/www.facebook.com\/turunklassillinenlukio\/\">https:\/\/www.facebook.com\/turunklassillinenlukio\/<\/a><\/p>\n","protected":false},"excerpt":{"rendered":"<p>Turun klassillinen lukio osallistui koko viikon kest\u00e4neeseen IPIP-tapahtumaan (In Public, In Particular) seuraavanlaisella ohjelmalla: klo 12.00-12.10 Alkupuhe keskusradion kautta, joka kuului my\u00f6s ulos klo 12.10-12.30 KUUNNELMIA, (joita oli mahdollisuus kuunnella my\u00f6s Turun busseissa koko p\u00e4iv\u00e4n) 2-3 kpl kuunnelmia koulun pihalla &hellip; <a href=\"https:\/\/blog.edu.turku.fi\/turunklassillinenlukio\/tapahtumat\/tapahtumia-lukuvuodelta-2017-2018\/ipip-linnankatu-on-taidekatu-8-11-2018\/\">Lue loppuun <span class=\"meta-nav\">&rarr;<\/span><\/a><\/p>\n","protected":false},"author":1368,"featured_media":0,"parent":3265,"menu_order":0,"comment_status":"closed","ping_status":"closed","template":"","meta":{"footnotes":""},"class_list":["post-3490","page","type-page","status-publish","hentry"],"_links":{"self":[{"href":"https:\/\/blog.edu.turku.fi\/turunklassillinenlukio\/wp-json\/wp\/v2\/pages\/3490","targetHints":{"allow":["GET"]}}],"collection":[{"href":"https:\/\/blog.edu.turku.fi\/turunklassillinenlukio\/wp-json\/wp\/v2\/pages"}],"about":[{"href":"https:\/\/blog.edu.turku.fi\/turunklassillinenlukio\/wp-json\/wp\/v2\/types\/page"}],"author":[{"embeddable":true,"href":"https:\/\/blog.edu.turku.fi\/turunklassillinenlukio\/wp-json\/wp\/v2\/users\/1368"}],"replies":[{"embeddable":true,"href":"https:\/\/blog.edu.turku.fi\/turunklassillinenlukio\/wp-json\/wp\/v2\/comments?post=3490"}],"version-history":[{"count":3,"href":"https:\/\/blog.edu.turku.fi\/turunklassillinenlukio\/wp-json\/wp\/v2\/pages\/3490\/revisions"}],"predecessor-version":[{"id":3493,"href":"https:\/\/blog.edu.turku.fi\/turunklassillinenlukio\/wp-json\/wp\/v2\/pages\/3490\/revisions\/3493"}],"up":[{"embeddable":true,"href":"https:\/\/blog.edu.turku.fi\/turunklassillinenlukio\/wp-json\/wp\/v2\/pages\/3265"}],"wp:attachment":[{"href":"https:\/\/blog.edu.turku.fi\/turunklassillinenlukio\/wp-json\/wp\/v2\/media?parent=3490"}],"curies":[{"name":"wp","href":"https:\/\/api.w.org\/{rel}","templated":true}]}}