{"id":3465,"date":"2017-11-01T11:41:07","date_gmt":"2017-11-01T09:41:07","guid":{"rendered":"https:\/\/blog.edu.turku.fi\/turunklassillinenlukio\/?page_id=3465"},"modified":"2017-11-01T13:31:03","modified_gmt":"2017-11-01T11:31:03","slug":"teatteridiplomit-14-15-11-2017","status":"publish","type":"page","link":"https:\/\/blog.edu.turku.fi\/turunklassillinenlukio\/tapahtumat\/tapahtumia-lukuvuodelta-2017-2018\/teatteridiplomit-14-15-11-2017\/","title":{"rendered":"Teatteridiplomit 14.-15.11.2017"},"content":{"rendered":"<p><span class=\"_4n-j _3cht fsl\">Turun klassILLInen lukio on yksi kolmesta valtakunnallisesta ilmaisun erityislukioista. T\u00e4n\u00e4 vuonna 14 ilmaisulinjan abiturienttia suorittavat teatterin lukiodiplomin viidess\u00e4 diplomiesityksess\u00e4 ja diplomeja tehd\u00e4\u00e4n ohjaajan-, ja n\u00e4yttelij\u00e4nty\u00f6n sek\u00e4 valo-ja \u00e4\u00e4nisuunnittelun alueilta.<\/span><\/p>\n<p>Diplomity\u00f6t ovat mainio kurkistusikkuna siihen, millaisena abiturientit kokevat ymp\u00e4r\u00f6iv\u00e4n maailman juuri nyt!<\/p>\n<p>VARAA OMA PAIKKASI ETUK\u00c4TEEN S\u00c4HK\u00d6POSTITSE:<br \/>\nvaraukset.tuklu@gmail.com. Paikkoja on rajoitetusti ja nopeat sy\u00f6v\u00e4t hitaat. Varmista paikkasi ajoissa! My\u00f6s kenraaliesitysten paikat tulee varata etuk\u00e4teen.<br \/>\nEsitykset ovat maksuttomia.<\/p>\n<p>Pid\u00e4t\u00e4mme oikeudet muutoksiin.<\/p>\n<p><strong>DIPLOMIKATSELMUS<\/strong><\/p>\n<p><strong>la 18.11.<\/strong><br \/>\nklo 10.45 katselmuksen avaus 2. kerroksen aulassa<\/p>\n<p>klo 11.00-11.30 illiluokka: Keinottelua<br \/>\nPaten talous romahtaa. El\u00e4m\u00e4 alkaa s\u00e4r\u00f6ill\u00e4. Yht\u00e4kki\u00e4 Patella ei olekaan perheest\u00e4\u00e4n sellaista vastuuta, johon h\u00e4n on tottunut. H\u00e4n alkaa huomata, ettei h\u00e4nell\u00e4 ole en\u00e4\u00e4 mahdollisuuksia vaikuttaa asioihinsa. Voimattomuuteensa turhautuneena Pate yritt\u00e4\u00e4 k\u00e4\u00e4nt\u00e4\u00e4 el\u00e4m\u00e4ns\u00e4 suunnan mutta onko se mahdollista?<br \/>\nTeatteridiplomiesitys k\u00e4sittelee taloudellista ep\u00e4tasa-arvoa Paten tarinan kautta.<br \/>\nDiplomi: Niki Rajalampi<\/p>\n<p>klo 11.45-12.15 kellari: Broken heart story<br \/>\nJos saisit valita<br \/>\nomistautuisitko taiteelle vai rakkaudelle?<br \/>\nSinun olisi pakko ottaa vain toinen<br \/>\nja toista et saisi.<br \/>\nOsaatko neuvoa?<br \/>\nKuvaus ihmisest\u00e4 halujen ja tavoitteiden ristiriidassa. Sis\u00e4lt\u00e4\u00e4 kapitalismia, kuolemaa, ketsuppia, sis\u00e4elimi\u00e4, rakkautta ja rikkin\u00e4isen min\u00e4kuvan. Esitys koostuu palasista, jotka on otettu Saara Turusen n\u00e4ytelm\u00e4st\u00e4 Broken Heart Story.<br \/>\nK\u00e4sikirjoitus:<br \/>\nSaara Turunen<br \/>\nOhjaus:<br \/>\nLinnea Lindgren (ohjaajanty\u00f6n diplomi)<br \/>\nLavalla:<br \/>\nReeta Manninen (n\u00e4yttelij\u00e4nty\u00f6n diplomi), Mona Ojala (n\u00e4yttelij\u00e4nty\u00f6n diplomi), Touko Miikkulainen ja Anni Vainio<br \/>\nValosuunnittelu ja tekniikka:<br \/>\nVilja Etel\u00e4koski<\/p>\n<p>klo 12.45-13.15 illiluokka: Jotain hiihdosta<br \/>\nN\u00e4ytelm\u00e4 hiihdosta, suomalaisuudesta, perheest\u00e4, valinnoista, Eino Leinon runosta, sek\u00e4 siit\u00e4, mik\u00e4 maailmassa todella on pysyv\u00e4\u00e4.<br \/>\n&#8221;Nojuu. Hiihtokomedia. Hiihtohommia. Hiihdosta.&#8221;<br \/>\nOhjaus &amp; k\u00e4sikirjoitus:<br \/>\nPepe Hakala (ohjaajanty\u00f6n diplomi)<br \/>\nLavalla:<br \/>\nMikko Liimatainen, Sofia Valtonen (n\u00e4yttelij\u00e4nty\u00f6n diplomi), Mathias Sihvola, Eppu Meri\u00f6 ja V\u00e4in\u00f6 Saarinen<br \/>\nValot ja \u00e4\u00e4net:<br \/>\nW\u00e4in\u00f6 Vaitomaa<\/p>\n<p><strong>su 19.11.<\/strong><br \/>\nklo 10.00-10.30 illiluokka. Sisimm\u00e4n sota:<br \/>\n&#8221;Kuinka palava tunne se onkaan, kun s\u00e4ttii yht\u00e4 ja tekee itse toista. Mutta jos minulta kysyt\u00e4\u00e4n, tein oikein. Tein aivan oikein&#8221;<br \/>\nSisimm\u00e4n sota -teatteridiplomi on n\u00e4ytelm\u00e4, joka k\u00e4sittelee syyllisyytt\u00e4 rikkin\u00e4isen perheen silmin. Diplomia mahtuu katsomaan 50 henke\u00e4, joten varaathan lippusi ajoissa s\u00e4hk\u00f6postilla varaukset.tuklu@gmail.com!<br \/>\nOhjaus:<br \/>\nEnni Eerik\u00e4inen (ohjaajanty\u00f6n diplomi)<br \/>\nK\u00e4sikirjoitus:<br \/>\nEnni Eerik\u00e4inen, Hanna Tarima<br \/>\nN\u00e4yttelij\u00e4t:<br \/>\nOuti Keto-Tokoi (n\u00e4yttelij\u00e4nty\u00f6n diplomi), Katja Penttil\u00e4 (n\u00e4yttelij\u00e4nty\u00f6n diplomi), Nika R\u00e4m\u00e4 ja Robert Kinnunen<\/p>\n<p>klo 10.45-11.15 kellari: Miss\u00e4 min\u00e4 el\u00e4n?<br \/>\n&#8221;Se on aina vaikeaa. Aina ja kaikille. Et sin\u00e4 ole mik\u00e4\u00e4n poikkeus.&#8221;<br \/>\nMiss\u00e4 min\u00e4 el\u00e4n? Miss\u00e4 minun kuuluisi el\u00e4\u00e4? Miten minun pit\u00e4isi el\u00e4\u00e4?<br \/>\n\u00c4l\u00e4 usko mit\u00e4\u00e4n mit\u00e4 n\u00e4et, mutta ilmastonmuutos tulee ja aika loppuu. Ilmakeh\u00e4 repe\u00e4\u00e4 ja mets\u00e4 palaa pois.<br \/>\nVoiko itsens\u00e4 l\u00f6yt\u00e4\u00e4?<br \/>\nOhjaus: Karoliina Vuorinen (ohjauksen diplomi)<br \/>\nTeksti: Jenna Viikki<br \/>\nS\u00e4vellys: Onerva Leino<br \/>\nTekniikka: Eetu Nummelin (valo-ja \u00e4\u00e4nisuunnitteludiplomi)<br \/>\nLavalla:<br \/>\nJenny Karlsson (n\u00e4yttelij\u00e4nty\u00f6n diplomi), Onerva Leino (n\u00e4yttelij\u00e4nty\u00f6n diplomi) ja Jenna Viikki (n\u00e4yttelij\u00e4nty\u00f6n diplomi)<\/p>\n<p><strong>Kenraalit:<\/strong><br \/>\n<strong>ti 14.11.<\/strong><br \/>\n14.30-15.00 kellari: Broken heart story<br \/>\n15.15-15.45 illiluokka: Keinottelijat<\/p>\n<p><strong>ke 15.11.<\/strong><br \/>\n14.30-15.00 kellari: Miss\u00e4 min\u00e4 el\u00e4n?<br \/>\n15.15-15.45 illiluokka: Jotain hiihdosta<\/p>\n<p><strong>to 16.11.<\/strong><br \/>\n14.30-15.00 illiluokka: Sisimm\u00e4n sota<\/p>\n<p><strong>Lis\u00e4esitykset:<\/strong><br \/>\n20.11. 16.30-17.00 kellari: Broken heart story<br \/>\n20.11. 17.10-17.40 illiluokka: Keinottelijat<br \/>\n21.11. 15.00-15.30 kellari: Broken heart story<br \/>\n23.11. 16.30-17.00 kellari: Miss\u00e4 min\u00e4 el\u00e4n?<br \/>\n27.11. 16.30-17.00 illiluokka: Jotain hiihdosta<br \/>\n27.11. 17.10-17.40 kellari: Broken heart story<br \/>\n30.11. 16.30-17.00 illiluokka: Sisimm\u00e4n sota<br \/>\n30.11. 17.10-17.40 kellari: Miss\u00e4 min\u00e4 el\u00e4n?<br \/>\n1.12. 16.30-17.00 illiluokka: Sisismm\u00e4n sota<br \/>\n1.12. 17.10-17.40 kellari: Miss\u00e4 min\u00e4 el\u00e4n?<br \/>\n1.12. 18.00-18.30 illiluokka: Jotain hiihdosta<br \/>\n1.12. 19.00-19.30 illiluokka: Jotain hiihdosta<\/p>\n<p>Alla linkkej\u00e4 esitysten omiin tapahtumasivuihin:<br \/>\nBroken heart story:<br \/>\n<a href=\"https:\/\/www.facebook.com\/events\/362805077497891\/\" rel=\"nofollow\">https:\/\/www.facebook.com\/events\/362805077497891\/<\/a><br \/>\nJotain hiihdosta:<br \/>\n<a href=\"https:\/\/www.facebook.com\/events\/845874348926229\/\" rel=\"nofollow\">https:\/\/www.facebook.com\/events\/845874348926229\/<\/a><br \/>\nMiss\u00e4 min\u00e4 el\u00e4n?:<br \/>\n<a href=\"https:\/\/www.facebook.com\/events\/1462875590486900\/\" rel=\"nofollow\">https:\/\/www.facebook.com\/events\/1462875590486900\/<\/a><\/p>\n","protected":false},"excerpt":{"rendered":"<p>Turun klassILLInen lukio on yksi kolmesta valtakunnallisesta ilmaisun erityislukioista. T\u00e4n\u00e4 vuonna 14 ilmaisulinjan abiturienttia suorittavat teatterin lukiodiplomin viidess\u00e4 diplomiesityksess\u00e4 ja diplomeja tehd\u00e4\u00e4n ohjaajan-, ja n\u00e4yttelij\u00e4nty\u00f6n sek\u00e4 valo-ja \u00e4\u00e4nisuunnittelun alueilta. Diplomity\u00f6t ovat mainio kurkistusikkuna siihen, millaisena abiturientit kokevat ymp\u00e4r\u00f6iv\u00e4n maailman juuri &hellip; <a href=\"https:\/\/blog.edu.turku.fi\/turunklassillinenlukio\/tapahtumat\/tapahtumia-lukuvuodelta-2017-2018\/teatteridiplomit-14-15-11-2017\/\">Lue loppuun <span class=\"meta-nav\">&rarr;<\/span><\/a><\/p>\n","protected":false},"author":1368,"featured_media":0,"parent":3265,"menu_order":0,"comment_status":"closed","ping_status":"closed","template":"","meta":{"footnotes":""},"class_list":["post-3465","page","type-page","status-publish","hentry"],"_links":{"self":[{"href":"https:\/\/blog.edu.turku.fi\/turunklassillinenlukio\/wp-json\/wp\/v2\/pages\/3465","targetHints":{"allow":["GET"]}}],"collection":[{"href":"https:\/\/blog.edu.turku.fi\/turunklassillinenlukio\/wp-json\/wp\/v2\/pages"}],"about":[{"href":"https:\/\/blog.edu.turku.fi\/turunklassillinenlukio\/wp-json\/wp\/v2\/types\/page"}],"author":[{"embeddable":true,"href":"https:\/\/blog.edu.turku.fi\/turunklassillinenlukio\/wp-json\/wp\/v2\/users\/1368"}],"replies":[{"embeddable":true,"href":"https:\/\/blog.edu.turku.fi\/turunklassillinenlukio\/wp-json\/wp\/v2\/comments?post=3465"}],"version-history":[{"count":5,"href":"https:\/\/blog.edu.turku.fi\/turunklassillinenlukio\/wp-json\/wp\/v2\/pages\/3465\/revisions"}],"predecessor-version":[{"id":3477,"href":"https:\/\/blog.edu.turku.fi\/turunklassillinenlukio\/wp-json\/wp\/v2\/pages\/3465\/revisions\/3477"}],"up":[{"embeddable":true,"href":"https:\/\/blog.edu.turku.fi\/turunklassillinenlukio\/wp-json\/wp\/v2\/pages\/3265"}],"wp:attachment":[{"href":"https:\/\/blog.edu.turku.fi\/turunklassillinenlukio\/wp-json\/wp\/v2\/media?parent=3465"}],"curies":[{"name":"wp","href":"https:\/\/api.w.org\/{rel}","templated":true}]}}