{"id":3449,"date":"2017-10-31T10:26:35","date_gmt":"2017-10-31T08:26:35","guid":{"rendered":"https:\/\/blog.edu.turku.fi\/turunklassillinenlukio\/?page_id=3449"},"modified":"2018-01-10T13:37:10","modified_gmt":"2018-01-10T11:37:10","slug":"kirjailija-tuomas-muraja-vierailulla-30-11-2017","status":"publish","type":"page","link":"https:\/\/blog.edu.turku.fi\/turunklassillinenlukio\/tapahtumat\/tapahtumia-lukuvuodelta-2017-2018\/kirjailija-tuomas-muraja-vierailulla-30-11-2017\/","title":{"rendered":"Kirjailija Tuomas Muraja vierailulla 30.11.2017"},"content":{"rendered":"<p>Suomen tietokirjailijat ry rahoittaa joka kev\u00e4t ja joka syksy 20 tietokirjailijan vierailut eri puolilla Suomea sijaitseviin lukioihin. Lukiot voivat toivoa l\u00e4hetetylt\u00e4 listalta tietokirjailijaa vierailulle omaan kouluunsa. Erityisen hyv\u00e4t perustelut saattavat vaikuttaa lopputulokseen.<\/p>\n<p>L\u00e4hetimme hakemuksen ja toiveenamme oli kirjailija Tuomas Murajan saaminen koulullemme esiintym\u00e4\u00e4n. Onni oli my\u00f6t\u00e4 ja saimme h\u00e4net koulullemme torstaina 30.11.2017. H\u00e4nt\u00e4 kuulemassa olivat k\u00e4yt\u00e4nn\u00f6ss\u00e4 kaikki toisen vuoden opiskelijat.<a href=\"https:\/\/blog.edu.turku.fi\/turunklassillinenlukio\/files\/2017\/10\/muraja.jpg\"><img loading=\"lazy\" decoding=\"async\" class=\" wp-image-3640 alignleft\" src=\"https:\/\/blog.edu.turku.fi\/turunklassillinenlukio\/files\/2017\/10\/muraja-196x300.jpg\" alt=\"\" width=\"119\" height=\"182\" srcset=\"https:\/\/blog.edu.turku.fi\/turunklassillinenlukio\/files\/2017\/10\/muraja-196x300.jpg 196w, https:\/\/blog.edu.turku.fi\/turunklassillinenlukio\/files\/2017\/10\/muraja.jpg 628w\" sizes=\"auto, (max-width: 119px) 100vw, 119px\" \/><\/a><\/p>\n<p>Kirjailija Tuomas Muraja on ty\u00f6skennellyt mm. Turun Sanomien ulkomaantoimittajana ja EU-kirjeenvaihtajana Brysseliss\u00e4. H\u00e4n palveli tiedotusupseerina Suomen Kfor-pataljoonassa Kosovossa sek\u00e4 Isaf-joukoissa Afganistanissa. H\u00e4n on kirjoittanut mm. kirjat S-O. Fagerstr\u00f6m \u2013 sotilaspojasta yritt\u00e4j\u00e4ksi, maailmanmestariksi ja neuvokseksi, Sotilaana Afganistanissa sek\u00e4 Faktat tiskiin!: Suomalaisen faktantarkistuksen k\u00e4sikirja, jolle my\u00f6nnettiin Bonnierin journalistipalkinto Vuoden journalistisena tekona 2014. Muraja oli yksi kirjan kirjoittaneen ty\u00f6ryhm\u00e4n j\u00e4senist\u00e4.<\/p>\n","protected":false},"excerpt":{"rendered":"<p>Suomen tietokirjailijat ry rahoittaa joka kev\u00e4t ja joka syksy 20 tietokirjailijan vierailut eri puolilla Suomea sijaitseviin lukioihin. Lukiot voivat toivoa l\u00e4hetetylt\u00e4 listalta tietokirjailijaa vierailulle omaan kouluunsa. Erityisen hyv\u00e4t perustelut saattavat vaikuttaa lopputulokseen. L\u00e4hetimme hakemuksen ja toiveenamme oli kirjailija Tuomas Murajan &hellip; <a href=\"https:\/\/blog.edu.turku.fi\/turunklassillinenlukio\/tapahtumat\/tapahtumia-lukuvuodelta-2017-2018\/kirjailija-tuomas-muraja-vierailulla-30-11-2017\/\">Lue loppuun <span class=\"meta-nav\">&rarr;<\/span><\/a><\/p>\n","protected":false},"author":1368,"featured_media":0,"parent":3265,"menu_order":0,"comment_status":"closed","ping_status":"closed","template":"","meta":{"footnotes":""},"class_list":["post-3449","page","type-page","status-publish","hentry"],"_links":{"self":[{"href":"https:\/\/blog.edu.turku.fi\/turunklassillinenlukio\/wp-json\/wp\/v2\/pages\/3449","targetHints":{"allow":["GET"]}}],"collection":[{"href":"https:\/\/blog.edu.turku.fi\/turunklassillinenlukio\/wp-json\/wp\/v2\/pages"}],"about":[{"href":"https:\/\/blog.edu.turku.fi\/turunklassillinenlukio\/wp-json\/wp\/v2\/types\/page"}],"author":[{"embeddable":true,"href":"https:\/\/blog.edu.turku.fi\/turunklassillinenlukio\/wp-json\/wp\/v2\/users\/1368"}],"replies":[{"embeddable":true,"href":"https:\/\/blog.edu.turku.fi\/turunklassillinenlukio\/wp-json\/wp\/v2\/comments?post=3449"}],"version-history":[{"count":5,"href":"https:\/\/blog.edu.turku.fi\/turunklassillinenlukio\/wp-json\/wp\/v2\/pages\/3449\/revisions"}],"predecessor-version":[{"id":3641,"href":"https:\/\/blog.edu.turku.fi\/turunklassillinenlukio\/wp-json\/wp\/v2\/pages\/3449\/revisions\/3641"}],"up":[{"embeddable":true,"href":"https:\/\/blog.edu.turku.fi\/turunklassillinenlukio\/wp-json\/wp\/v2\/pages\/3265"}],"wp:attachment":[{"href":"https:\/\/blog.edu.turku.fi\/turunklassillinenlukio\/wp-json\/wp\/v2\/media?parent=3449"}],"curies":[{"name":"wp","href":"https:\/\/api.w.org\/{rel}","templated":true}]}}