{"id":3415,"date":"2017-10-30T12:44:08","date_gmt":"2017-10-30T10:44:08","guid":{"rendered":"https:\/\/blog.edu.turku.fi\/turunklassillinenlukio\/?page_id=3415"},"modified":"2017-10-30T12:44:08","modified_gmt":"2017-10-30T10:44:08","slug":"univiikko-23-27-10-2017","status":"publish","type":"page","link":"https:\/\/blog.edu.turku.fi\/turunklassillinenlukio\/tapahtumat\/tapahtumia-lukuvuodelta-2017-2018\/univiikko-23-27-10-2017\/","title":{"rendered":"Univiikko 23.-27.10.2017"},"content":{"rendered":"<p class=\"_5x46\">Lukiossamme vietettiin viikolla 43 univiikkoa ja jokaiselle p\u00e4iv\u00e4lle oli rakennettu jotain aiheeseen liittyv\u00e4\u00e4.<\/p>\n<p><strong>Maanantaina 23.10<\/strong>. opiskelijoille jaettiin unip\u00e4iv\u00e4kirjoja.<br \/>\n<strong> Tiistaina 24.10.<\/strong> professori Paula Salon piti luennon otsikolla &#8221;Miksi nukkuminen on kuin laittaisi rahaa pankkiin&#8221;.<br \/>\n<strong> Keskiviikkona 25.10.<\/strong> opiskelijoilla oli mahdollisuus osallistua erilaisiin liikkumistempauksiin; spinning, tanssi, jalkapallo, pihapelit, &#8230;<br \/>\n<strong> Torstaina 26.10.<\/strong> unip\u00e4iv\u00e4kirjat ker\u00e4ttiin takaisin ja<span class=\"text_exposed_show\"> tehtiin yhteenveto. Lis\u00e4ksi kouluterveydenhoitaja, koulupsykologi ja koulukuraattori pitiv\u00e4t &#8221;unipajaa&#8221; 2. kerroksen aulassa, antoivat vinkkej\u00e4 ja vastasivat kysymyksiin. Unip\u00e4iv\u00e4kirjojen palauttaneet osallistuivat my\u00f6s arvontaan, jossa palkintoina oli tyynysettej\u00e4, kiitos niist\u00e4 kuuluu <a href=\"http:\/\/www.delux.fi\/\" target=\"_blank\" rel=\"nofollow noopener\">http:\/\/www.delux.fi\/<\/a>. Onnetar suosi t\u00e4ll\u00e4 kertaa seuraavia opiskelijoita: Helmi Anttila 15D, Erica Costiander 16A ja Toni Pohjalainen 17F. Onneksi olkoon!<br \/>\n<strong> Perjantaina 27.10.<\/strong> j\u00e4rjestettiin 3 rentoutumispajaa, joissa ohjaajana toimi Hedco Oy:st\u00e4 psykoterapeutti Anita Hedman. Lis\u00e4ksi opiskelijakunnan hallitus j\u00e4rjesti aiheeseen sopivan teemapukeutumisp\u00e4iv\u00e4n.<\/span><\/p>\n","protected":false},"excerpt":{"rendered":"<p>Lukiossamme vietettiin viikolla 43 univiikkoa ja jokaiselle p\u00e4iv\u00e4lle oli rakennettu jotain aiheeseen liittyv\u00e4\u00e4. Maanantaina 23.10. opiskelijoille jaettiin unip\u00e4iv\u00e4kirjoja. Tiistaina 24.10. professori Paula Salon piti luennon otsikolla &#8221;Miksi nukkuminen on kuin laittaisi rahaa pankkiin&#8221;. Keskiviikkona 25.10. opiskelijoilla oli mahdollisuus osallistua erilaisiin &hellip; <a href=\"https:\/\/blog.edu.turku.fi\/turunklassillinenlukio\/tapahtumat\/tapahtumia-lukuvuodelta-2017-2018\/univiikko-23-27-10-2017\/\">Lue loppuun <span class=\"meta-nav\">&rarr;<\/span><\/a><\/p>\n","protected":false},"author":1368,"featured_media":0,"parent":3265,"menu_order":0,"comment_status":"closed","ping_status":"closed","template":"","meta":{"footnotes":""},"class_list":["post-3415","page","type-page","status-publish","hentry"],"_links":{"self":[{"href":"https:\/\/blog.edu.turku.fi\/turunklassillinenlukio\/wp-json\/wp\/v2\/pages\/3415","targetHints":{"allow":["GET"]}}],"collection":[{"href":"https:\/\/blog.edu.turku.fi\/turunklassillinenlukio\/wp-json\/wp\/v2\/pages"}],"about":[{"href":"https:\/\/blog.edu.turku.fi\/turunklassillinenlukio\/wp-json\/wp\/v2\/types\/page"}],"author":[{"embeddable":true,"href":"https:\/\/blog.edu.turku.fi\/turunklassillinenlukio\/wp-json\/wp\/v2\/users\/1368"}],"replies":[{"embeddable":true,"href":"https:\/\/blog.edu.turku.fi\/turunklassillinenlukio\/wp-json\/wp\/v2\/comments?post=3415"}],"version-history":[{"count":3,"href":"https:\/\/blog.edu.turku.fi\/turunklassillinenlukio\/wp-json\/wp\/v2\/pages\/3415\/revisions"}],"predecessor-version":[{"id":3444,"href":"https:\/\/blog.edu.turku.fi\/turunklassillinenlukio\/wp-json\/wp\/v2\/pages\/3415\/revisions\/3444"}],"up":[{"embeddable":true,"href":"https:\/\/blog.edu.turku.fi\/turunklassillinenlukio\/wp-json\/wp\/v2\/pages\/3265"}],"wp:attachment":[{"href":"https:\/\/blog.edu.turku.fi\/turunklassillinenlukio\/wp-json\/wp\/v2\/media?parent=3415"}],"curies":[{"name":"wp","href":"https:\/\/api.w.org\/{rel}","templated":true}]}}