{"id":3407,"date":"2017-10-24T13:41:45","date_gmt":"2017-10-24T10:41:45","guid":{"rendered":"https:\/\/blog.edu.turku.fi\/turunklassillinenlukio\/?page_id=3407"},"modified":"2017-10-24T13:47:55","modified_gmt":"2017-10-24T10:47:55","slug":"tie-your-camel-teatteriesitys-24-10-2017","status":"publish","type":"page","link":"https:\/\/blog.edu.turku.fi\/turunklassillinenlukio\/tapahtumat\/tapahtumia-lukuvuodelta-2017-2018\/tie-your-camel-teatteriesitys-24-10-2017\/","title":{"rendered":"Tie Your Camel -teatteriesitys 24.10.2017"},"content":{"rendered":"<p>Noin kolmasosa opiskelijoistamme p\u00e4\u00e4si nauttimaan Tove Appelgrenin ohjaamasta ja k\u00e4sikirjoittamasta esityksesta Tie Your Camel. Esitys kertoi aikuiseksi kasvamisesta ja siit\u00e4, miten niin kovin nuorena pit\u00e4\u00e4 valita niin monista tulevaisuuden vaihtoehdoista. Mist\u00e4 voi tiet\u00e4\u00e4 mik\u00e4 on oikein? Esitys tarttui hienosti kiinni my\u00f6s muukalaisvihaan ja kyvytt\u00f6myyteen n\u00e4hd\u00e4 l\u00e4himm\u00e4iset positiivisena voimavarana.<\/p>\n<p>Esityksen mahdollisti Kiertueteatteri Taimine n\u00e4yttelij\u00f6iden CG Wentzel ja Mikael Str\u00f6mberg voimalla.<br \/>\n<a href=\"https:\/\/blog.edu.turku.fi\/turunklassillinenlukio\/files\/2017\/10\/tie-your-camel11.jpg\"><img loading=\"lazy\" decoding=\"async\" class=\"alignnone size-medium wp-image-3409\" src=\"https:\/\/blog.edu.turku.fi\/turunklassillinenlukio\/files\/2017\/10\/tie-your-camel11-300x296.jpg\" alt=\"\" width=\"300\" height=\"296\" \/><\/a><br \/>\nLis\u00e4tietoa esityksest\u00e4 saat lataamalla seuraavan esitteen: <a href=\"https:\/\/blog.edu.turku.fi\/turunklassillinenlukio\/files\/2017\/10\/Tie_Your_Camel_FI1.pdf\">Tie_Your_Camel<\/a><\/p>\n","protected":false},"excerpt":{"rendered":"<p>Noin kolmasosa opiskelijoistamme p\u00e4\u00e4si nauttimaan Tove Appelgrenin ohjaamasta ja k\u00e4sikirjoittamasta esityksesta Tie Your Camel. Esitys kertoi aikuiseksi kasvamisesta ja siit\u00e4, miten niin kovin nuorena pit\u00e4\u00e4 valita niin monista tulevaisuuden vaihtoehdoista. Mist\u00e4 voi tiet\u00e4\u00e4 mik\u00e4 on oikein? Esitys tarttui hienosti kiinni &hellip; <a href=\"https:\/\/blog.edu.turku.fi\/turunklassillinenlukio\/tapahtumat\/tapahtumia-lukuvuodelta-2017-2018\/tie-your-camel-teatteriesitys-24-10-2017\/\">Lue loppuun <span class=\"meta-nav\">&rarr;<\/span><\/a><\/p>\n","protected":false},"author":1368,"featured_media":0,"parent":3265,"menu_order":0,"comment_status":"closed","ping_status":"closed","template":"","meta":{"footnotes":""},"class_list":["post-3407","page","type-page","status-publish","hentry"],"_links":{"self":[{"href":"https:\/\/blog.edu.turku.fi\/turunklassillinenlukio\/wp-json\/wp\/v2\/pages\/3407","targetHints":{"allow":["GET"]}}],"collection":[{"href":"https:\/\/blog.edu.turku.fi\/turunklassillinenlukio\/wp-json\/wp\/v2\/pages"}],"about":[{"href":"https:\/\/blog.edu.turku.fi\/turunklassillinenlukio\/wp-json\/wp\/v2\/types\/page"}],"author":[{"embeddable":true,"href":"https:\/\/blog.edu.turku.fi\/turunklassillinenlukio\/wp-json\/wp\/v2\/users\/1368"}],"replies":[{"embeddable":true,"href":"https:\/\/blog.edu.turku.fi\/turunklassillinenlukio\/wp-json\/wp\/v2\/comments?post=3407"}],"version-history":[{"count":4,"href":"https:\/\/blog.edu.turku.fi\/turunklassillinenlukio\/wp-json\/wp\/v2\/pages\/3407\/revisions"}],"predecessor-version":[{"id":3414,"href":"https:\/\/blog.edu.turku.fi\/turunklassillinenlukio\/wp-json\/wp\/v2\/pages\/3407\/revisions\/3414"}],"up":[{"embeddable":true,"href":"https:\/\/blog.edu.turku.fi\/turunklassillinenlukio\/wp-json\/wp\/v2\/pages\/3265"}],"wp:attachment":[{"href":"https:\/\/blog.edu.turku.fi\/turunklassillinenlukio\/wp-json\/wp\/v2\/media?parent=3407"}],"curies":[{"name":"wp","href":"https:\/\/api.w.org\/{rel}","templated":true}]}}