{"id":3370,"date":"2017-10-23T09:43:19","date_gmt":"2017-10-23T06:43:19","guid":{"rendered":"https:\/\/blog.edu.turku.fi\/turunklassillinenlukio\/?page_id=3370"},"modified":"2017-11-06T12:42:10","modified_gmt":"2017-11-06T10:42:10","slug":"ny24h-leiri-raision-lukiolla-12-13-10-2017","status":"publish","type":"page","link":"https:\/\/blog.edu.turku.fi\/turunklassillinenlukio\/tapahtumat\/tapahtumia-lukuvuodelta-2017-2018\/ny24h-leiri-raision-lukiolla-12-13-10-2017\/","title":{"rendered":"NY24h-leiri Raision lukiolla 12.-13.10.2017"},"content":{"rendered":"<p><span style=\"font-family: 'Calibri',sans-serif;color: black\">Raision lukiolla j\u00e4rjestettiin NY24h-leiri 12.-13.10.2017 klo 9.00-9.00. Edellinen Microsoftin haasteleiri sai valtavasti kehuja niilt\u00e4 lukiolaisilta, jotka siihen osallistuivat ja onneksi meid\u00e4n lukiolaisilla oli my\u00f6s t\u00e4n\u00e4 vuonna viimevuotiseen tapaan mahdollisuus p\u00e4\u00e4st\u00e4 mukaan leirille!<\/span><\/p>\n<p><span style=\"font-family: 'Calibri',sans-serif;color: black\">T\u00e4n\u00e4 vuonna leirin avasi ja haasteen antoi Turun Osuuskaupan ketjujohtaja Janne Reunanen. Teht\u00e4v\u00e4n\u00e4 oli kehit\u00e4\u00e4 Turun keskustaa ja erityisesti tavaratalo Wiklundia. Torstai iltap\u00e4iv\u00e4ll\u00e4 t\u00e4htivieraaksi saapui yhteysp\u00e4\u00e4llikk\u00f6 Tiina Vainio Turun Kauppakamarista.<br \/>\n<\/span><\/p>\n<p><a href=\"https:\/\/blog.edu.turku.fi\/turunklassillinenlukio\/files\/2017\/10\/Resized_PhotoGrid_1507815529445.jpeg\"><img loading=\"lazy\" decoding=\"async\" class=\"alignnone size-medium wp-image-3380\" src=\"https:\/\/blog.edu.turku.fi\/turunklassillinenlukio\/files\/2017\/10\/Resized_PhotoGrid_1507815529445-300x300.jpeg\" alt=\"\" width=\"300\" height=\"300\" \/><\/a><a href=\"https:\/\/blog.edu.turku.fi\/turunklassillinenlukio\/files\/2017\/10\/Resized_PhotoGrid_1507891364973.jpeg\"><img loading=\"lazy\" decoding=\"async\" class=\"alignnone size-medium wp-image-3382\" src=\"https:\/\/blog.edu.turku.fi\/turunklassillinenlukio\/files\/2017\/10\/Resized_PhotoGrid_1507891364973-300x300.jpeg\" alt=\"\" width=\"300\" height=\"300\" \/><\/a><a href=\"https:\/\/blog.edu.turku.fi\/turunklassillinenlukio\/files\/2017\/10\/IMG-20171013-WA0004.jpeg\"><img loading=\"lazy\" decoding=\"async\" class=\"alignnone size-medium wp-image-3378\" src=\"https:\/\/blog.edu.turku.fi\/turunklassillinenlukio\/files\/2017\/10\/IMG-20171013-WA0004-300x169.jpeg\" alt=\"\" width=\"300\" height=\"169\" srcset=\"https:\/\/blog.edu.turku.fi\/turunklassillinenlukio\/files\/2017\/10\/IMG-20171013-WA0004-300x169.jpeg 300w, https:\/\/blog.edu.turku.fi\/turunklassillinenlukio\/files\/2017\/10\/IMG-20171013-WA0004-1024x576.jpeg 1024w, https:\/\/blog.edu.turku.fi\/turunklassillinenlukio\/files\/2017\/10\/IMG-20171013-WA0004.jpeg 1280w\" sizes=\"auto, (max-width: 300px) 100vw, 300px\" \/><\/a> <a href=\"https:\/\/blog.edu.turku.fi\/turunklassillinenlukio\/files\/2017\/10\/Resized_20171013_100752.jpeg\"><img loading=\"lazy\" decoding=\"async\" class=\"alignnone size-medium wp-image-3379\" src=\"https:\/\/blog.edu.turku.fi\/turunklassillinenlukio\/files\/2017\/10\/Resized_20171013_100752-300x169.jpeg\" alt=\"\" width=\"300\" height=\"169\" \/><\/a><a href=\"https:\/\/blog.edu.turku.fi\/turunklassillinenlukio\/files\/2017\/10\/2017-10-13-08.09.29.jpg\"><img loading=\"lazy\" decoding=\"async\" class=\"alignnone size-medium wp-image-3377\" src=\"https:\/\/blog.edu.turku.fi\/turunklassillinenlukio\/files\/2017\/10\/2017-10-13-08.09.29-300x225.jpg\" alt=\"\" width=\"300\" height=\"225\" srcset=\"https:\/\/blog.edu.turku.fi\/turunklassillinenlukio\/files\/2017\/10\/2017-10-13-08.09.29-300x225.jpg 300w, https:\/\/blog.edu.turku.fi\/turunklassillinenlukio\/files\/2017\/10\/2017-10-13-08.09.29-1024x768.jpg 1024w, https:\/\/blog.edu.turku.fi\/turunklassillinenlukio\/files\/2017\/10\/2017-10-13-08.09.29.jpg 2048w\" sizes=\"auto, (max-width: 300px) 100vw, 300px\" \/><\/a> <a href=\"https:\/\/blog.edu.turku.fi\/turunklassillinenlukio\/files\/2017\/10\/Resized_PhotoGrid_1507891119325.jpeg\"><img loading=\"lazy\" decoding=\"async\" class=\"alignnone size-medium wp-image-3381\" src=\"https:\/\/blog.edu.turku.fi\/turunklassillinenlukio\/files\/2017\/10\/Resized_PhotoGrid_1507891119325-300x300.jpeg\" alt=\"\" width=\"300\" height=\"300\" \/><\/a><\/p>\n<p><span style=\"font-family: 'Calibri',sans-serif;color: black\">Leirin haaste liittyi Turun keskusta-alueen kehitt\u00e4miseen ja TOK palkitsi parhaan tiimin kahden p\u00e4iv\u00e4n ty\u00f6harjoittelulla sek\u00e4 illallisella Wiklundin johtotiimin kanssa, jossa voittajatiimi saa my\u00f6s esitell\u00e4 oman kehityssuunnitelmansa. Voittajatiimi oli nimelt\u00e4\u00e4n Turtlesit ja siihen kuului seuraavat opiskeljat: Ingrid King, Joel Jalava, Otto Ahonen, Kimi Lahtinen ja Panu Ter\u00e4s.<\/span><\/p>\n<p><span style=\"font-family: 'Calibri',sans-serif;color: black\">T\u00e4ss\u00e4 viel\u00e4 muutamien opiskelijoiden kertomuksia leirilt\u00e4.<\/span><\/p>\n<p>\u201dLeiri oli hauska ja uudenlainen kokemus minulle. Laajensimme Wiklundia kerroksella ja ideanamme oli Casinobaari-tyyppinen illanvietepaikka. Ryhm\u00e4ss\u00e4mme kaikkien ideat otettiin huomioon ja mielest\u00e4ni kaikki osallistuivat ty\u00f6h\u00f6n (jotkut enemm\u00e4n, toiset v\u00e4hemm\u00e4n). Minulle 24 tunnin valvominen tuntui hyvin raskaalta, mutta oli se sen arvoista. Kivointa oli tutustua uusiin ihmisiin ja ideoida, valvominen ei ollut niin kivaa loppup\u00e4\u00e4ss\u00e4. Kokosin yksin my\u00f6s diaesityksen keskell\u00e4 y\u00f6t\u00e4, se ei ollut niin kivaa. Uskon ett\u00e4 kurssista on silti hy\u00f6ty\u00e4 minulle tulevaisuudessa, jos ei muuta niin se auttoi minua hahmottamaan yritt\u00e4miseen liittyvi\u00e4 asioita. Oli hauska my\u00f6s mietti\u00e4 mit\u00e4 kaikkea on mahdollista toteuttaa tulevaisuudessa teknologian kehittyess\u00e4.\u00a0Kiitos leirist\u00e4!\u201d<\/p>\n<p>\u201dLeiri oli eritt\u00e4in hieno tapahtuma, sek\u00e4 hyvin antoisa kokemuksen kannalta. Leiri oli toteutettu hyvin ja\u00a0selke\u00e4sti. Eri pisteet, joissa k\u00e4ytiin l\u00e4pi omaa ideaa siit\u00e4 miten Wiklundia voitaisiin muuttaa, oli eritt\u00e4in hauskaa ja mielenkiintoista. Pisteiss\u00e4 k\u00e4ytiin l\u00e4pi mm rahoitus, logo, pohjapiirros jne. Meid\u00e4n joukkueen ideana oli uudistaa Wiklundia pienell\u00e4 budjetilla, lis\u00e4\u00e4m\u00e4ll\u00e4 esimerkiksi virkistys-alueita, ja k\u00e4ytimme my\u00f6s edullisia kierr\u00e4tettyj\u00e4 rakennusmateriaaleja. Minun mielest\u00e4ni ideamme oli huono koska budjettimme oli noin 2miljoonaa, mik\u00e4 ei todellakaan riitt\u00e4isi wiklundin uudistamiseen. Ryhm\u00e4n kanssa tuli hiukan erimielisyyksi\u00e4, mutta saimme ne ratkottua helposti. Oma panos ryhm\u00e4ss\u00e4 oli hyv\u00e4 ja aktiivinen. Toin ryhm\u00e4\u00e4mme paljon uusia n\u00e4k\u00f6kulmia ja ideoita.Leiri oli kaiken kaikkiaan mielenkiintoinen ja t\u00e4ytti odotukseni positiivisella tavalla. L\u00f6ysin leirist\u00e4 oikeastaan vain yhden huononpuolen, joka oli tietysti nukkumismahdollisuudet. Seuraavana aamuna, jolloin piti esitt\u00e4\u00e4 oma idea, oli v\u00e4h\u00e4n hitaamman puoleinen aivojen kannalta. Silm\u00e4t eiv\u00e4t mill\u00e4\u00e4n meinanneet pysy\u00e4 auki. Mutta esitys meni kaikesta huolimatta eritt\u00e4in hyvin!:)\u201d<\/p>\n<p>&nbsp;<\/p>\n<p>&nbsp;<\/p>\n<p><span style=\"font-family: 'Calibri',sans-serif;color: black\"><br \/>\n<\/span><\/p>\n","protected":false},"excerpt":{"rendered":"<p>Raision lukiolla j\u00e4rjestettiin NY24h-leiri 12.-13.10.2017 klo 9.00-9.00. Edellinen Microsoftin haasteleiri sai valtavasti kehuja niilt\u00e4 lukiolaisilta, jotka siihen osallistuivat ja onneksi meid\u00e4n lukiolaisilla oli my\u00f6s t\u00e4n\u00e4 vuonna viimevuotiseen tapaan mahdollisuus p\u00e4\u00e4st\u00e4 mukaan leirille! T\u00e4n\u00e4 vuonna leirin avasi ja haasteen antoi Turun &hellip; <a href=\"https:\/\/blog.edu.turku.fi\/turunklassillinenlukio\/tapahtumat\/tapahtumia-lukuvuodelta-2017-2018\/ny24h-leiri-raision-lukiolla-12-13-10-2017\/\">Lue loppuun <span class=\"meta-nav\">&rarr;<\/span><\/a><\/p>\n","protected":false},"author":1368,"featured_media":0,"parent":3265,"menu_order":0,"comment_status":"closed","ping_status":"closed","template":"","meta":{"footnotes":""},"class_list":["post-3370","page","type-page","status-publish","hentry"],"_links":{"self":[{"href":"https:\/\/blog.edu.turku.fi\/turunklassillinenlukio\/wp-json\/wp\/v2\/pages\/3370","targetHints":{"allow":["GET"]}}],"collection":[{"href":"https:\/\/blog.edu.turku.fi\/turunklassillinenlukio\/wp-json\/wp\/v2\/pages"}],"about":[{"href":"https:\/\/blog.edu.turku.fi\/turunklassillinenlukio\/wp-json\/wp\/v2\/types\/page"}],"author":[{"embeddable":true,"href":"https:\/\/blog.edu.turku.fi\/turunklassillinenlukio\/wp-json\/wp\/v2\/users\/1368"}],"replies":[{"embeddable":true,"href":"https:\/\/blog.edu.turku.fi\/turunklassillinenlukio\/wp-json\/wp\/v2\/comments?post=3370"}],"version-history":[{"count":6,"href":"https:\/\/blog.edu.turku.fi\/turunklassillinenlukio\/wp-json\/wp\/v2\/pages\/3370\/revisions"}],"predecessor-version":[{"id":3486,"href":"https:\/\/blog.edu.turku.fi\/turunklassillinenlukio\/wp-json\/wp\/v2\/pages\/3370\/revisions\/3486"}],"up":[{"embeddable":true,"href":"https:\/\/blog.edu.turku.fi\/turunklassillinenlukio\/wp-json\/wp\/v2\/pages\/3265"}],"wp:attachment":[{"href":"https:\/\/blog.edu.turku.fi\/turunklassillinenlukio\/wp-json\/wp\/v2\/media?parent=3370"}],"curies":[{"name":"wp","href":"https:\/\/api.w.org\/{rel}","templated":true}]}}