{"id":3367,"date":"2017-10-12T11:46:12","date_gmt":"2017-10-12T08:46:12","guid":{"rendered":"https:\/\/blog.edu.turku.fi\/turunklassillinenlukio\/?page_id=3367"},"modified":"2017-10-12T11:46:34","modified_gmt":"2017-10-12T08:46:34","slug":"outo-homo-menee-kouluun-monologi-11-10-2017","status":"publish","type":"page","link":"https:\/\/blog.edu.turku.fi\/turunklassillinenlukio\/tapahtumat\/tapahtumia-lukuvuodelta-2017-2018\/outo-homo-menee-kouluun-monologi-11-10-2017\/","title":{"rendered":"Outo homo menee kouluun -monologi 11.10.2017"},"content":{"rendered":"<p>Outo homo menee kouluun on nuorille suunnattu hauska ja opettava monologiesitys. Juuso Kekkosen k\u00e4sikirjoittamassa ja esitt\u00e4m\u00e4ss\u00e4 omael\u00e4m\u00e4kerrallisessa esityksess\u00e4 heteromies mietti suhdettaan itseens\u00e4 ja maailmaan, kun seurustelukumppani toteaakin olevansa transsukupuolinen mies. Tarinan keskipisteess\u00e4 olivat sukupuolen, rakkauden ja seksuaalisen suuntautumisen monimuotoisuus, ja ennenkaikkea itsens\u00e4 hyv\u00e4ksyminen.<\/p>\n<p>Esityksess\u00e4 k\u00e4siteltiin koulukiusaamista, seksuaali- ja sukupuoliv\u00e4hemmist\u00f6j\u00e4, sek\u00e4 seksuaalisuuden her\u00e4\u00e4mist\u00e4 teini-i\u00e4ss\u00e4 ja terveiden ihmissuhteiden rakentamista. Vaikka esitys k\u00e4sitteli herkki\u00e4 ja monimutkaisia aiheita, joihin liittyy paljon ennakkoasenteita ja mielipiteit\u00e4, se onnistui v\u00e4ltt\u00e4m\u00e4\u00e4n potentiaaliset sudenkuopat.<\/p>\n<p>Kaikkiaan Juuso Kekkosen esitys oli todella hieno, se sai opiskelijoilta l\u00e4mpim\u00e4n vastaanoton ja erinomaisen palautteen.<\/p>\n<p>Lis\u00e4tietoa esityksest\u00e4 sivulta <a href=\"https:\/\/www.juusokekkonen.fi\/outo-homo-menee-kouluun\/\">https:\/\/www.juusokekkonen.fi\/outo-homo-menee-kouluun\/<\/a><\/p>\n","protected":false},"excerpt":{"rendered":"<p>Outo homo menee kouluun on nuorille suunnattu hauska ja opettava monologiesitys. Juuso Kekkosen k\u00e4sikirjoittamassa ja esitt\u00e4m\u00e4ss\u00e4 omael\u00e4m\u00e4kerrallisessa esityksess\u00e4 heteromies mietti suhdettaan itseens\u00e4 ja maailmaan, kun seurustelukumppani toteaakin olevansa transsukupuolinen mies. Tarinan keskipisteess\u00e4 olivat sukupuolen, rakkauden ja seksuaalisen suuntautumisen monimuotoisuus, ja &hellip; <a href=\"https:\/\/blog.edu.turku.fi\/turunklassillinenlukio\/tapahtumat\/tapahtumia-lukuvuodelta-2017-2018\/outo-homo-menee-kouluun-monologi-11-10-2017\/\">Lue loppuun <span class=\"meta-nav\">&rarr;<\/span><\/a><\/p>\n","protected":false},"author":1368,"featured_media":0,"parent":3265,"menu_order":0,"comment_status":"closed","ping_status":"closed","template":"","meta":{"footnotes":""},"class_list":["post-3367","page","type-page","status-publish","hentry"],"_links":{"self":[{"href":"https:\/\/blog.edu.turku.fi\/turunklassillinenlukio\/wp-json\/wp\/v2\/pages\/3367","targetHints":{"allow":["GET"]}}],"collection":[{"href":"https:\/\/blog.edu.turku.fi\/turunklassillinenlukio\/wp-json\/wp\/v2\/pages"}],"about":[{"href":"https:\/\/blog.edu.turku.fi\/turunklassillinenlukio\/wp-json\/wp\/v2\/types\/page"}],"author":[{"embeddable":true,"href":"https:\/\/blog.edu.turku.fi\/turunklassillinenlukio\/wp-json\/wp\/v2\/users\/1368"}],"replies":[{"embeddable":true,"href":"https:\/\/blog.edu.turku.fi\/turunklassillinenlukio\/wp-json\/wp\/v2\/comments?post=3367"}],"version-history":[{"count":1,"href":"https:\/\/blog.edu.turku.fi\/turunklassillinenlukio\/wp-json\/wp\/v2\/pages\/3367\/revisions"}],"predecessor-version":[{"id":3368,"href":"https:\/\/blog.edu.turku.fi\/turunklassillinenlukio\/wp-json\/wp\/v2\/pages\/3367\/revisions\/3368"}],"up":[{"embeddable":true,"href":"https:\/\/blog.edu.turku.fi\/turunklassillinenlukio\/wp-json\/wp\/v2\/pages\/3265"}],"wp:attachment":[{"href":"https:\/\/blog.edu.turku.fi\/turunklassillinenlukio\/wp-json\/wp\/v2\/media?parent=3367"}],"curies":[{"name":"wp","href":"https:\/\/api.w.org\/{rel}","templated":true}]}}