{"id":3325,"date":"2017-10-10T11:40:00","date_gmt":"2017-10-10T08:40:00","guid":{"rendered":"https:\/\/blog.edu.turku.fi\/turunklassillinenlukio\/?page_id=3325"},"modified":"2017-10-10T11:49:34","modified_gmt":"2017-10-10T08:49:34","slug":"maantiedon-opiskelijat-openstreetmap-mapathon-tapahtumassa-9-10-2017","status":"publish","type":"page","link":"https:\/\/blog.edu.turku.fi\/turunklassillinenlukio\/tapahtumat\/tapahtumia-lukuvuodelta-2017-2018\/maantiedon-opiskelijat-openstreetmap-mapathon-tapahtumassa-9-10-2017\/","title":{"rendered":"Maantiedon opiskelijat OpenStreetMap mapathon -tapahtumassa 9.10.2017"},"content":{"rendered":"<p>F\u00f6li, Lounaispaikka ja Gispo Oy j\u00e4rjestiv\u00e4t OpenStreetMap mapathonin, jossa kuka tahansa sai tehd\u00e4 ohjatusti karttakorjauksia vaikka oman l\u00e4hiymp\u00e4rist\u00f6ns\u00e4 osalta. Koulumme maantiedon GE04-kurssin opiskelijat osallistuivat tapahtumaan maanantaina 9.10.2017 ja tuottivat taustakartta-aineistoa F\u00f6lille.<\/p>\n<p><a href=\"https:\/\/blog.edu.turku.fi\/turunklassillinenlukio\/files\/2017\/10\/mapathon1.jpg\"><img loading=\"lazy\" decoding=\"async\" class=\"alignnone size-medium wp-image-3326\" src=\"https:\/\/blog.edu.turku.fi\/turunklassillinenlukio\/files\/2017\/10\/mapathon1-300x225.jpg\" alt=\"\" width=\"300\" height=\"225\" srcset=\"https:\/\/blog.edu.turku.fi\/turunklassillinenlukio\/files\/2017\/10\/mapathon1-300x225.jpg 300w, https:\/\/blog.edu.turku.fi\/turunklassillinenlukio\/files\/2017\/10\/mapathon1-1024x768.jpg 1024w, https:\/\/blog.edu.turku.fi\/turunklassillinenlukio\/files\/2017\/10\/mapathon1.jpg 2048w\" sizes=\"auto, (max-width: 300px) 100vw, 300px\" \/><\/a> <a href=\"https:\/\/blog.edu.turku.fi\/turunklassillinenlukio\/files\/2017\/10\/mapathon2.jpg\"><img loading=\"lazy\" decoding=\"async\" class=\"alignnone size-medium wp-image-3327\" src=\"https:\/\/blog.edu.turku.fi\/turunklassillinenlukio\/files\/2017\/10\/mapathon2-300x225.jpg\" alt=\"\" width=\"300\" height=\"225\" srcset=\"https:\/\/blog.edu.turku.fi\/turunklassillinenlukio\/files\/2017\/10\/mapathon2-300x225.jpg 300w, https:\/\/blog.edu.turku.fi\/turunklassillinenlukio\/files\/2017\/10\/mapathon2-1024x768.jpg 1024w, https:\/\/blog.edu.turku.fi\/turunklassillinenlukio\/files\/2017\/10\/mapathon2.jpg 2048w\" sizes=\"auto, (max-width: 300px) 100vw, 300px\" \/><\/a><\/p>\n<p>Tapahtuma j\u00e4rjestettiin SparkUpissa, osoitteessa Tykist\u00f6katu 4.<\/p>\n<p>OpenStreetMap (OSM) on yhteis\u00f6projekti, joka kokoaa ja tarjoaa avointa paikkatietoaineistoa. OSM toimii muun muassa F\u00f6lin uuden Reittioppaan taustakarttana. Mapathon toimi toisena aloitustapahtumana Turun seudun OSM-yhteis\u00f6lle, joka kokoontuu jatkossa t\u00e4ydent\u00e4m\u00e4\u00e4n mapathonissa aloitettua ty\u00f6t\u00e4.<\/p>\n<p>Lis\u00e4infoa Mapathonista l\u00f6yd\u00e4t osoitteesta <a href=\"http:\/\/www.foli.fi\/fi\/kartoitustapahtumamapathon910\">http:\/\/www.foli.fi\/fi\/kartoitustapahtumamapathon910<\/a><\/p>\n","protected":false},"excerpt":{"rendered":"<p>F\u00f6li, Lounaispaikka ja Gispo Oy j\u00e4rjestiv\u00e4t OpenStreetMap mapathonin, jossa kuka tahansa sai tehd\u00e4 ohjatusti karttakorjauksia vaikka oman l\u00e4hiymp\u00e4rist\u00f6ns\u00e4 osalta. Koulumme maantiedon GE04-kurssin opiskelijat osallistuivat tapahtumaan maanantaina 9.10.2017 ja tuottivat taustakartta-aineistoa F\u00f6lille. Tapahtuma j\u00e4rjestettiin SparkUpissa, osoitteessa Tykist\u00f6katu 4. OpenStreetMap (OSM) on &hellip; <a href=\"https:\/\/blog.edu.turku.fi\/turunklassillinenlukio\/tapahtumat\/tapahtumia-lukuvuodelta-2017-2018\/maantiedon-opiskelijat-openstreetmap-mapathon-tapahtumassa-9-10-2017\/\">Lue loppuun <span class=\"meta-nav\">&rarr;<\/span><\/a><\/p>\n","protected":false},"author":1368,"featured_media":0,"parent":3265,"menu_order":0,"comment_status":"closed","ping_status":"closed","template":"","meta":{"footnotes":""},"class_list":["post-3325","page","type-page","status-publish","hentry"],"_links":{"self":[{"href":"https:\/\/blog.edu.turku.fi\/turunklassillinenlukio\/wp-json\/wp\/v2\/pages\/3325","targetHints":{"allow":["GET"]}}],"collection":[{"href":"https:\/\/blog.edu.turku.fi\/turunklassillinenlukio\/wp-json\/wp\/v2\/pages"}],"about":[{"href":"https:\/\/blog.edu.turku.fi\/turunklassillinenlukio\/wp-json\/wp\/v2\/types\/page"}],"author":[{"embeddable":true,"href":"https:\/\/blog.edu.turku.fi\/turunklassillinenlukio\/wp-json\/wp\/v2\/users\/1368"}],"replies":[{"embeddable":true,"href":"https:\/\/blog.edu.turku.fi\/turunklassillinenlukio\/wp-json\/wp\/v2\/comments?post=3325"}],"version-history":[{"count":4,"href":"https:\/\/blog.edu.turku.fi\/turunklassillinenlukio\/wp-json\/wp\/v2\/pages\/3325\/revisions"}],"predecessor-version":[{"id":3332,"href":"https:\/\/blog.edu.turku.fi\/turunklassillinenlukio\/wp-json\/wp\/v2\/pages\/3325\/revisions\/3332"}],"up":[{"embeddable":true,"href":"https:\/\/blog.edu.turku.fi\/turunklassillinenlukio\/wp-json\/wp\/v2\/pages\/3265"}],"wp:attachment":[{"href":"https:\/\/blog.edu.turku.fi\/turunklassillinenlukio\/wp-json\/wp\/v2\/media?parent=3325"}],"curies":[{"name":"wp","href":"https:\/\/api.w.org\/{rel}","templated":true}]}}