{"id":3316,"date":"2017-10-04T12:00:33","date_gmt":"2017-10-04T09:00:33","guid":{"rendered":"https:\/\/blog.edu.turku.fi\/turunklassillinenlukio\/?page_id=3316"},"modified":"2017-10-04T12:01:09","modified_gmt":"2017-10-04T09:01:09","slug":"1-vuosikurssin-opiskelijat-turun-amkn-fysiikan-laboratoriossa-18-9-26-9-2017","status":"publish","type":"page","link":"https:\/\/blog.edu.turku.fi\/turunklassillinenlukio\/tapahtumat\/tapahtumia-lukuvuodelta-2017-2018\/1-vuosikurssin-opiskelijat-turun-amkn-fysiikan-laboratoriossa-18-9-26-9-2017\/","title":{"rendered":"1. vuosikurssin opiskelijat Turun AMK:n fysiikan laboratoriossa 18.9.-26.9.2017"},"content":{"rendered":"<p><strong><a href=\"https:\/\/blog.edu.turku.fi\/turunklassillinenlukio\/files\/2017\/10\/lukioteko2.jpg\"><img loading=\"lazy\" decoding=\"async\" class=\"alignnone size-medium wp-image-3318\" src=\"https:\/\/blog.edu.turku.fi\/turunklassillinenlukio\/files\/2017\/10\/lukioteko2-300x138.jpg\" alt=\"\" width=\"300\" height=\"138\" srcset=\"https:\/\/blog.edu.turku.fi\/turunklassillinenlukio\/files\/2017\/10\/lukioteko2-300x138.jpg 300w, https:\/\/blog.edu.turku.fi\/turunklassillinenlukio\/files\/2017\/10\/lukioteko2.jpg 672w\" sizes=\"auto, (max-width: 300px) 100vw, 300px\" \/><\/a><\/strong><\/p>\n<p><strong>Fysiikan laboratoriossa Turun AMK:n Sep\u00e4nkadun kampuksella tarjottavat ty\u00f6pajat fysiikan ilmi\u00f6ist\u00e4 tuovat niit\u00e4 vet\u00e4ville konetekniikan opiskelijoille oppimista opettamisen kautta sek\u00e4 harjaannuttavat viestint\u00e4\u00e4n. Samalla lukiolaisille kerrotaan insin\u00f6\u00f6riopinnoista.<\/strong><\/p>\n<div class=\"text-plugin\">\n<div class=\"togglable-content\">\n<p>Turun Klassillisen lukion opiskelijat osallistuivat syyskuussa Hands \u2013 on vierailuk\u00e4ynneille Turun Ammattikorkeakoulussa. Turun AMK:n Konetekniikan opiskelijat valmistelivat vierailijoille k\u00e4yt\u00e4nn\u00f6nl\u00e4heisi\u00e4 ty\u00f6pisteit\u00e4, joilla p\u00e4\u00e4stiin tutkimaan muun muassa elintarvikkeiden tiheyksi\u00e4, mittaamaan Fidget Spinnerin nopeutta ja suunnittelemaan tehokkainta ilmatykki\u00e4. Vierailijat saivat my\u00f6s kuulla ajankohtaista tietoa insin\u00f6\u00f6riopinnoista ja alueen ty\u00f6llisyystilanteesta.<\/p>\n<\/div>\n<\/div>\n<div class=\"text-plugin\">\n<h3><a href=\"https:\/\/blog.edu.turku.fi\/turunklassillinenlukio\/files\/2017\/10\/lukioteko1.jpg\"><img loading=\"lazy\" decoding=\"async\" class=\"alignnone size-medium wp-image-3317\" src=\"https:\/\/blog.edu.turku.fi\/turunklassillinenlukio\/files\/2017\/10\/lukioteko1-300x238.jpg\" alt=\"\" width=\"300\" height=\"238\" srcset=\"https:\/\/blog.edu.turku.fi\/turunklassillinenlukio\/files\/2017\/10\/lukioteko1-300x238.jpg 300w, https:\/\/blog.edu.turku.fi\/turunklassillinenlukio\/files\/2017\/10\/lukioteko1.jpg 378w\" sizes=\"auto, (max-width: 300px) 100vw, 300px\" \/><\/a><\/h3>\n<h3>K\u00e4yt\u00e4nn\u00f6n kokeilujen kautta kiinnostusta fysiikkaan ja matematiikkaan<\/h3>\n<div class=\"togglable-content\">\n<p>Vierailuk\u00e4ynneille kutsuttiin kaikki Klassillisen lukion ensimm\u00e4isen vuosikurssin 200 opiskelijaa. Lukiolaiset saapuivat vierailulle opettajiensa kanssa nelj\u00e4n\u00e4 eri p\u00e4iv\u00e4n\u00e4. Nelj\u00e4n Hands \u2013 on vierailuk\u00e4ynnin suunnittelu ja toteuttaminen kuului konetekniikan opiskelijoiden fysiikan laboratoriokurssin toteutukseen.<\/p>\n<p>Opiskelijat olivat valmistelleet kahdenkymmenen minuutin pituisia pienryhm\u00e4ty\u00f6pisteit\u00e4, joilla vierailijat p\u00e4\u00e4siv\u00e4t kiert\u00e4m\u00e4\u00e4n.<br \/>\nTy\u00f6pisteiden tavoitteena oli tarjota lukiolaisille kokemus, joka poikkeaa tavanomaisesta oppitunnista ja her\u00e4tt\u00e4\u00e4 mielenkiintoa fysiikan ja matematiikan opiskelua kohtaan. Vierailulla saatiin my\u00f6s kokemus oppimismenetelmist\u00e4 joita insin\u00f6\u00f6riopinnot voivat pit\u00e4\u00e4 sis\u00e4ll\u00e4\u00e4n. Lukiolaiset saivat ty\u00f6pisteiden suorittamisen yhteydess\u00e4 mahdollisuuden kysell\u00e4 tekniikan alan opinnoista suoraan tulevien insin\u00f6\u00f6rien kanssa.<\/p>\n<\/div>\n<\/div>\n<div class=\"text-plugin\">\n<h3><a href=\"https:\/\/blog.edu.turku.fi\/turunklassillinenlukio\/files\/2017\/10\/lukioteko3.jpg\"><img loading=\"lazy\" decoding=\"async\" class=\"alignnone size-medium wp-image-3319\" src=\"https:\/\/blog.edu.turku.fi\/turunklassillinenlukio\/files\/2017\/10\/lukioteko3-300x224.jpg\" alt=\"\" width=\"300\" height=\"224\" srcset=\"https:\/\/blog.edu.turku.fi\/turunklassillinenlukio\/files\/2017\/10\/lukioteko3-300x224.jpg 300w, https:\/\/blog.edu.turku.fi\/turunklassillinenlukio\/files\/2017\/10\/lukioteko3.jpg 401w\" sizes=\"auto, (max-width: 300px) 100vw, 300px\" \/><\/a><\/h3>\n<h3>Oppia opettamalla<\/h3>\n<div class=\"togglable-content\">\n<p>Konetekniikan opiskelijoiden n\u00e4k\u00f6kulmasta ty\u00f6pisteen valmistelussa ja vet\u00e4misess\u00e4 saavutetaan monia keskeisi\u00e4 tavoitteita. Tulevat insin\u00f6\u00f6rit p\u00e4\u00e4sev\u00e4t harjoittelemaan teknisen ja tieteellisen tiedon v\u00e4litt\u00e4mist\u00e4 sek\u00e4 toimimista erilaisissa vuorovaikutustilanteissa. \u00a0Lis\u00e4ksi opiskelijat saavat syvemm\u00e4n ymm\u00e4rryksen valitsemastaan aihepiirist\u00e4.<\/p>\n<p>AMK opiskelijat joutuvat jo vierailuk\u00e4ynnin valmisteluvaiheessa pohtimaan viestint\u00e4\u00e4n liittyvi\u00e4 kysymyksi\u00e4. Kuinka tiheyden mittausmenetelm\u00e4t tai ilmatykin toimintaperiaate voidaan esitt\u00e4\u00e4 ytimekk\u00e4\u00e4sti ja ymm\u00e4rrett\u00e4v\u00e4sti vieraileville lukiolaisille?<\/p>\n<p>Miten saadaan her\u00e4tetty\u00e4 vierailijan mielenkiinto ja pidetty\u00e4 sit\u00e4 yll\u00e4 kahdenkymmenen minuutin ajan?<\/p>\n<p>Onko teoreettisia asioita mahdollista oppia siten ett\u00e4 niit\u00e4 p\u00e4\u00e4see kokeilemaan omilla k\u00e4sill\u00e4?<br \/>\nKonetekniikan fysiikan laboratoriokurssilla on vierailuk\u00e4yntitoimintaa ollut jo aikaisemminkin. T\u00e4n\u00e4 syksyn\u00e4 konseptia kuitenkin kokeiltiin aikaisempaa suuremmassa mittakaavassa lukiolaisten kanssa. Vierailijoina olleet Turun Klassillisen lukion opiskelijat tulivat vierailuk\u00e4ynnille osana LukioTEKO \u2013 hanketta. Lukio-opettajat olivat suunnitelleet Hands \u2013 on vierailun kiinte\u00e4ksi osaksi lukiolaisten ensimm\u00e4ist\u00e4 matematiikan kurssia. LukioTEKO-hanke saadaan p\u00e4\u00e4t\u00f6kseen kuluvan lukuvuoden aikana, mutta jatkoa lukioyhteisty\u00f6lle on luvassa. Konetekniikan opiskelijat p\u00e4\u00e4sev\u00e4t siis tulevaisuudessakin toimimaan lukiolaisten kanssa.<\/p>\n<p>Pekka Jukantupa<br \/>\nLehtori, LukioTEKO \u2013 hankkeen koordinaattori<\/p>\n<\/div>\n<\/div>\n","protected":false},"excerpt":{"rendered":"<p>Fysiikan laboratoriossa Turun AMK:n Sep\u00e4nkadun kampuksella tarjottavat ty\u00f6pajat fysiikan ilmi\u00f6ist\u00e4 tuovat niit\u00e4 vet\u00e4ville konetekniikan opiskelijoille oppimista opettamisen kautta sek\u00e4 harjaannuttavat viestint\u00e4\u00e4n. Samalla lukiolaisille kerrotaan insin\u00f6\u00f6riopinnoista. Turun Klassillisen lukion opiskelijat osallistuivat syyskuussa Hands \u2013 on vierailuk\u00e4ynneille Turun Ammattikorkeakoulussa. Turun AMK:n Konetekniikan &hellip; <a href=\"https:\/\/blog.edu.turku.fi\/turunklassillinenlukio\/tapahtumat\/tapahtumia-lukuvuodelta-2017-2018\/1-vuosikurssin-opiskelijat-turun-amkn-fysiikan-laboratoriossa-18-9-26-9-2017\/\">Lue loppuun <span class=\"meta-nav\">&rarr;<\/span><\/a><\/p>\n","protected":false},"author":1368,"featured_media":0,"parent":3265,"menu_order":0,"comment_status":"closed","ping_status":"closed","template":"","meta":{"footnotes":""},"class_list":["post-3316","page","type-page","status-publish","hentry"],"_links":{"self":[{"href":"https:\/\/blog.edu.turku.fi\/turunklassillinenlukio\/wp-json\/wp\/v2\/pages\/3316","targetHints":{"allow":["GET"]}}],"collection":[{"href":"https:\/\/blog.edu.turku.fi\/turunklassillinenlukio\/wp-json\/wp\/v2\/pages"}],"about":[{"href":"https:\/\/blog.edu.turku.fi\/turunklassillinenlukio\/wp-json\/wp\/v2\/types\/page"}],"author":[{"embeddable":true,"href":"https:\/\/blog.edu.turku.fi\/turunklassillinenlukio\/wp-json\/wp\/v2\/users\/1368"}],"replies":[{"embeddable":true,"href":"https:\/\/blog.edu.turku.fi\/turunklassillinenlukio\/wp-json\/wp\/v2\/comments?post=3316"}],"version-history":[{"count":1,"href":"https:\/\/blog.edu.turku.fi\/turunklassillinenlukio\/wp-json\/wp\/v2\/pages\/3316\/revisions"}],"predecessor-version":[{"id":3320,"href":"https:\/\/blog.edu.turku.fi\/turunklassillinenlukio\/wp-json\/wp\/v2\/pages\/3316\/revisions\/3320"}],"up":[{"embeddable":true,"href":"https:\/\/blog.edu.turku.fi\/turunklassillinenlukio\/wp-json\/wp\/v2\/pages\/3265"}],"wp:attachment":[{"href":"https:\/\/blog.edu.turku.fi\/turunklassillinenlukio\/wp-json\/wp\/v2\/media?parent=3316"}],"curies":[{"name":"wp","href":"https:\/\/api.w.org\/{rel}","templated":true}]}}