{"id":3299,"date":"2017-09-26T13:36:50","date_gmt":"2017-09-26T10:36:50","guid":{"rendered":"https:\/\/blog.edu.turku.fi\/turunklassillinenlukio\/?page_id=3299"},"modified":"2017-09-26T13:36:50","modified_gmt":"2017-09-26T10:36:50","slug":"koreografiakurssin-tabula-rasa-tanssiesitys-26-9-2017","status":"publish","type":"page","link":"https:\/\/blog.edu.turku.fi\/turunklassillinenlukio\/tapahtumat\/tapahtumia-lukuvuodelta-2017-2018\/koreografiakurssin-tabula-rasa-tanssiesitys-26-9-2017\/","title":{"rendered":"Koreografiakurssin Tabula rasa -tanssiesitys 26.9.2017"},"content":{"rendered":"<p>T\u00e4n\u00e4\u00e4n saimme nauttia kahdesti koreografiakurssin upeaakin upeammasta tanssiesityksest\u00e4 nimelt\u00e4 Tabula rasa. Esityksen koreografiasta vastasivat tanssijat Roosa Hiltunen, Hilma Kostiainen, Maisa Merit\u00e4hti ja Jenni Nerg, valo- ja \u00e4\u00e4nitekniikasta vastasi Fiona Syr\u00e9n ja ohjauksesta Miira Kaarenoja. Esitykset pidettiin ILLi-luokassa klo 11.00 ja klo 12.00.<\/p>\n<p><a href=\"https:\/\/blog.edu.turku.fi\/turunklassillinenlukio\/files\/2017\/09\/2017-09-26-12.11.35.jpg\"> <img loading=\"lazy\" decoding=\"async\" class=\"alignnone size-medium wp-image-3301\" src=\"https:\/\/blog.edu.turku.fi\/turunklassillinenlukio\/files\/2017\/09\/2017-09-26-12.11.35-225x300.jpg\" alt=\"\" width=\"225\" height=\"300\" srcset=\"https:\/\/blog.edu.turku.fi\/turunklassillinenlukio\/files\/2017\/09\/2017-09-26-12.11.35-225x300.jpg 225w, https:\/\/blog.edu.turku.fi\/turunklassillinenlukio\/files\/2017\/09\/2017-09-26-12.11.35-768x1024.jpg 768w, https:\/\/blog.edu.turku.fi\/turunklassillinenlukio\/files\/2017\/09\/2017-09-26-12.11.35.jpg 1536w\" sizes=\"auto, (max-width: 225px) 100vw, 225px\" \/><\/a> <a href=\"https:\/\/blog.edu.turku.fi\/turunklassillinenlukio\/files\/2017\/09\/2017-09-26-12.03.18.jpg\"><img loading=\"lazy\" decoding=\"async\" class=\"alignnone size-medium wp-image-3300\" src=\"https:\/\/blog.edu.turku.fi\/turunklassillinenlukio\/files\/2017\/09\/2017-09-26-12.03.18-225x300.jpg\" alt=\"\" width=\"225\" height=\"300\" srcset=\"https:\/\/blog.edu.turku.fi\/turunklassillinenlukio\/files\/2017\/09\/2017-09-26-12.03.18-225x300.jpg 225w, https:\/\/blog.edu.turku.fi\/turunklassillinenlukio\/files\/2017\/09\/2017-09-26-12.03.18-768x1024.jpg 768w, https:\/\/blog.edu.turku.fi\/turunklassillinenlukio\/files\/2017\/09\/2017-09-26-12.03.18.jpg 1536w\" sizes=\"auto, (max-width: 225px) 100vw, 225px\" \/><\/a><a href=\"https:\/\/blog.edu.turku.fi\/turunklassillinenlukio\/files\/2017\/09\/2017-09-26-12.11.35.jpg\">\u00a0<\/a><\/p>\n","protected":false},"excerpt":{"rendered":"<p>T\u00e4n\u00e4\u00e4n saimme nauttia kahdesti koreografiakurssin upeaakin upeammasta tanssiesityksest\u00e4 nimelt\u00e4 Tabula rasa. Esityksen koreografiasta vastasivat tanssijat Roosa Hiltunen, Hilma Kostiainen, Maisa Merit\u00e4hti ja Jenni Nerg, valo- ja \u00e4\u00e4nitekniikasta vastasi Fiona Syr\u00e9n ja ohjauksesta Miira Kaarenoja. Esitykset pidettiin ILLi-luokassa klo 11.00 ja &hellip; <a href=\"https:\/\/blog.edu.turku.fi\/turunklassillinenlukio\/tapahtumat\/tapahtumia-lukuvuodelta-2017-2018\/koreografiakurssin-tabula-rasa-tanssiesitys-26-9-2017\/\">Lue loppuun <span class=\"meta-nav\">&rarr;<\/span><\/a><\/p>\n","protected":false},"author":1368,"featured_media":0,"parent":3265,"menu_order":0,"comment_status":"closed","ping_status":"closed","template":"","meta":{"footnotes":""},"class_list":["post-3299","page","type-page","status-publish","hentry"],"_links":{"self":[{"href":"https:\/\/blog.edu.turku.fi\/turunklassillinenlukio\/wp-json\/wp\/v2\/pages\/3299","targetHints":{"allow":["GET"]}}],"collection":[{"href":"https:\/\/blog.edu.turku.fi\/turunklassillinenlukio\/wp-json\/wp\/v2\/pages"}],"about":[{"href":"https:\/\/blog.edu.turku.fi\/turunklassillinenlukio\/wp-json\/wp\/v2\/types\/page"}],"author":[{"embeddable":true,"href":"https:\/\/blog.edu.turku.fi\/turunklassillinenlukio\/wp-json\/wp\/v2\/users\/1368"}],"replies":[{"embeddable":true,"href":"https:\/\/blog.edu.turku.fi\/turunklassillinenlukio\/wp-json\/wp\/v2\/comments?post=3299"}],"version-history":[{"count":1,"href":"https:\/\/blog.edu.turku.fi\/turunklassillinenlukio\/wp-json\/wp\/v2\/pages\/3299\/revisions"}],"predecessor-version":[{"id":3302,"href":"https:\/\/blog.edu.turku.fi\/turunklassillinenlukio\/wp-json\/wp\/v2\/pages\/3299\/revisions\/3302"}],"up":[{"embeddable":true,"href":"https:\/\/blog.edu.turku.fi\/turunklassillinenlukio\/wp-json\/wp\/v2\/pages\/3265"}],"wp:attachment":[{"href":"https:\/\/blog.edu.turku.fi\/turunklassillinenlukio\/wp-json\/wp\/v2\/media?parent=3299"}],"curies":[{"name":"wp","href":"https:\/\/api.w.org\/{rel}","templated":true}]}}