{"id":3274,"date":"2017-09-08T12:59:26","date_gmt":"2017-09-08T09:59:26","guid":{"rendered":"https:\/\/blog.edu.turku.fi\/turunklassillinenlukio\/?page_id=3274"},"modified":"2017-09-08T12:59:26","modified_gmt":"2017-09-08T09:59:26","slug":"japanilaisia-yliopisto-opiskelijoita-vierailulla-25-8-2017","status":"publish","type":"page","link":"https:\/\/blog.edu.turku.fi\/turunklassillinenlukio\/tapahtumat\/tapahtumia-lukuvuodelta-2017-2018\/japanilaisia-yliopisto-opiskelijoita-vierailulla-25-8-2017\/","title":{"rendered":"Japanilaisia yliopisto-opiskelijoita vierailulla 25.8.2017"},"content":{"rendered":"<p>Koulullamme vieraili ryhm\u00e4 japanilaisia yliopisto-opiskelijoita. Kaupallisen yrityksen j\u00e4rjest\u00e4m\u00e4ll\u00e4 matkalla heid\u00e4n yhten\u00e4 tavoitteenaan oli saada tietoa suomalaisesta kouluj\u00e4rjestelm\u00e4st\u00e4 aina alakoulusta korkeakouluihin.<\/p>\n<p>Rehtori Kai Heino piti heille esityksen suomalaisesta lukiokoulutuksesta, jonka j\u00e4lkeen he vierailuvat eri oppitunneilla, seurasivat opetusta ja keskustelivat opiskelijoiden kanssa.<\/p>\n<p>Oppituntien j\u00e4lkeen he viel\u00e4 halusivat esitell\u00e4 itsens\u00e4 ja esitt\u00e4\u00e4 meille perinteisen japanilaisen tanssin koulumme liikuntasalissa. Ensin he eisttiv\u00e4t tanssin itse ja toisella kerralla ottivat mukaan my\u00f6s opiskelijamme. Videot tansseista l\u00f6ytyv\u00e4t <a href=\"https:\/\/www.facebook.com\/turunklassillinenlukio\/\">koulumme Facebook-sivuilta<\/a>.<\/p>\n<p><a href=\"https:\/\/blog.edu.turku.fi\/turunklassillinenlukio\/files\/2017\/09\/japanilaiset.jpg\"><img loading=\"lazy\" decoding=\"async\" class=\"alignnone size-medium wp-image-3275\" src=\"https:\/\/blog.edu.turku.fi\/turunklassillinenlukio\/files\/2017\/09\/japanilaiset-300x169.jpg\" alt=\"\" width=\"300\" height=\"169\" srcset=\"https:\/\/blog.edu.turku.fi\/turunklassillinenlukio\/files\/2017\/09\/japanilaiset-300x169.jpg 300w, https:\/\/blog.edu.turku.fi\/turunklassillinenlukio\/files\/2017\/09\/japanilaiset-1024x577.jpg 1024w, https:\/\/blog.edu.turku.fi\/turunklassillinenlukio\/files\/2017\/09\/japanilaiset.jpg 1200w\" sizes=\"auto, (max-width: 300px) 100vw, 300px\" \/><\/a><\/p>\n","protected":false},"excerpt":{"rendered":"<p>Koulullamme vieraili ryhm\u00e4 japanilaisia yliopisto-opiskelijoita. Kaupallisen yrityksen j\u00e4rjest\u00e4m\u00e4ll\u00e4 matkalla heid\u00e4n yhten\u00e4 tavoitteenaan oli saada tietoa suomalaisesta kouluj\u00e4rjestelm\u00e4st\u00e4 aina alakoulusta korkeakouluihin. Rehtori Kai Heino piti heille esityksen suomalaisesta lukiokoulutuksesta, jonka j\u00e4lkeen he vierailuvat eri oppitunneilla, seurasivat opetusta ja keskustelivat opiskelijoiden kanssa. &hellip; <a href=\"https:\/\/blog.edu.turku.fi\/turunklassillinenlukio\/tapahtumat\/tapahtumia-lukuvuodelta-2017-2018\/japanilaisia-yliopisto-opiskelijoita-vierailulla-25-8-2017\/\">Lue loppuun <span class=\"meta-nav\">&rarr;<\/span><\/a><\/p>\n","protected":false},"author":1368,"featured_media":0,"parent":3265,"menu_order":0,"comment_status":"closed","ping_status":"closed","template":"","meta":{"footnotes":""},"class_list":["post-3274","page","type-page","status-publish","hentry"],"_links":{"self":[{"href":"https:\/\/blog.edu.turku.fi\/turunklassillinenlukio\/wp-json\/wp\/v2\/pages\/3274","targetHints":{"allow":["GET"]}}],"collection":[{"href":"https:\/\/blog.edu.turku.fi\/turunklassillinenlukio\/wp-json\/wp\/v2\/pages"}],"about":[{"href":"https:\/\/blog.edu.turku.fi\/turunklassillinenlukio\/wp-json\/wp\/v2\/types\/page"}],"author":[{"embeddable":true,"href":"https:\/\/blog.edu.turku.fi\/turunklassillinenlukio\/wp-json\/wp\/v2\/users\/1368"}],"replies":[{"embeddable":true,"href":"https:\/\/blog.edu.turku.fi\/turunklassillinenlukio\/wp-json\/wp\/v2\/comments?post=3274"}],"version-history":[{"count":1,"href":"https:\/\/blog.edu.turku.fi\/turunklassillinenlukio\/wp-json\/wp\/v2\/pages\/3274\/revisions"}],"predecessor-version":[{"id":3276,"href":"https:\/\/blog.edu.turku.fi\/turunklassillinenlukio\/wp-json\/wp\/v2\/pages\/3274\/revisions\/3276"}],"up":[{"embeddable":true,"href":"https:\/\/blog.edu.turku.fi\/turunklassillinenlukio\/wp-json\/wp\/v2\/pages\/3265"}],"wp:attachment":[{"href":"https:\/\/blog.edu.turku.fi\/turunklassillinenlukio\/wp-json\/wp\/v2\/media?parent=3274"}],"curies":[{"name":"wp","href":"https:\/\/api.w.org\/{rel}","templated":true}]}}