{"id":3265,"date":"2017-09-07T14:55:37","date_gmt":"2017-09-07T11:55:37","guid":{"rendered":"https:\/\/blog.edu.turku.fi\/turunklassillinenlukio\/?page_id=3265"},"modified":"2018-05-14T15:26:57","modified_gmt":"2018-05-14T12:26:57","slug":"tapahtumia-lukuvuodelta-2017-2018","status":"publish","type":"page","link":"https:\/\/blog.edu.turku.fi\/turunklassillinenlukio\/tapahtumat\/tapahtumia-lukuvuodelta-2017-2018\/","title":{"rendered":"Tapahtumia lukuvuodelta 2017-2018"},"content":{"rendered":"<p>T\u00e4lle sivulle on ker\u00e4tty artikkeleita lukuvuodelta 2017-2018.<\/p>\n<p><a href=\"https:\/\/blog.edu.turku.fi\/turunklassillinenlukio\/tapahtumat\/tapahtumia-lukuvuodelta-2017-2018\/illilaisten-teatterimatkoja-lukuvuonna-2017-2018\/\">ILLIl\u00e4isten teatterimatkoja<\/a><br \/>\n<a href=\"https:\/\/blog.edu.turku.fi\/turunklassillinenlukio\/tapahtumat\/tapahtumia-lukuvuodelta-2017-2018\/japanilaisia-yliopisto-opiskelijoita-vierailulla-25-8-2017\/\">Japanilaisia yliopisto-opiskelijoita vieraili koulullamme<br \/>\n<\/a><a href=\"https:\/\/blog.edu.turku.fi\/turunklassillinenlukio\/tapahtumat\/tapahtumia-lukuvuodelta-2017-2018\/kun-koulu-loppuu-kiertue-koulullamme-28-8-2017\/\">Kun koulu loppuu -kiertue koulullamme<\/a><a href=\"https:\/\/blog.edu.turku.fi\/turunklassillinenlukio\/tapahtumat\/tapahtumia-lukuvuodelta-2017-2018\/japanilaisia-yliopisto-opiskelijoita-vierailulla-25-8-2017\/\"><br \/>\n<\/a><a href=\"https:\/\/blog.edu.turku.fi\/turunklassillinenlukio\/tapahtumat\/tapahtumia-lukuvuodelta-2017-2018\/anna-sofia-alitalon-edinburghin-yliopistosta-vierailulla\/\">Anna-Sofia Alitalo Edinburghin yliopistolta vieraili koulullamme<\/a><br \/>\n<a href=\"https:\/\/blog.edu.turku.fi\/turunklassillinenlukio\/tapahtumat\/tapahtumia-lukuvuodelta-2017-2018\/koreografiakurssin-tabula-rasa-tanssiesitys-26-9-2017\/\">Koreografikurssin tanssiesitys Tabula rasa<\/a><br \/>\n<a href=\"https:\/\/blog.edu.turku.fi\/turunklassillinenlukio\/tapahtumat\/tapahtumia-lukuvuodelta-2017-2018\/1-vuosikurssin-opiskelijat-turun-amkn-fysiikan-laboratoriossa-18-9-26-9-2017\/\">1. vuosikurssin opiskelijat Turun AMK:n fysiikan laboratoriossa<\/a><br \/>\n<a href=\"https:\/\/blog.edu.turku.fi\/turunklassillinenlukio\/tapahtumat\/tapahtumia-lukuvuodelta-2017-2018\/maantiedon-opiskelijat-openstreetmap-mapathon-tapahtumassa-9-10-2017\/\">Maantiedon opiskelijoita OpenStreetMap mapathon -tapahtumassa<\/a><br \/>\n<a href=\"https:\/\/blog.edu.turku.fi\/turunklassillinenlukio\/tapahtumat\/tapahtumia-lukuvuodelta-2017-2018\/outo-homo-menee-kouluun-monologi-11-10-2017\/\">Outo homo menee kouluun<\/a><br \/>\n<a href=\"https:\/\/blog.edu.turku.fi\/turunklassillinenlukio\/tapahtumat\/tapahtumia-lukuvuodelta-2017-2018\/ny24h-leiri-raision-lukiolla-12-13-10-2017\/\">NY24h-leiri Raision lukiolla<\/a><br \/>\n<a href=\"https:\/\/blog.edu.turku.fi\/turunklassillinenlukio\/tapahtumat\/tapahtumia-lukuvuodelta-2017-2018\/escape-room-to-the-future-13-10-2017-kakolan-laaninvankilassa\/\">Escape room to the future<\/a><br \/>\n<a href=\"https:\/\/blog.edu.turku.fi\/turunklassillinenlukio\/tapahtumat\/tapahtumia-lukuvuodelta-2017-2018\/tie-your-camel-teatteriesitys-24-10-2017\/\">Tie Your Camel<\/a><br \/>\n<a href=\"https:\/\/blog.edu.turku.fi\/turunklassillinenlukio\/tapahtumat\/tapahtumia-lukuvuodelta-2017-2018\/univiikko-23-27-10-2017\/\">Univiikko<\/a><br \/>\n<a href=\"https:\/\/blog.edu.turku.fi\/turunklassillinenlukio\/tapahtumat\/tapahtumia-lukuvuodelta-2017-2018\/tyyn-kehitysyhteistyosiipi-vierailulla-30-10-2017\/\">TYY:n Kehitysyhteisty\u00f6siipi vierailulla koulullamme<\/a><br \/>\n<a href=\"https:\/\/blog.edu.turku.fi\/turunklassillinenlukio\/tapahtumat\/tapahtumia-lukuvuodelta-2017-2018\/plan-suomen-lahettilas-pauliina-wuorivirta-vierailulla-30-10-1-11-2017\/\">Plan-l\u00e4hettil\u00e4s PauliinaWuorivirta pit\u00e4m\u00e4ss\u00e4 ty\u00f6pajoja<\/a><br \/>\n<a href=\"https:\/\/blog.edu.turku.fi\/turunklassillinenlukio\/tapahtumat\/tapahtumia-lukuvuodelta-2017-2018\/esa-pekka-kanniainen-vierailee-koululla-7-11-2017\/\">Musiikkiterapeutti Esa-Pekka Kanniainen vieraili koulullamme<\/a><br \/>\n<a href=\"https:\/\/blog.edu.turku.fi\/turunklassillinenlukio\/tapahtumat\/tapahtumia-lukuvuodelta-2017-2018\/kauhugalleria-3-4-11-2017\/\">Kauhugalleria<\/a><br \/>\n<a href=\"https:\/\/blog.edu.turku.fi\/turunklassillinenlukio\/tapahtumat\/tapahtumia-lukuvuodelta-2017-2018\/ipip-linnankatu-on-taidekatu-8-11-2018\/\">IPIP &#8211; Linnankatu on taidekatu<\/a><br \/>\n<a href=\"https:\/\/blog.edu.turku.fi\/turunklassillinenlukio\/tapahtumat\/tapahtumia-lukuvuodelta-2017-2018\/moip-projekti-koulullamme-16-11-2017\/\">MOIP!-projekti vierailulla koulullamme<\/a><br \/>\n<a href=\"https:\/\/blog.edu.turku.fi\/turunklassillinenlukio\/tapahtumat\/tapahtumia-lukuvuodelta-2017-2018\/teatteridiplomit-14-15-11-2017\/\"> Teatteridiplomit 2017<\/a><br \/>\n<a href=\"https:\/\/blog.edu.turku.fi\/turunklassillinenlukio\/tapahtumat\/tapahtumia-lukuvuodelta-2017-2018\/rapparen-jesse-p-i-skolan-29-11-2017\/\"> Rapparen Jesse P i skolan<\/a><br \/>\n<a href=\"https:\/\/blog.edu.turku.fi\/turunklassillinenlukio\/tapahtumat\/tapahtumia-lukuvuodelta-2017-2018\/kirjailija-tuomas-muraja-vierailulla-30-11-2017\/\">Kirjailija Tuomas Muraja vierailulla koulullamme<\/a><br \/>\n<a href=\"https:\/\/blog.edu.turku.fi\/turunklassillinenlukio\/tapahtumat\/tapahtumia-lukuvuodelta-2017-2018\/tuntematon-sotilas-11-12-2017\/\">Tuntematon sotilas &#8211; ostettu p\u00e4iv\u00e4n\u00e4yt\u00f6s<\/a><br \/>\n<a href=\"https:\/\/blog.edu.turku.fi\/turunklassillinenlukio\/tapahtumat\/tapahtumia-lukuvuodelta-2017-2018\/suomen-mestaruus-sokrates-vaittelykilpailussa-19-20-1-2018\/\">Suomen mestaruus Turun klassilliseen lukioon Sokrates-v\u00e4ittelykilpailussa<\/a><br \/>\n<a href=\"https:\/\/blog.edu.turku.fi\/turunklassillinenlukio\/?page_id=3738&amp;preview=true\">YES-kummi ja LifeCouch Anu Berenger vierailu koulullamme<\/a><br \/>\n<a href=\"https:\/\/blog.edu.turku.fi\/turunklassillinenlukio\/tapahtumat\/tapahtumia-lukuvuodelta-2017-2018\/too-school-for-cool-7-3-20-4-2018\/\">Too school for cool -n\u00e4ytelm\u00e4 yhteisty\u00f6ss\u00e4 TNT:n kanssa<\/a><br \/>\n<a href=\"https:\/\/blog.edu.turku.fi\/turunklassillinenlukio\/tapahtumat\/tapahtumia-lukuvuodelta-2017-2018\/broken-heart-story-12-4-2018\/\">Broken heart story &#8211; ostetut n\u00e4yt\u00f6kset<\/a><br \/>\n<a href=\"https:\/\/blog.edu.turku.fi\/turunklassillinenlukio\/tapahtumat\/tapahtumia-lukuvuodelta-2017-2018\/ranskalaisia-vieraita-19-25-4-2018\/\">Ranskalaisia vieraita koulullamme<br \/>\n<\/a> <a href=\"https:\/\/blog.edu.turku.fi\/turunklassillinenlukio\/tapahtumat\/tapahtumia-lukuvuodelta-2017-2018\/valokuvanayttely-nyt-turun-kaupungin-paakirjastossa-1-31-5-2018\/\">Valokuvan\u00e4yttely Nyt! Turun kaupungin p\u00e4\u00e4kirjastossa toukokuun ajan<\/a><a href=\"https:\/\/blog.edu.turku.fi\/turunklassillinenlukio\/tapahtumat\/tapahtumia-lukuvuodelta-2017-2018\/um100-kiertue-turun-klassillisessa-lukiossa-9-5-2018\/\"><br \/>\nUlkoministeri\u00f6 vierailee koulullamme<\/a><br \/>\n<a href=\"https:\/\/blog.edu.turku.fi\/turunklassillinenlukio\/tapahtumat\/tapahtumia-lukuvuodelta-2017-2018\/drone-koulutusta-opiskelijoille-9-5-2018\/\">Drone-koulutusta opiskelijoille<\/a><\/p>\n","protected":false},"excerpt":{"rendered":"<p>T\u00e4lle sivulle on ker\u00e4tty artikkeleita lukuvuodelta 2017-2018. ILLIl\u00e4isten teatterimatkoja Japanilaisia yliopisto-opiskelijoita vieraili koulullamme Kun koulu loppuu -kiertue koulullamme Anna-Sofia Alitalo Edinburghin yliopistolta vieraili koulullamme Koreografikurssin tanssiesitys Tabula rasa 1. vuosikurssin opiskelijat Turun AMK:n fysiikan laboratoriossa Maantiedon opiskelijoita OpenStreetMap mapathon -tapahtumassa &hellip; <a href=\"https:\/\/blog.edu.turku.fi\/turunklassillinenlukio\/tapahtumat\/tapahtumia-lukuvuodelta-2017-2018\/\">Lue loppuun <span class=\"meta-nav\">&rarr;<\/span><\/a><\/p>\n","protected":false},"author":1368,"featured_media":0,"parent":1788,"menu_order":0,"comment_status":"closed","ping_status":"closed","template":"","meta":{"footnotes":""},"class_list":["post-3265","page","type-page","status-publish","hentry"],"_links":{"self":[{"href":"https:\/\/blog.edu.turku.fi\/turunklassillinenlukio\/wp-json\/wp\/v2\/pages\/3265","targetHints":{"allow":["GET"]}}],"collection":[{"href":"https:\/\/blog.edu.turku.fi\/turunklassillinenlukio\/wp-json\/wp\/v2\/pages"}],"about":[{"href":"https:\/\/blog.edu.turku.fi\/turunklassillinenlukio\/wp-json\/wp\/v2\/types\/page"}],"author":[{"embeddable":true,"href":"https:\/\/blog.edu.turku.fi\/turunklassillinenlukio\/wp-json\/wp\/v2\/users\/1368"}],"replies":[{"embeddable":true,"href":"https:\/\/blog.edu.turku.fi\/turunklassillinenlukio\/wp-json\/wp\/v2\/comments?post=3265"}],"version-history":[{"count":38,"href":"https:\/\/blog.edu.turku.fi\/turunklassillinenlukio\/wp-json\/wp\/v2\/pages\/3265\/revisions"}],"predecessor-version":[{"id":3909,"href":"https:\/\/blog.edu.turku.fi\/turunklassillinenlukio\/wp-json\/wp\/v2\/pages\/3265\/revisions\/3909"}],"up":[{"embeddable":true,"href":"https:\/\/blog.edu.turku.fi\/turunklassillinenlukio\/wp-json\/wp\/v2\/pages\/1788"}],"wp:attachment":[{"href":"https:\/\/blog.edu.turku.fi\/turunklassillinenlukio\/wp-json\/wp\/v2\/media?parent=3265"}],"curies":[{"name":"wp","href":"https:\/\/api.w.org\/{rel}","templated":true}]}}