{"id":3179,"date":"2017-06-15T12:22:02","date_gmt":"2017-06-15T09:22:02","guid":{"rendered":"https:\/\/blog.edu.turku.fi\/turunklassillinenlukio\/?page_id=3179"},"modified":"2017-11-01T11:54:14","modified_gmt":"2017-11-01T09:54:14","slug":"lataa-microsoft-office-tuotteet-maksutta-omalle-koneellesi","status":"publish","type":"page","link":"https:\/\/blog.edu.turku.fi\/turunklassillinenlukio\/opinnot\/lataa-microsoft-office-tuotteet-maksutta-omalle-koneellesi\/","title":{"rendered":"Lataa Microsoft Office -tuotteet maksutta omalle koneellesi"},"content":{"rendered":"<p>Turun lukioiden opiskelijat voivat ladata <strong>maksutta <\/strong>Microsoft Office \u2013tuotteet omille laitteilleen. \u00c4lk\u00e4\u00e4 siis ostako turhaan maksullista Office-pakettia omalle koneellenne!<\/p>\n<p><a href=\"https:\/\/edu.turku.fi\/ohjeet\/ohjeet-microsoft-kotikayttotuotteiden-lataaminen\/\">Ohjeet ohjelmien lataamiseen l\u00f6yd\u00e4t TOP-keskuksen sivuilta.<\/a><\/p>\n","protected":false},"excerpt":{"rendered":"<p>Turun lukioiden opiskelijat voivat ladata maksutta Microsoft Office \u2013tuotteet omille laitteilleen. \u00c4lk\u00e4\u00e4 siis ostako turhaan maksullista Office-pakettia omalle koneellenne! Ohjeet ohjelmien lataamiseen l\u00f6yd\u00e4t TOP-keskuksen sivuilta.<\/p>\n","protected":false},"author":1368,"featured_media":0,"parent":805,"menu_order":1,"comment_status":"closed","ping_status":"closed","template":"","meta":{"footnotes":""},"class_list":["post-3179","page","type-page","status-publish","hentry"],"_links":{"self":[{"href":"https:\/\/blog.edu.turku.fi\/turunklassillinenlukio\/wp-json\/wp\/v2\/pages\/3179","targetHints":{"allow":["GET"]}}],"collection":[{"href":"https:\/\/blog.edu.turku.fi\/turunklassillinenlukio\/wp-json\/wp\/v2\/pages"}],"about":[{"href":"https:\/\/blog.edu.turku.fi\/turunklassillinenlukio\/wp-json\/wp\/v2\/types\/page"}],"author":[{"embeddable":true,"href":"https:\/\/blog.edu.turku.fi\/turunklassillinenlukio\/wp-json\/wp\/v2\/users\/1368"}],"replies":[{"embeddable":true,"href":"https:\/\/blog.edu.turku.fi\/turunklassillinenlukio\/wp-json\/wp\/v2\/comments?post=3179"}],"version-history":[{"count":3,"href":"https:\/\/blog.edu.turku.fi\/turunklassillinenlukio\/wp-json\/wp\/v2\/pages\/3179\/revisions"}],"predecessor-version":[{"id":3205,"href":"https:\/\/blog.edu.turku.fi\/turunklassillinenlukio\/wp-json\/wp\/v2\/pages\/3179\/revisions\/3205"}],"up":[{"embeddable":true,"href":"https:\/\/blog.edu.turku.fi\/turunklassillinenlukio\/wp-json\/wp\/v2\/pages\/805"}],"wp:attachment":[{"href":"https:\/\/blog.edu.turku.fi\/turunklassillinenlukio\/wp-json\/wp\/v2\/media?parent=3179"}],"curies":[{"name":"wp","href":"https:\/\/api.w.org\/{rel}","templated":true}]}}