{"id":3129,"date":"2017-06-02T09:56:49","date_gmt":"2017-06-02T06:56:49","guid":{"rendered":"https:\/\/blog.edu.turku.fi\/turunklassillinenlukio\/?page_id=3129"},"modified":"2018-01-15T10:25:35","modified_gmt":"2018-01-15T08:25:35","slug":"lukio-opintojen-valmistuminen","status":"publish","type":"page","link":"https:\/\/blog.edu.turku.fi\/turunklassillinenlukio\/opinnot\/lukio-opintojen-valmistuminen\/","title":{"rendered":"Lukio-opintojen valmistuminen"},"content":{"rendered":"<table>\n<tbody>\n<tr>\n<td width=\"612\">\n<p style=\"text-align: center\"><strong>P\u00c4\u00c4TT\u00d6TODISTUKSEN SAAMISEEN VAADITTAVIEN<br \/>\nSUORITUSTEN M\u00c4\u00c4R\u00c4AJAT<\/strong><\/p>\n<\/td>\n<\/tr>\n<\/tbody>\n<\/table>\n<p>Ylioppilastutkintolautakunnalle on ilmoitettava, onko kokelas oikeutettu saamaan p\u00e4\u00e4tt\u00f6todistuksen:<br \/>\n&#8211; kev\u00e4\u00e4ll\u00e4 <strong><u>5.5. menness\u00e4<br \/>\n<\/u><\/strong>&#8211; syksyll\u00e4\u00a0 <strong><u>4.11. menness\u00e4<\/u><\/strong>.<\/p>\n<p>Suoritusten arvosteluun ja muuhun selvitysty\u00f6h\u00f6n koulussa varataan noin viikko. Kokeet ja muut suoritukset on teht\u00e4v\u00e4:<br \/>\n&#8211; kev\u00e4\u00e4ll\u00e4 <strong><u>27.4. menness\u00e4<br \/>\n<\/u><\/strong>&#8211; syksyll\u00e4\u00a0 <strong><u>27.10. menness\u00e4<\/u><\/strong>.<\/p>\n<p>Jos edell\u00e4 annetut p\u00e4iv\u00e4t osuvat viikonlopun tai ko. lukuvuoden vapaap\u00e4iv\u00e4n kohdalle, <u>p\u00e4iv\u00e4m\u00e4\u00e4r\u00e4 tarkoittaa aina edelt\u00e4v\u00e4\u00e4 lukion ty\u00f6p\u00e4iv\u00e4\u00e4<\/u>.<\/p>\n<ol>\n<li>T\u00e4ll\u00e4 p\u00e4\u00e4t\u00f6ksell\u00e4 tarkennan oikeutuksen ehdot seuraaviksi:<br \/>\nM\u00e4\u00e4r\u00e4aikoihin menness\u00e4 on kaikki muualla kuin omassa lukiossa meneill\u00e4\u00e4n olevat opinnot <strong><u>opiskelijan itsens\u00e4<\/u><\/strong> ilmoitettava todistettavasti (opintokirja tai todistus oppilaitokselta tms.) koulusihteerille.<\/li>\n<li>Itsen\u00e4isi\u00e4 suorituksia ei oteta vastaan n\u00e4iden m\u00e4\u00e4r\u00e4aikojen j\u00e4lkeen.<\/li>\n<li>Uusia kursseja ei aloiteta n\u00e4iden m\u00e4\u00e4r\u00e4aikojen j\u00e4lkeen.<\/li>\n<\/ol>\n<table style=\"height: 205px\" width=\"655\">\n<tbody>\n<tr>\n<td width=\"600\">\n<p style=\"text-align: center\"><strong>N\u00e4m\u00e4 m\u00e4\u00e4r\u00e4ykset ovat n\u00e4kyvill\u00e4 koulun www-sivulla ja niist\u00e4 on tiedotettu mm. Wilmassa.<br \/>\nNiiden katsotaan siis olevan kaikkien tiedossa.<\/strong><\/p>\n<p style=\"text-align: center\"><strong>Mit\u00e4\u00e4n poikkeuksia esimerkiksi m\u00e4\u00e4r\u00e4aikojen<br \/>\nj\u00e4lkeen ilmoitettavista suorituksista ei tehd\u00e4!<\/strong><\/p>\n<\/td>\n<\/tr>\n<\/tbody>\n<\/table>\n<p>Rehtori<\/p>\n","protected":false},"excerpt":{"rendered":"<p>P\u00c4\u00c4TT\u00d6TODISTUKSEN SAAMISEEN VAADITTAVIEN SUORITUSTEN M\u00c4\u00c4R\u00c4AJAT Ylioppilastutkintolautakunnalle on ilmoitettava, onko kokelas oikeutettu saamaan p\u00e4\u00e4tt\u00f6todistuksen: &#8211; kev\u00e4\u00e4ll\u00e4 5.5. menness\u00e4 &#8211; syksyll\u00e4\u00a0 4.11. menness\u00e4. Suoritusten arvosteluun ja muuhun selvitysty\u00f6h\u00f6n koulussa varataan noin viikko. Kokeet ja muut suoritukset on teht\u00e4v\u00e4: &#8211; kev\u00e4\u00e4ll\u00e4 27.4. menness\u00e4 &hellip; <a href=\"https:\/\/blog.edu.turku.fi\/turunklassillinenlukio\/opinnot\/lukio-opintojen-valmistuminen\/\">Lue loppuun <span class=\"meta-nav\">&rarr;<\/span><\/a><\/p>\n","protected":false},"author":1368,"featured_media":0,"parent":805,"menu_order":0,"comment_status":"closed","ping_status":"closed","template":"","meta":{"footnotes":""},"class_list":["post-3129","page","type-page","status-publish","hentry"],"_links":{"self":[{"href":"https:\/\/blog.edu.turku.fi\/turunklassillinenlukio\/wp-json\/wp\/v2\/pages\/3129","targetHints":{"allow":["GET"]}}],"collection":[{"href":"https:\/\/blog.edu.turku.fi\/turunklassillinenlukio\/wp-json\/wp\/v2\/pages"}],"about":[{"href":"https:\/\/blog.edu.turku.fi\/turunklassillinenlukio\/wp-json\/wp\/v2\/types\/page"}],"author":[{"embeddable":true,"href":"https:\/\/blog.edu.turku.fi\/turunklassillinenlukio\/wp-json\/wp\/v2\/users\/1368"}],"replies":[{"embeddable":true,"href":"https:\/\/blog.edu.turku.fi\/turunklassillinenlukio\/wp-json\/wp\/v2\/comments?post=3129"}],"version-history":[{"count":4,"href":"https:\/\/blog.edu.turku.fi\/turunklassillinenlukio\/wp-json\/wp\/v2\/pages\/3129\/revisions"}],"predecessor-version":[{"id":3661,"href":"https:\/\/blog.edu.turku.fi\/turunklassillinenlukio\/wp-json\/wp\/v2\/pages\/3129\/revisions\/3661"}],"up":[{"embeddable":true,"href":"https:\/\/blog.edu.turku.fi\/turunklassillinenlukio\/wp-json\/wp\/v2\/pages\/805"}],"wp:attachment":[{"href":"https:\/\/blog.edu.turku.fi\/turunklassillinenlukio\/wp-json\/wp\/v2\/media?parent=3129"}],"curies":[{"name":"wp","href":"https:\/\/api.w.org\/{rel}","templated":true}]}}