{"id":3083,"date":"2017-05-18T13:00:42","date_gmt":"2017-05-18T10:00:42","guid":{"rendered":"https:\/\/blog.edu.turku.fi\/turunklassillinenlukio\/?page_id=3083"},"modified":"2017-05-18T13:04:01","modified_gmt":"2017-05-18T10:04:01","slug":"illilaisten-tapahtumia","status":"publish","type":"page","link":"https:\/\/blog.edu.turku.fi\/turunklassillinenlukio\/tapahtumat\/tapahtumia-lukuvuodelta-2016-2017\/illilaisten-tapahtumia\/","title":{"rendered":"ILLil\u00e4isten tapahtumia"},"content":{"rendered":"<p style=\"background: white\">Teatteri- ja media-ilmaisussa on tapahtunut paljon lukuvuoden 2016-2017 aikana. Opiskelijoiden omien esitysten ja mm. improiltojen lis\u00e4ksi olemme saaneet nauttia lukuisista matkoista, tapahtumista ja vierailijoista. N\u00e4ist\u00e4 muutamia on lueteltu alla olevassa listassa.<\/p>\n<ul>\n<li style=\"background: white\"><span style=\"font-family: 'Calibri',sans-serif;color: black\">15.9. illiykk\u00f6sten reissu Kom-teatterin Pasi was here -esitykseen<\/span><\/li>\n<li style=\"background: white\"><span style=\"font-family: 'Calibri',sans-serif;color: black\">9.9. performanssikurssin opiskelijoita esiintym\u00e4ss\u00e4 New Performance -festivaalin ja In Public, In Particular- hankkeen yhteistapahtumassa koululla<\/span><\/li>\n<li style=\"background: white\"><span style=\"font-family: 'Calibri',sans-serif;color: black\">27.9.2016 Koreografiakurssin tuotos &#8221;Terveisi\u00e4 &#8211; me l\u00f6ysimme perille!&#8221; koululla<\/span><\/li>\n<li style=\"background: white\"><span style=\"font-family: 'Calibri',sans-serif;color: black\">11.10.2016 Tanssija James McNamaran vierailu<\/span><\/li>\n<li style=\"background: white\"><span style=\"font-family: 'Calibri',sans-serif;color: black\">18.-19.11. teatteridiplomikatselmus koululla<\/span><\/li>\n<li style=\"background: white\"><span style=\"font-family: 'Calibri',sans-serif;color: black\">13.1.2017 Tanssidiplomikatselmus &#8221;The fear of 13&#8221; Aurinkobaletin tiloissa Manillassa<\/span><\/li>\n<li style=\"background: white\"><span style=\"font-family: 'Calibri',sans-serif;color: black\">Koko huhtikuun ajan Perill\u00e4-n\u00e4yttely (videoita, valokuvia, runoja) kaupunginkirjastossa.<\/span><\/li>\n<li style=\"background: white\"><span style=\"font-family: 'Calibri',sans-serif;color: black\">20.4. N\u00e4ytelm\u00e4kirjailija Satu Rasilan vierailu<\/span><\/li>\n<li style=\"background: white\">27.4. Kirjailija Heli Laaksosen vierailu<\/li>\n<li style=\"background: white\"><span style=\"font-family: 'Calibri',sans-serif;color: black\">5.5. P\u00e4in Suomea -taidetapahtuma, jossa mm. n\u00e4yttelij\u00e4 Kalle Lambergin vieraili koulussamme kertomassa n\u00e4yttelij\u00e4n arjesta. Pl\u00e4siss\u00e4 oli my\u00f6s valokuvan\u00e4yttely. <\/span><\/li>\n<li style=\"background: white\"><span style=\"font-family: 'Calibri',sans-serif;color: black\">Toukokuussa ymp\u00e4ri koulua oli esill\u00e4 n\u00e4yttelykurssin n\u00e4yttelykokonaisuudet.<\/span><\/li>\n<li style=\"background: white\"><span style=\"font-family: 'Calibri',sans-serif;color: black\">18.5 Valokuvaus 3 -kurssilaiset osallistuivat Vaftin ja Taffin j\u00e4rjest\u00e4m\u00e4\u00e4n videotaiteen festivaalin liikkuva animaatio -pajaan.<\/span><\/li>\n<li style=\"background: white\"><span style=\"font-family: 'Calibri',sans-serif;color: black\">Lis\u00e4ksi joka teatteri-ilmaisun kurssilla tehtiin vierailuja teattereihin. Vastaavasti valokuvauksen jokaisella kurssilla tehtiin n\u00e4yttelyk\u00e4yntej\u00e4 taidemuseoissa ja gallerioissa.<br \/>\n<\/span><\/li>\n<\/ul>\n","protected":false},"excerpt":{"rendered":"<p>Teatteri- ja media-ilmaisussa on tapahtunut paljon lukuvuoden 2016-2017 aikana. Opiskelijoiden omien esitysten ja mm. improiltojen lis\u00e4ksi olemme saaneet nauttia lukuisista matkoista, tapahtumista ja vierailijoista. N\u00e4ist\u00e4 muutamia on lueteltu alla olevassa listassa. 15.9. illiykk\u00f6sten reissu Kom-teatterin Pasi was here -esitykseen 9.9. &hellip; <a href=\"https:\/\/blog.edu.turku.fi\/turunklassillinenlukio\/tapahtumat\/tapahtumia-lukuvuodelta-2016-2017\/illilaisten-tapahtumia\/\">Lue loppuun <span class=\"meta-nav\">&rarr;<\/span><\/a><\/p>\n","protected":false},"author":1368,"featured_media":0,"parent":2711,"menu_order":0,"comment_status":"closed","ping_status":"closed","template":"","meta":{"footnotes":""},"class_list":["post-3083","page","type-page","status-publish","hentry"],"_links":{"self":[{"href":"https:\/\/blog.edu.turku.fi\/turunklassillinenlukio\/wp-json\/wp\/v2\/pages\/3083","targetHints":{"allow":["GET"]}}],"collection":[{"href":"https:\/\/blog.edu.turku.fi\/turunklassillinenlukio\/wp-json\/wp\/v2\/pages"}],"about":[{"href":"https:\/\/blog.edu.turku.fi\/turunklassillinenlukio\/wp-json\/wp\/v2\/types\/page"}],"author":[{"embeddable":true,"href":"https:\/\/blog.edu.turku.fi\/turunklassillinenlukio\/wp-json\/wp\/v2\/users\/1368"}],"replies":[{"embeddable":true,"href":"https:\/\/blog.edu.turku.fi\/turunklassillinenlukio\/wp-json\/wp\/v2\/comments?post=3083"}],"version-history":[{"count":3,"href":"https:\/\/blog.edu.turku.fi\/turunklassillinenlukio\/wp-json\/wp\/v2\/pages\/3083\/revisions"}],"predecessor-version":[{"id":3087,"href":"https:\/\/blog.edu.turku.fi\/turunklassillinenlukio\/wp-json\/wp\/v2\/pages\/3083\/revisions\/3087"}],"up":[{"embeddable":true,"href":"https:\/\/blog.edu.turku.fi\/turunklassillinenlukio\/wp-json\/wp\/v2\/pages\/2711"}],"wp:attachment":[{"href":"https:\/\/blog.edu.turku.fi\/turunklassillinenlukio\/wp-json\/wp\/v2\/media?parent=3083"}],"curies":[{"name":"wp","href":"https:\/\/api.w.org\/{rel}","templated":true}]}}