{"id":3014,"date":"2017-04-28T15:21:31","date_gmt":"2017-04-28T12:21:31","guid":{"rendered":"https:\/\/blog.edu.turku.fi\/turunklassillinenlukio\/?page_id=3014"},"modified":"2017-04-28T15:21:31","modified_gmt":"2017-04-28T12:21:31","slug":"plasi-pain-suomea","status":"publish","type":"page","link":"https:\/\/blog.edu.turku.fi\/turunklassillinenlukio\/tapahtumat\/tapahtumia-lukuvuodelta-2016-2017\/plasi-pain-suomea\/","title":{"rendered":"Pl\u00e4si &#8211; P\u00e4in Suomea!"},"content":{"rendered":"<div class=\"ckeditor\">\n<p><strong>Rakkaat Turun klassillisen v\u00e4ki sek\u00e4 kotijoukot.<\/strong><\/p>\n<p>Vappu on varma kev\u00e4\u00e4n merkki. Niin on my\u00f6s Pl\u00e4si eli ikioma iltap\u00e4iv\u00e4n mittainen taidefestivaalimme!\u00a0Koulumme ilmaisulinja j\u00e4rjest\u00e4\u00e4 Pl\u00e4sin perjantaina 5.5. Iltap\u00e4iv\u00e4n\u00a0aikana taide tulee p\u00e4in n\u00e4k\u00f6\u00e4 ja menee p\u00e4in Suomea kotimaamme satavuotisbileitten kunniaksi. Ja Sin\u00e4 olet tervetullut ihmettelem\u00e4\u00e4n ja ihastelemaan opiskelijoidemme taidetta ja muuten vaan maagista ilmapiiri\u00e4!\u00a0Pl\u00e4si on kaikille avoin ja ilmainen.<\/p>\n<p><strong>Ohjelma<\/strong><\/p>\n<p>Klo 12 koulumme kasvatti n\u00e4yttelij\u00e4\u00a0Kalle Lamberg saapuu kertomaan ty\u00f6skentelyst\u00e4\u00e4n taiteen ja viihteen kentill\u00e4. Tilaisuus on salissa.<\/p>\n<p>Klo 13.15 Pl\u00e4sin avajaiset kakkoskerroksen aulassa. Juhlapuhetta, p\u00f6n\u00f6tyst\u00e4 ja illiheimon Taika.<\/p>\n<p>Klo 13.30-15 taide tapahtuu eri puolilla koulua &#8211; perjantaina ilmestyv\u00e4st\u00e4 k\u00e4siohjelmasta l\u00f6yd\u00e4t tarkemmat tiedot. Luvassa on ainakin elokuvia, improa, jammailua ja pl\u00e4j\u00e4yksi\u00e4.<\/p>\n<p>Klo 15-16 virkist\u00e4ydymme taidevoileipien \u00e4\u00e4ress\u00e4 ruokalassa.\u00a0Er\u00e4\u00e4n entisen opiskelijamme\u00a0ideasta\u00a0syntynyt taidevoileip\u00e4p\u00f6yt\u00e4 on jo ilmi\u00f6: tee oma taiteellinen (ja silti sy\u00f6t\u00e4v\u00e4) voileip\u00e4si, ota kuva tai sn\u00e4pp\u00e4\u00e4. T\u00e4n\u00e4 vuonna tarjoilu toteutetaan Suomen satavuotissyntt\u00e4reiden hengess\u00e4 eli\u00a0pettuleip\u00e4\u00e4\u00a0ja omia sormia imien.\u00a0Taiteellisimmat taidevoileiv\u00e4t palkitaan my\u00f6hemmin! #taidevoileip\u00e42017<\/p>\n<p>Klo 16-18 kokoonnumme kaikki saliin. Luvassa on Open stage, jossa (nimest\u00e4 huolimatta) n\u00e4et\u00a0<em>opiskelijoiden<\/em>\u00a0tanssi-, musiikki-, runo-, ja performanssiesityksi\u00e4. P\u00e4iv\u00e4 p\u00e4\u00e4ttynee hetken yhteiseen hikoilutuokioon.<\/p>\n<p><strong>Hauskaa vappua ja syd\u00e4mellisesti tervetuloa Pl\u00e4siin!<\/strong><\/p>\n<p>T: Illiheimoneuvosto eli opiskelijat Eetu, Ipek, Julia, Nika, Atte, Heid, Taika\u00a0ja opettajat Jukka, Marja, Mattus, Seija, Viivi, Linda, Anniina, Miira sek\u00e4 kaikki Pl\u00e4siss\u00e4 esiintyv\u00e4t taiteilijat<\/p>\n<p>#pl\u00e4si #illilinja #turunklassillinenlukio #artsuujalovee<\/p>\n<\/div>\n","protected":false},"excerpt":{"rendered":"<p>Rakkaat Turun klassillisen v\u00e4ki sek\u00e4 kotijoukot. Vappu on varma kev\u00e4\u00e4n merkki. Niin on my\u00f6s Pl\u00e4si eli ikioma iltap\u00e4iv\u00e4n mittainen taidefestivaalimme!\u00a0Koulumme ilmaisulinja j\u00e4rjest\u00e4\u00e4 Pl\u00e4sin perjantaina 5.5. Iltap\u00e4iv\u00e4n\u00a0aikana taide tulee p\u00e4in n\u00e4k\u00f6\u00e4 ja menee p\u00e4in Suomea kotimaamme satavuotisbileitten kunniaksi. Ja Sin\u00e4 olet &hellip; <a href=\"https:\/\/blog.edu.turku.fi\/turunklassillinenlukio\/tapahtumat\/tapahtumia-lukuvuodelta-2016-2017\/plasi-pain-suomea\/\">Lue loppuun <span class=\"meta-nav\">&rarr;<\/span><\/a><\/p>\n","protected":false},"author":1368,"featured_media":0,"parent":2711,"menu_order":0,"comment_status":"closed","ping_status":"closed","template":"","meta":{"footnotes":""},"class_list":["post-3014","page","type-page","status-publish","hentry"],"_links":{"self":[{"href":"https:\/\/blog.edu.turku.fi\/turunklassillinenlukio\/wp-json\/wp\/v2\/pages\/3014","targetHints":{"allow":["GET"]}}],"collection":[{"href":"https:\/\/blog.edu.turku.fi\/turunklassillinenlukio\/wp-json\/wp\/v2\/pages"}],"about":[{"href":"https:\/\/blog.edu.turku.fi\/turunklassillinenlukio\/wp-json\/wp\/v2\/types\/page"}],"author":[{"embeddable":true,"href":"https:\/\/blog.edu.turku.fi\/turunklassillinenlukio\/wp-json\/wp\/v2\/users\/1368"}],"replies":[{"embeddable":true,"href":"https:\/\/blog.edu.turku.fi\/turunklassillinenlukio\/wp-json\/wp\/v2\/comments?post=3014"}],"version-history":[{"count":1,"href":"https:\/\/blog.edu.turku.fi\/turunklassillinenlukio\/wp-json\/wp\/v2\/pages\/3014\/revisions"}],"predecessor-version":[{"id":3015,"href":"https:\/\/blog.edu.turku.fi\/turunklassillinenlukio\/wp-json\/wp\/v2\/pages\/3014\/revisions\/3015"}],"up":[{"embeddable":true,"href":"https:\/\/blog.edu.turku.fi\/turunklassillinenlukio\/wp-json\/wp\/v2\/pages\/2711"}],"wp:attachment":[{"href":"https:\/\/blog.edu.turku.fi\/turunklassillinenlukio\/wp-json\/wp\/v2\/media?parent=3014"}],"curies":[{"name":"wp","href":"https:\/\/api.w.org\/{rel}","templated":true}]}}