{"id":301,"date":"2013-10-30T10:22:25","date_gmt":"2013-10-30T08:22:25","guid":{"rendered":"https:\/\/blog.edu.turku.fi\/turunklassillinenlukio\/?page_id=301"},"modified":"2016-06-14T10:51:21","modified_gmt":"2016-06-14T07:51:21","slug":"historiikki-2","status":"publish","type":"page","link":"https:\/\/blog.edu.turku.fi\/turunklassillinenlukio\/historiaa\/historiikki-2\/","title":{"rendered":"Historiamme lyhyt oppim\u00e4\u00e4r\u00e4"},"content":{"rendered":"<p>Historia<\/p>\n<p>Maamme sivistyksest\u00e4 huolestuneiden yksityishenkil\u00f6iden toimeenpaneman ker\u00e4yksen turvin perustettiin kaupunkimme ja koko maakuntamme ensimm\u00e4inen suomenkielinen ylioppilastutkintoon johtava oppikoulu, l\u00e4nsimaista klassillista kulttuuriperint\u00f6\u00e4 yll\u00e4pit\u00e4v\u00e4 TURUN SUOMALAINEN LYSEO (1879).<\/p>\n<div id=\"attachment_299\" style=\"width: 310px\" class=\"wp-caption alignleft\"><a href=\"https:\/\/blog.edu.turku.fi\/turunklassillinenlukio\/files\/2013\/10\/spinhuusi.jpg\"><img loading=\"lazy\" decoding=\"async\" aria-describedby=\"caption-attachment-299\" class=\"wp-image-299 size-medium\" src=\"https:\/\/blog.edu.turku.fi\/turunklassillinenlukio\/files\/2013\/10\/spinhuusi-300x201.jpg\" alt=\"spinhuusi\" width=\"300\" height=\"201\" srcset=\"https:\/\/blog.edu.turku.fi\/turunklassillinenlukio\/files\/2013\/10\/spinhuusi-300x201.jpg 300w, https:\/\/blog.edu.turku.fi\/turunklassillinenlukio\/files\/2013\/10\/spinhuusi.jpg 340w\" sizes=\"auto, (max-width: 300px) 100vw, 300px\" \/><\/a><p id=\"caption-attachment-299\" class=\"wp-caption-text\">Koulutalo Linnankadulta n\u00e4htyn\u00e4 11.10.1929<\/p><\/div>\n<p>Uudeksi nimeksi tuli TURUN SUOMALAINEN VALTIOLYSEO (1883), kun yksityislyseoon lakattiin ottamasta uusia oppilaita. Yksityislyseon ja valtiolyseon sulauduttua yhdeksi oppikouluksi muodostui TURUN SUOMALAINEN LYSEO (1887).<\/p>\n<p>&nbsp;<\/p>\n<p>&nbsp;<\/p>\n<p>Kun reaaliosasto oli erotettu erilliseksi kouluksi, vastasi TURUN SUOMALAINEN KLASSILLINEN LYSEO (1903), my\u00f6hempi TURUN KLASSILLINEN LYSEO (1950) yksin perinteisest\u00e4 teht\u00e4v\u00e4st\u00e4\u00e4n. Oppilaitoksen historian ensimm\u00e4isten tytt\u00f6jen tultua kouluun muodostui TURUN KLASSILLINEN YHTEISLYSEO (1972). Peruskouluj\u00e4rjestelm\u00e4n noudattama tapa nimitt\u00e4\u00e4 koulu muun kuin tarkoitusper\u00e4n mukaan pakotti Klassikonkin ottamaan nimet ESKELIN KOULU JA LUKIO (1976). T\u00e4ytt\u00e4ess\u00e4\u00e4n 100 vuotta oppilaitos sai takaisin sille kuuluvan nimen TURUN KLASSIKON LUKIO (1979). Yl\u00e4asteesta puolestaan tuli KLASSIKON KOULU (1985).<\/p>\n<div id=\"attachment_304\" style=\"width: 250px\" class=\"wp-caption alignleft\"><a href=\"https:\/\/blog.edu.turku.fi\/turunklassillinenlukio\/files\/2013\/10\/Herttuatalo1961a.jpg\"><img loading=\"lazy\" decoding=\"async\" aria-describedby=\"caption-attachment-304\" class=\"wp-image-304 size-full\" src=\"https:\/\/blog.edu.turku.fi\/turunklassillinenlukio\/files\/2013\/10\/Herttuatalo1961a.jpg\" alt=\"Herttuatalo1961a\" width=\"240\" height=\"240\" srcset=\"https:\/\/blog.edu.turku.fi\/turunklassillinenlukio\/files\/2013\/10\/Herttuatalo1961a.jpg 240w, https:\/\/blog.edu.turku.fi\/turunklassillinenlukio\/files\/2013\/10\/Herttuatalo1961a-150x150.jpg 150w\" sizes=\"auto, (max-width: 240px) 100vw, 240px\" \/><\/a><p id=\"caption-attachment-304\" class=\"wp-caption-text\">Juhana Herttuan lukion koulutalo<\/p><\/div>\n<p>Suurten ik\u00e4luokkien tullessa kouluik\u00e4\u00e4n 1950-luvulla tarvittiin Turussakin lis\u00e4\u00e4 koulutilaa. TURUN TOISEN YHTEISKOULUN kannatusyhdistys perustettiin 1958 ja TURUN TOINEN YHTEISKOULU alkoi toimia ylioppilastutkintoon johtavana kouluna iltavuorossa Kupittaan yhteiskoulun tiloissa syksyll\u00e4 1959. Koulun nimi muutettiin JUHANA HERTTUAN YHTEISKOU-LUKSI, kun uusi koulutalo otettiin\u00a0 k\u00e4ytt\u00f6\u00f6n 1960. Yhteiskoulu jaettiin 1976 peruskoulun tullessa\u00a0 JUHANA HERTTUAN LUKIOKSI JA KOULUKSI.<\/p>\n<p>Lukuvuoden 2013-2014 alusta Linnankadun kiinteist\u00f6ss\u00e4 toimii vain lukio. Juhana Herttuan lukio, jossa toimii valtakunnallinen ilmaisulinja eli virallisemmin taideviestint\u00e4linja, ja Turun Klassikon lukio yhdistyiv\u00e4t 1.8.2013. Muodostetun uuden lukion nimeksi tuli Turun klassillinen lukio.<\/p>\n<div id=\"attachment_874\" style=\"width: 310px\" class=\"wp-caption alignleft\"><a href=\"https:\/\/blog.edu.turku.fi\/turunklassillinenlukio\/files\/2013\/10\/koulu_eskelinkadun_ja_linnankadun-kulmauksesta1.jpg\"><img loading=\"lazy\" decoding=\"async\" aria-describedby=\"caption-attachment-874\" class=\"wp-image-874 size-medium\" src=\"https:\/\/blog.edu.turku.fi\/turunklassillinenlukio\/files\/2013\/10\/koulu_eskelinkadun_ja_linnankadun-kulmauksesta1-300x225.jpg\" alt=\"koulu_eskelinkadun_ja_linnankadun kulmauksesta\" width=\"300\" height=\"225\" srcset=\"https:\/\/blog.edu.turku.fi\/turunklassillinenlukio\/files\/2013\/10\/koulu_eskelinkadun_ja_linnankadun-kulmauksesta1-300x225.jpg 300w, https:\/\/blog.edu.turku.fi\/turunklassillinenlukio\/files\/2013\/10\/koulu_eskelinkadun_ja_linnankadun-kulmauksesta1.jpg 852w\" sizes=\"auto, (max-width: 300px) 100vw, 300px\" \/><\/a><p id=\"caption-attachment-874\" class=\"wp-caption-text\">Turun klassillisen lukion 1964 valmistunut koulutalo Linnankadun ja Eskelinkadun risteyksest\u00e4 n\u00e4htyn\u00e4<\/p><\/div>\n<p><span style=\"text-indent: 20px;width: auto;padding: 0px 4px 0px 0px;text-align: center;font: bold 11px\/20px 'Helvetica Neue',Helvetica,sans-serif;color: #ffffff;background: #bd081c  no-repeat scroll 3px 50% \/ 14px 14px;cursor: pointer\">Tallenna<\/span><\/p>\n","protected":false},"excerpt":{"rendered":"<p>Historia Maamme sivistyksest\u00e4 huolestuneiden yksityishenkil\u00f6iden toimeenpaneman ker\u00e4yksen turvin perustettiin kaupunkimme ja koko maakuntamme ensimm\u00e4inen suomenkielinen ylioppilastutkintoon johtava oppikoulu, l\u00e4nsimaista klassillista kulttuuriperint\u00f6\u00e4 yll\u00e4pit\u00e4v\u00e4 TURUN SUOMALAINEN LYSEO (1879). Uudeksi nimeksi tuli TURUN SUOMALAINEN VALTIOLYSEO (1883), kun yksityislyseoon lakattiin ottamasta uusia oppilaita. Yksityislyseon &hellip; <a href=\"https:\/\/blog.edu.turku.fi\/turunklassillinenlukio\/historiaa\/historiikki-2\/\">Lue loppuun <span class=\"meta-nav\">&rarr;<\/span><\/a><\/p>\n","protected":false},"author":723,"featured_media":0,"parent":1100,"menu_order":1,"comment_status":"closed","ping_status":"closed","template":"","meta":{"footnotes":""},"class_list":["post-301","page","type-page","status-publish","hentry"],"_links":{"self":[{"href":"https:\/\/blog.edu.turku.fi\/turunklassillinenlukio\/wp-json\/wp\/v2\/pages\/301","targetHints":{"allow":["GET"]}}],"collection":[{"href":"https:\/\/blog.edu.turku.fi\/turunklassillinenlukio\/wp-json\/wp\/v2\/pages"}],"about":[{"href":"https:\/\/blog.edu.turku.fi\/turunklassillinenlukio\/wp-json\/wp\/v2\/types\/page"}],"author":[{"embeddable":true,"href":"https:\/\/blog.edu.turku.fi\/turunklassillinenlukio\/wp-json\/wp\/v2\/users\/723"}],"replies":[{"embeddable":true,"href":"https:\/\/blog.edu.turku.fi\/turunklassillinenlukio\/wp-json\/wp\/v2\/comments?post=301"}],"version-history":[{"count":19,"href":"https:\/\/blog.edu.turku.fi\/turunklassillinenlukio\/wp-json\/wp\/v2\/pages\/301\/revisions"}],"predecessor-version":[{"id":2515,"href":"https:\/\/blog.edu.turku.fi\/turunklassillinenlukio\/wp-json\/wp\/v2\/pages\/301\/revisions\/2515"}],"up":[{"embeddable":true,"href":"https:\/\/blog.edu.turku.fi\/turunklassillinenlukio\/wp-json\/wp\/v2\/pages\/1100"}],"wp:attachment":[{"href":"https:\/\/blog.edu.turku.fi\/turunklassillinenlukio\/wp-json\/wp\/v2\/media?parent=301"}],"curies":[{"name":"wp","href":"https:\/\/api.w.org\/{rel}","templated":true}]}}