{"id":3008,"date":"2017-04-28T15:11:58","date_gmt":"2017-04-28T12:11:58","guid":{"rendered":"https:\/\/blog.edu.turku.fi\/turunklassillinenlukio\/?page_id=3008"},"modified":"2019-06-11T13:11:51","modified_gmt":"2019-06-11T10:11:51","slug":"hyvinvointipaiva-3-5-2017","status":"publish","type":"page","link":"https:\/\/blog.edu.turku.fi\/turunklassillinenlukio\/tapahtumat\/tapahtumia-lukuvuodelta-2016-2017\/hyvinvointipaiva-3-5-2017\/","title":{"rendered":"Hyvinvointip\u00e4iv\u00e4 3.5.2017"},"content":{"rendered":"<p><strong>OHJELMA<\/strong><\/p>\n<p>Ykk\u00f6set jaetaan kolmeen ryhm\u00e4\u00e4n sukunimen mukaan:<br \/>\nRyhm\u00e4 1: Aadeli-Kaunisto<br \/>\nRyhm\u00e4 2: Ker\u00e4nen-Oinas<br \/>\nRyhm\u00e4 3: Orpana-Zagorodniy<\/p>\n<p>Aamup\u00e4iv\u00e4ll\u00e4 on 3 paikkaa, miss\u00e4 heid\u00e4n pit\u00e4\u00e4 olla:<br \/>\n1) Ohjaamo (Yliopistonkatu 25 A),<br \/>\n2) Jooga kurssi tai Syli ry:n luento (opiskelija saa valita)<br \/>\n3) Turku Amazing Race-kaupunkisuunnistus<\/p>\n<table border=\"1\" cellspacing=\"1\" cellpadding=\"1\">\n<caption>Aamup\u00e4iv\u00e4<\/caption>\n<thead>\n<tr>\n<th scope=\"col\">Kello<\/th>\n<th scope=\"col\">Ohjaamo<\/th>\n<th scope=\"col\">Jooga\/Syli<\/th>\n<th scope=\"col\">Turku Amazing Race<\/th>\n<\/tr>\n<\/thead>\n<tbody>\n<tr>\n<td>8.15- 9<\/td>\n<td>\u00a0Ryhm\u00e4 1<\/td>\n<td>\u00a0Ryhm\u00e4 2<\/td>\n<td>\u00a0Ryhm\u00e4 3<\/td>\n<\/tr>\n<tr>\n<td>9.15- 10<\/td>\n<td>\u00a0Ryhm\u00e4 3<\/td>\n<td>\u00a0Ryhm\u00e4 1<\/td>\n<td>\u00a0Ryhm\u00e4 2<\/td>\n<\/tr>\n<tr>\n<td>10.15-11<\/td>\n<td>\u00a0Ryhm\u00e4 2<\/td>\n<td>\u00a0Ryhm\u00e4 3<\/td>\n<td>\u00a0Ryhm\u00e4 1<\/td>\n<\/tr>\n<\/tbody>\n<\/table>\n<p>Ykk\u00f6set ruokailevat klo 11-11.25, jonka j\u00e4lkeen kakkoset klo 11.25 l\u00e4htien.<\/p>\n<p>Iltap\u00e4iv\u00e4n aktiviteetit alkaa suurilta osin klo 12.<\/p>\n","protected":false},"excerpt":{"rendered":"<p>OHJELMA Ykk\u00f6set jaetaan kolmeen ryhm\u00e4\u00e4n sukunimen mukaan: Ryhm\u00e4 1: Aadeli-Kaunisto Ryhm\u00e4 2: Ker\u00e4nen-Oinas Ryhm\u00e4 3: Orpana-Zagorodniy Aamup\u00e4iv\u00e4ll\u00e4 on 3 paikkaa, miss\u00e4 heid\u00e4n pit\u00e4\u00e4 olla: 1) Ohjaamo (Yliopistonkatu 25 A), 2) Jooga kurssi tai Syli ry:n luento (opiskelija saa valita) 3) &hellip; <a href=\"https:\/\/blog.edu.turku.fi\/turunklassillinenlukio\/tapahtumat\/tapahtumia-lukuvuodelta-2016-2017\/hyvinvointipaiva-3-5-2017\/\">Lue loppuun <span class=\"meta-nav\">&rarr;<\/span><\/a><\/p>\n","protected":false},"author":1368,"featured_media":0,"parent":2711,"menu_order":0,"comment_status":"closed","ping_status":"closed","template":"","meta":{"footnotes":""},"class_list":["post-3008","page","type-page","status-publish","hentry"],"_links":{"self":[{"href":"https:\/\/blog.edu.turku.fi\/turunklassillinenlukio\/wp-json\/wp\/v2\/pages\/3008","targetHints":{"allow":["GET"]}}],"collection":[{"href":"https:\/\/blog.edu.turku.fi\/turunklassillinenlukio\/wp-json\/wp\/v2\/pages"}],"about":[{"href":"https:\/\/blog.edu.turku.fi\/turunklassillinenlukio\/wp-json\/wp\/v2\/types\/page"}],"author":[{"embeddable":true,"href":"https:\/\/blog.edu.turku.fi\/turunklassillinenlukio\/wp-json\/wp\/v2\/users\/1368"}],"replies":[{"embeddable":true,"href":"https:\/\/blog.edu.turku.fi\/turunklassillinenlukio\/wp-json\/wp\/v2\/comments?post=3008"}],"version-history":[{"count":2,"href":"https:\/\/blog.edu.turku.fi\/turunklassillinenlukio\/wp-json\/wp\/v2\/pages\/3008\/revisions"}],"predecessor-version":[{"id":4744,"href":"https:\/\/blog.edu.turku.fi\/turunklassillinenlukio\/wp-json\/wp\/v2\/pages\/3008\/revisions\/4744"}],"up":[{"embeddable":true,"href":"https:\/\/blog.edu.turku.fi\/turunklassillinenlukio\/wp-json\/wp\/v2\/pages\/2711"}],"wp:attachment":[{"href":"https:\/\/blog.edu.turku.fi\/turunklassillinenlukio\/wp-json\/wp\/v2\/media?parent=3008"}],"curies":[{"name":"wp","href":"https:\/\/api.w.org\/{rel}","templated":true}]}}