{"id":30,"date":"2013-01-15T13:27:38","date_gmt":"2013-01-15T11:27:38","guid":{"rendered":"https:\/\/blog.edu.turku.fi\/turunklassillinenlukio\/?page_id=30"},"modified":"2017-01-05T10:32:58","modified_gmt":"2017-01-05T08:32:58","slug":"yleislinja","status":"publish","type":"page","link":"https:\/\/blog.edu.turku.fi\/turunklassillinenlukio\/hakeminen\/yleislinja\/","title":{"rendered":"Yleislinja"},"content":{"rendered":"<p><strong>Hakeminen yleislinjalle<\/strong><\/p>\n<p>Turun klassilliseen lukioon haetaan lukiokoulutuksen <a href=\"https:\/\/opintopolku.fi\/wp\/fi\/\">yhteisvalintaj\u00e4rjestelm\u00e4n<\/a> kautta (ks. Koulutusopas peruskoulun j\u00e4lkeiseen koulutukseen tai kysy opoltasi).<\/p>\n<p>Turun lukioiden ainevalintakortti l\u00f6ytyy s\u00e4hk\u00f6isen\u00e4 <a href=\"http:\/\/www.turku.fi\/yhteishaku\/hakeminen\">Turun kaupungin sivuilta<\/a>.<\/p>\n<p>Lukiomme normaalilinjan oppilaitoskoodimme on 0552.<\/p>\n","protected":false},"excerpt":{"rendered":"<p>Hakeminen yleislinjalle Turun klassilliseen lukioon haetaan lukiokoulutuksen yhteisvalintaj\u00e4rjestelm\u00e4n kautta (ks. Koulutusopas peruskoulun j\u00e4lkeiseen koulutukseen tai kysy opoltasi). Turun lukioiden ainevalintakortti l\u00f6ytyy s\u00e4hk\u00f6isen\u00e4 Turun kaupungin sivuilta. Lukiomme normaalilinjan oppilaitoskoodimme on 0552.<\/p>\n","protected":false},"author":98,"featured_media":0,"parent":28,"menu_order":1,"comment_status":"closed","ping_status":"closed","template":"","meta":{"footnotes":""},"class_list":["post-30","page","type-page","status-publish","hentry"],"_links":{"self":[{"href":"https:\/\/blog.edu.turku.fi\/turunklassillinenlukio\/wp-json\/wp\/v2\/pages\/30","targetHints":{"allow":["GET"]}}],"collection":[{"href":"https:\/\/blog.edu.turku.fi\/turunklassillinenlukio\/wp-json\/wp\/v2\/pages"}],"about":[{"href":"https:\/\/blog.edu.turku.fi\/turunklassillinenlukio\/wp-json\/wp\/v2\/types\/page"}],"author":[{"embeddable":true,"href":"https:\/\/blog.edu.turku.fi\/turunklassillinenlukio\/wp-json\/wp\/v2\/users\/98"}],"replies":[{"embeddable":true,"href":"https:\/\/blog.edu.turku.fi\/turunklassillinenlukio\/wp-json\/wp\/v2\/comments?post=30"}],"version-history":[{"count":10,"href":"https:\/\/blog.edu.turku.fi\/turunklassillinenlukio\/wp-json\/wp\/v2\/pages\/30\/revisions"}],"predecessor-version":[{"id":2889,"href":"https:\/\/blog.edu.turku.fi\/turunklassillinenlukio\/wp-json\/wp\/v2\/pages\/30\/revisions\/2889"}],"up":[{"embeddable":true,"href":"https:\/\/blog.edu.turku.fi\/turunklassillinenlukio\/wp-json\/wp\/v2\/pages\/28"}],"wp:attachment":[{"href":"https:\/\/blog.edu.turku.fi\/turunklassillinenlukio\/wp-json\/wp\/v2\/media?parent=30"}],"curies":[{"name":"wp","href":"https:\/\/api.w.org\/{rel}","templated":true}]}}