{"id":2851,"date":"2016-12-07T14:24:48","date_gmt":"2016-12-07T12:24:48","guid":{"rendered":"https:\/\/blog.edu.turku.fi\/turunklassillinenlukio\/?page_id=2851"},"modified":"2016-12-07T14:24:48","modified_gmt":"2016-12-07T12:24:48","slug":"matemaatikko-katie-steckensin-luento-7-12-2016","status":"publish","type":"page","link":"https:\/\/blog.edu.turku.fi\/turunklassillinenlukio\/tapahtumat\/tapahtumia-lukuvuodelta-2016-2017\/matemaatikko-katie-steckensin-luento-7-12-2016\/","title":{"rendered":"Matemaatikko Katie Steckensin luento 7.12.2016"},"content":{"rendered":"<p>Katie Steckens luennoi ke 7.12 klo 11.45 Turun ty\u00f6v\u00e4enopiston auditoriossa aiheesta The Hidden Maths of Technology. Meid\u00e4n lukiosta luentoa l\u00e4hti kuuntelemaan kolmisenkymment\u00e4 opiskelijaa opettaja Miia Anttilan johdolla.<\/p>\n<p>Katie Steckens on englantilainen matemaatikko, jonka yliopisto toi Suomeen luennoimaan. Luennolla h\u00e4n kertoi esimerkkien avulla matematiikan sis\u00e4ltymisest\u00e4 arkip\u00e4iv\u00e4isiin asioihin, joita k\u00e4yt\u00e4mme, n\u00e4emme ja k\u00e4sittelemme.<\/p>\n<p><em>The Hidden Maths of Technology<br \/>\nThere are numbers all around us that make our modern lives possible. From rescuing your lost words in text messages, to taking selfies and buying products online. Katie will introduce some of the mathematical ideas used in storing, sending and manipulating information, and talk about her recent MegaPixel project &#8211; to build the world&#8217;s largest digital photograph, coloured in by hand.<\/em><\/p>\n","protected":false},"excerpt":{"rendered":"<p>Katie Steckens luennoi ke 7.12 klo 11.45 Turun ty\u00f6v\u00e4enopiston auditoriossa aiheesta The Hidden Maths of Technology. Meid\u00e4n lukiosta luentoa l\u00e4hti kuuntelemaan kolmisenkymment\u00e4 opiskelijaa opettaja Miia Anttilan johdolla. Katie Steckens on englantilainen matemaatikko, jonka yliopisto toi Suomeen luennoimaan. Luennolla h\u00e4n kertoi &hellip; <a href=\"https:\/\/blog.edu.turku.fi\/turunklassillinenlukio\/tapahtumat\/tapahtumia-lukuvuodelta-2016-2017\/matemaatikko-katie-steckensin-luento-7-12-2016\/\">Lue loppuun <span class=\"meta-nav\">&rarr;<\/span><\/a><\/p>\n","protected":false},"author":1368,"featured_media":0,"parent":2711,"menu_order":0,"comment_status":"closed","ping_status":"closed","template":"","meta":{"footnotes":""},"class_list":["post-2851","page","type-page","status-publish","hentry"],"_links":{"self":[{"href":"https:\/\/blog.edu.turku.fi\/turunklassillinenlukio\/wp-json\/wp\/v2\/pages\/2851","targetHints":{"allow":["GET"]}}],"collection":[{"href":"https:\/\/blog.edu.turku.fi\/turunklassillinenlukio\/wp-json\/wp\/v2\/pages"}],"about":[{"href":"https:\/\/blog.edu.turku.fi\/turunklassillinenlukio\/wp-json\/wp\/v2\/types\/page"}],"author":[{"embeddable":true,"href":"https:\/\/blog.edu.turku.fi\/turunklassillinenlukio\/wp-json\/wp\/v2\/users\/1368"}],"replies":[{"embeddable":true,"href":"https:\/\/blog.edu.turku.fi\/turunklassillinenlukio\/wp-json\/wp\/v2\/comments?post=2851"}],"version-history":[{"count":1,"href":"https:\/\/blog.edu.turku.fi\/turunklassillinenlukio\/wp-json\/wp\/v2\/pages\/2851\/revisions"}],"predecessor-version":[{"id":2852,"href":"https:\/\/blog.edu.turku.fi\/turunklassillinenlukio\/wp-json\/wp\/v2\/pages\/2851\/revisions\/2852"}],"up":[{"embeddable":true,"href":"https:\/\/blog.edu.turku.fi\/turunklassillinenlukio\/wp-json\/wp\/v2\/pages\/2711"}],"wp:attachment":[{"href":"https:\/\/blog.edu.turku.fi\/turunklassillinenlukio\/wp-json\/wp\/v2\/media?parent=2851"}],"curies":[{"name":"wp","href":"https:\/\/api.w.org\/{rel}","templated":true}]}}