{"id":2820,"date":"2016-11-15T15:39:08","date_gmt":"2016-11-15T13:39:08","guid":{"rendered":"https:\/\/blog.edu.turku.fi\/turunklassillinenlukio\/?page_id=2820"},"modified":"2019-06-10T14:03:49","modified_gmt":"2019-06-10T11:03:49","slug":"kauhugalleria-4-5-11-2016-ja-nenapaiva-11-11-2016","status":"publish","type":"page","link":"https:\/\/blog.edu.turku.fi\/turunklassillinenlukio\/tapahtumat\/tapahtumia-lukuvuodelta-2016-2017\/kauhugalleria-4-5-11-2016-ja-nenapaiva-11-11-2016\/","title":{"rendered":"Kauhugalleria 28.-29.10.2016 ja Nen\u00e4p\u00e4iv\u00e4 11.11.2016"},"content":{"rendered":"<p><span class=\"_4n-j fsl\">Turun klassillisen lukion kellarit muuttuivat taas j\u00e4nnitt\u00e4v\u00e4ksi Kauhugalleriaksi. Kauhugalleriaa pidettiin sek\u00e4 perjantaina 28.10. lukion omille opiskelijoille ett\u00e4 lauantaina 29.10. muulle yleis\u00f6lle. T\u00e4n\u00e4 vuonna kauhugallerian aiheena oli sairaala kammottavine erityisosastoineen. Luvassa oli siis johdettua el\u00e4mysteatterikierrossta, jonka aikana p\u00e4\u00e4si n\u00e4kem\u00e4\u00e4n esimerkiksi pelottavia velhoja myrkkykeitostensa kokkailussa, karmeita kummituksia, hulluja tiedemiehi\u00e4 ja hirveit\u00e4 lasarettikohtauksia muinaisilta vuosisadoilta mustine surmineen ja ruttoineen!<br \/>\nMukana on my\u00f6s perinteisi\u00e4 satuhahmoja ja uudempia elokuvahenkil\u00f6it\u00e4 ym. j\u00e4nnitt\u00e4v\u00e4\u00e4!<br \/>\n<\/span><\/p>\n<p><span class=\"_4n-j fsl\">Lis\u00e4ksi on tarjolla kisoja ja puuhaa halloween-tyyliin, on kahvio ja mahdollisuus mm. kasvomaalaukseen sek\u00e4 valokuvaamiseen yhdess\u00e4 kammottavien figuurien kanssa. <\/span>Kauhugalleriasta saadut tulot lahjoitimme Nen\u00e4p\u00e4iv\u00e4n ker\u00e4ykseen, yhteens\u00e4 760,80\u20ac.<\/p>\n<p>Itse Nen\u00e4p\u00e4iv\u00e4n\u00e4 perjantaina 11.11. ker\u00e4yslippaisiin ker\u00e4ttiin 1575,15\u20ac. Yhteens\u00e4 Turun klassillisen lukion ker\u00e4ykseen lahjoittama summa oli siis 2335,95\u20ac, jolla saimme Ylen Nen\u00e4p\u00e4iv\u00e4showssa ihan oman hetkemme, siihen voit tutustua <a href=\"https:\/\/drive.google.com\/open?id=0B_m_wuUtDh8wcWdkcEdFNWlFczg\">t\u00e4st\u00e4<\/a>.<\/p>\n<p>Maailman lapset kiitt\u00e4v\u00e4t!<\/p>\n<p><a href=\"https:\/\/blog.edu.turku.fi\/turunklassillinenlukio\/files\/2016\/11\/IMG_1094.jpg\"><img loading=\"lazy\" decoding=\"async\" class=\"alignnone size-medium wp-image-2830\" src=\"https:\/\/blog.edu.turku.fi\/turunklassillinenlukio\/files\/2016\/11\/IMG_1094-300x224.jpg\" alt=\"img_1094\" width=\"300\" height=\"224\" srcset=\"https:\/\/blog.edu.turku.fi\/turunklassillinenlukio\/files\/2016\/11\/IMG_1094-300x224.jpg 300w, https:\/\/blog.edu.turku.fi\/turunklassillinenlukio\/files\/2016\/11\/IMG_1094-1024x765.jpg 1024w, https:\/\/blog.edu.turku.fi\/turunklassillinenlukio\/files\/2016\/11\/IMG_1094.jpg 2048w\" sizes=\"auto, (max-width: 300px) 100vw, 300px\" \/><\/a><a href=\"https:\/\/blog.edu.turku.fi\/turunklassillinenlukio\/files\/2016\/11\/2016-11-11-12.18.29.jpg\"> <img loading=\"lazy\" decoding=\"async\" class=\"alignnone size-medium wp-image-2822\" src=\"https:\/\/blog.edu.turku.fi\/turunklassillinenlukio\/files\/2016\/11\/2016-11-11-12.18.29-169x300.jpg\" alt=\"2016-11-11-12-18-29\" width=\"169\" height=\"300\" srcset=\"https:\/\/blog.edu.turku.fi\/turunklassillinenlukio\/files\/2016\/11\/2016-11-11-12.18.29-169x300.jpg 169w, https:\/\/blog.edu.turku.fi\/turunklassillinenlukio\/files\/2016\/11\/2016-11-11-12.18.29-576x1024.jpg 576w, https:\/\/blog.edu.turku.fi\/turunklassillinenlukio\/files\/2016\/11\/2016-11-11-12.18.29.jpg 1152w\" sizes=\"auto, (max-width: 169px) 100vw, 169px\" \/><\/a><a href=\"https:\/\/blog.edu.turku.fi\/turunklassillinenlukio\/files\/2016\/11\/nen\u00e4p\u00e4iv\u00e4.jpg\"> <img loading=\"lazy\" decoding=\"async\" class=\"alignnone size-medium wp-image-2821\" src=\"https:\/\/blog.edu.turku.fi\/turunklassillinenlukio\/files\/2016\/11\/nen\u00e4p\u00e4iv\u00e4-300x169.jpg\" alt=\"nenapaiva\" width=\"300\" height=\"169\" srcset=\"https:\/\/blog.edu.turku.fi\/turunklassillinenlukio\/files\/2016\/11\/nen\u00e4p\u00e4iv\u00e4-300x169.jpg 300w, https:\/\/blog.edu.turku.fi\/turunklassillinenlukio\/files\/2016\/11\/nen\u00e4p\u00e4iv\u00e4.jpg 960w\" sizes=\"auto, (max-width: 300px) 100vw, 300px\" \/> <\/a><\/p>\n","protected":false},"excerpt":{"rendered":"<p>Turun klassillisen lukion kellarit muuttuivat taas j\u00e4nnitt\u00e4v\u00e4ksi Kauhugalleriaksi. Kauhugalleriaa pidettiin sek\u00e4 perjantaina 28.10. lukion omille opiskelijoille ett\u00e4 lauantaina 29.10. muulle yleis\u00f6lle. T\u00e4n\u00e4 vuonna kauhugallerian aiheena oli sairaala kammottavine erityisosastoineen. Luvassa oli siis johdettua el\u00e4mysteatterikierrossta, jonka aikana p\u00e4\u00e4si n\u00e4kem\u00e4\u00e4n esimerkiksi pelottavia &hellip; <a href=\"https:\/\/blog.edu.turku.fi\/turunklassillinenlukio\/tapahtumat\/tapahtumia-lukuvuodelta-2016-2017\/kauhugalleria-4-5-11-2016-ja-nenapaiva-11-11-2016\/\">Lue loppuun <span class=\"meta-nav\">&rarr;<\/span><\/a><\/p>\n","protected":false},"author":1368,"featured_media":0,"parent":2711,"menu_order":0,"comment_status":"closed","ping_status":"closed","template":"","meta":{"footnotes":""},"class_list":["post-2820","page","type-page","status-publish","hentry"],"_links":{"self":[{"href":"https:\/\/blog.edu.turku.fi\/turunklassillinenlukio\/wp-json\/wp\/v2\/pages\/2820","targetHints":{"allow":["GET"]}}],"collection":[{"href":"https:\/\/blog.edu.turku.fi\/turunklassillinenlukio\/wp-json\/wp\/v2\/pages"}],"about":[{"href":"https:\/\/blog.edu.turku.fi\/turunklassillinenlukio\/wp-json\/wp\/v2\/types\/page"}],"author":[{"embeddable":true,"href":"https:\/\/blog.edu.turku.fi\/turunklassillinenlukio\/wp-json\/wp\/v2\/users\/1368"}],"replies":[{"embeddable":true,"href":"https:\/\/blog.edu.turku.fi\/turunklassillinenlukio\/wp-json\/wp\/v2\/comments?post=2820"}],"version-history":[{"count":9,"href":"https:\/\/blog.edu.turku.fi\/turunklassillinenlukio\/wp-json\/wp\/v2\/pages\/2820\/revisions"}],"predecessor-version":[{"id":4712,"href":"https:\/\/blog.edu.turku.fi\/turunklassillinenlukio\/wp-json\/wp\/v2\/pages\/2820\/revisions\/4712"}],"up":[{"embeddable":true,"href":"https:\/\/blog.edu.turku.fi\/turunklassillinenlukio\/wp-json\/wp\/v2\/pages\/2711"}],"wp:attachment":[{"href":"https:\/\/blog.edu.turku.fi\/turunklassillinenlukio\/wp-json\/wp\/v2\/media?parent=2820"}],"curies":[{"name":"wp","href":"https:\/\/api.w.org\/{rel}","templated":true}]}}