{"id":2807,"date":"2016-11-15T12:40:53","date_gmt":"2016-11-15T10:40:53","guid":{"rendered":"https:\/\/blog.edu.turku.fi\/turunklassillinenlukio\/?page_id=2807"},"modified":"2016-11-15T14:28:07","modified_gmt":"2016-11-15T12:28:07","slug":"ranskalaisten-lukiolaisten-ystavyyskouluvierailu-9-16-11-2016","status":"publish","type":"page","link":"https:\/\/blog.edu.turku.fi\/turunklassillinenlukio\/tapahtumat\/tapahtumia-lukuvuodelta-2016-2017\/ranskalaisten-lukiolaisten-ystavyyskouluvierailu-9-16-11-2016\/","title":{"rendered":"Ranskalaisten lukiolaisten yst\u00e4vyyskouluvierailu 9.-16.11.2016"},"content":{"rendered":"<div class=\"ckeditor\">\n<p>Turun klassillinen lukio ja Puolalanm\u00e4en lukio ovat is\u00e4nn\u00f6ineet ranskalaisten lukiolaisten ja heid\u00e4n\u00a0opettajiensa vierailua Turussa. \u00c9pinalista kotoisin olevat lukiolaiset ovat tutustuneet useisiin Turun n\u00e4ht\u00e4vyyksiin, mm. Turun linnaan, Tuomiokirkkoon ja Taidemuseoon.<\/p>\n<p><a href=\"https:\/\/blog.edu.turku.fi\/turunklassillinenlukio\/files\/2016\/11\/IMG_0505.jpg\"><img loading=\"lazy\" decoding=\"async\" class=\"alignnone size-medium wp-image-2809\" src=\"https:\/\/blog.edu.turku.fi\/turunklassillinenlukio\/files\/2016\/11\/IMG_0505-300x224.jpg\" alt=\"img_0505\" width=\"300\" height=\"224\" srcset=\"https:\/\/blog.edu.turku.fi\/turunklassillinenlukio\/files\/2016\/11\/IMG_0505-300x224.jpg 300w, https:\/\/blog.edu.turku.fi\/turunklassillinenlukio\/files\/2016\/11\/IMG_0505-1024x765.jpg 1024w, https:\/\/blog.edu.turku.fi\/turunklassillinenlukio\/files\/2016\/11\/IMG_0505.jpg 2048w\" sizes=\"auto, (max-width: 300px) 100vw, 300px\" \/><\/a> <a href=\"https:\/\/blog.edu.turku.fi\/turunklassillinenlukio\/files\/2016\/11\/IMG_0511.jpg\"><img loading=\"lazy\" decoding=\"async\" class=\"alignnone size-medium wp-image-2810\" src=\"https:\/\/blog.edu.turku.fi\/turunklassillinenlukio\/files\/2016\/11\/IMG_0511-224x300.jpg\" alt=\"img_0511\" width=\"224\" height=\"300\" srcset=\"https:\/\/blog.edu.turku.fi\/turunklassillinenlukio\/files\/2016\/11\/IMG_0511-224x300.jpg 224w, https:\/\/blog.edu.turku.fi\/turunklassillinenlukio\/files\/2016\/11\/IMG_0511-765x1024.jpg 765w, https:\/\/blog.edu.turku.fi\/turunklassillinenlukio\/files\/2016\/11\/IMG_0511.jpg 1530w\" sizes=\"auto, (max-width: 224px) 100vw, 224px\" \/><\/a><\/p>\n<p>Ranskalaiset vieraamme ovat oppituntien seuraamisen lis\u00e4ksi p\u00e4\u00e4sseet leipomaan omenapiirakkaa, pulahtamaan avantoon, harjoittelemaan erilaisia temppuja sirkuskoulussa ja osallistumaan piknik -risteilylle.<\/p>\n<p><a href=\"https:\/\/blog.edu.turku.fi\/turunklassillinenlukio\/files\/2016\/11\/IMG_0519.jpg\"><img loading=\"lazy\" decoding=\"async\" class=\"alignnone size-medium wp-image-2811\" src=\"https:\/\/blog.edu.turku.fi\/turunklassillinenlukio\/files\/2016\/11\/IMG_0519-300x224.jpg\" alt=\"img_0519\" width=\"300\" height=\"224\" srcset=\"https:\/\/blog.edu.turku.fi\/turunklassillinenlukio\/files\/2016\/11\/IMG_0519-300x224.jpg 300w, https:\/\/blog.edu.turku.fi\/turunklassillinenlukio\/files\/2016\/11\/IMG_0519-1024x765.jpg 1024w, https:\/\/blog.edu.turku.fi\/turunklassillinenlukio\/files\/2016\/11\/IMG_0519.jpg 2048w\" sizes=\"auto, (max-width: 300px) 100vw, 300px\" \/><\/a> <a href=\"https:\/\/blog.edu.turku.fi\/turunklassillinenlukio\/files\/2016\/11\/IMG_0520.jpg\"><img loading=\"lazy\" decoding=\"async\" class=\"alignnone size-medium wp-image-2812\" src=\"https:\/\/blog.edu.turku.fi\/turunklassillinenlukio\/files\/2016\/11\/IMG_0520-300x224.jpg\" alt=\"img_0520\" width=\"300\" height=\"224\" srcset=\"https:\/\/blog.edu.turku.fi\/turunklassillinenlukio\/files\/2016\/11\/IMG_0520-300x224.jpg 300w, https:\/\/blog.edu.turku.fi\/turunklassillinenlukio\/files\/2016\/11\/IMG_0520-1024x765.jpg 1024w, https:\/\/blog.edu.turku.fi\/turunklassillinenlukio\/files\/2016\/11\/IMG_0520.jpg 2048w\" sizes=\"auto, (max-width: 300px) 100vw, 300px\" \/><\/a> <a href=\"https:\/\/blog.edu.turku.fi\/turunklassillinenlukio\/files\/2016\/11\/IMG_0528.jpg\"><img loading=\"lazy\" decoding=\"async\" class=\"alignnone size-medium wp-image-2813\" src=\"https:\/\/blog.edu.turku.fi\/turunklassillinenlukio\/files\/2016\/11\/IMG_0528-300x224.jpg\" alt=\"img_0528\" width=\"300\" height=\"224\" srcset=\"https:\/\/blog.edu.turku.fi\/turunklassillinenlukio\/files\/2016\/11\/IMG_0528-300x224.jpg 300w, https:\/\/blog.edu.turku.fi\/turunklassillinenlukio\/files\/2016\/11\/IMG_0528-1024x765.jpg 1024w, https:\/\/blog.edu.turku.fi\/turunklassillinenlukio\/files\/2016\/11\/IMG_0528.jpg 2048w\" sizes=\"auto, (max-width: 300px) 100vw, 300px\" \/><\/a> <a href=\"https:\/\/blog.edu.turku.fi\/turunklassillinenlukio\/files\/2016\/11\/IMG_0543.jpg\"><img loading=\"lazy\" decoding=\"async\" class=\"alignnone size-medium wp-image-2814\" src=\"https:\/\/blog.edu.turku.fi\/turunklassillinenlukio\/files\/2016\/11\/IMG_0543-300x224.jpg\" alt=\"img_0543\" width=\"300\" height=\"224\" srcset=\"https:\/\/blog.edu.turku.fi\/turunklassillinenlukio\/files\/2016\/11\/IMG_0543-300x224.jpg 300w, https:\/\/blog.edu.turku.fi\/turunklassillinenlukio\/files\/2016\/11\/IMG_0543-1024x765.jpg 1024w, https:\/\/blog.edu.turku.fi\/turunklassillinenlukio\/files\/2016\/11\/IMG_0543.jpg 2048w\" sizes=\"auto, (max-width: 300px) 100vw, 300px\" \/><\/a> <a href=\"https:\/\/blog.edu.turku.fi\/turunklassillinenlukio\/files\/2016\/11\/IMG_0599.jpg\"><img loading=\"lazy\" decoding=\"async\" class=\"alignnone size-medium wp-image-2815\" src=\"https:\/\/blog.edu.turku.fi\/turunklassillinenlukio\/files\/2016\/11\/IMG_0599-300x224.jpg\" alt=\"img_0599\" width=\"300\" height=\"224\" srcset=\"https:\/\/blog.edu.turku.fi\/turunklassillinenlukio\/files\/2016\/11\/IMG_0599-300x224.jpg 300w, https:\/\/blog.edu.turku.fi\/turunklassillinenlukio\/files\/2016\/11\/IMG_0599-1024x765.jpg 1024w, https:\/\/blog.edu.turku.fi\/turunklassillinenlukio\/files\/2016\/11\/IMG_0599.jpg 2048w\" sizes=\"auto, (max-width: 300px) 100vw, 300px\" \/><\/a> <a href=\"https:\/\/blog.edu.turku.fi\/turunklassillinenlukio\/files\/2016\/11\/IMG_0628.jpg\"><img loading=\"lazy\" decoding=\"async\" class=\"alignnone size-medium wp-image-2816\" src=\"https:\/\/blog.edu.turku.fi\/turunklassillinenlukio\/files\/2016\/11\/IMG_0628-300x224.jpg\" alt=\"img_0628\" width=\"300\" height=\"224\" srcset=\"https:\/\/blog.edu.turku.fi\/turunklassillinenlukio\/files\/2016\/11\/IMG_0628-300x224.jpg 300w, https:\/\/blog.edu.turku.fi\/turunklassillinenlukio\/files\/2016\/11\/IMG_0628-1024x765.jpg 1024w, https:\/\/blog.edu.turku.fi\/turunklassillinenlukio\/files\/2016\/11\/IMG_0628.jpg 2048w\" sizes=\"auto, (max-width: 300px) 100vw, 300px\" \/><\/a><\/p>\n<p>Yst\u00e4vyyskouluvierailu on ollut kaikinpuolin onnistunut ja se on antanut nuorille monta unohtumatonta kokemusta.<\/p>\n<p>&nbsp;<\/p>\n<\/div>\n","protected":false},"excerpt":{"rendered":"<p>Turun klassillinen lukio ja Puolalanm\u00e4en lukio ovat is\u00e4nn\u00f6ineet ranskalaisten lukiolaisten ja heid\u00e4n\u00a0opettajiensa vierailua Turussa. \u00c9pinalista kotoisin olevat lukiolaiset ovat tutustuneet useisiin Turun n\u00e4ht\u00e4vyyksiin, mm. Turun linnaan, Tuomiokirkkoon ja Taidemuseoon. Ranskalaiset vieraamme ovat oppituntien seuraamisen lis\u00e4ksi p\u00e4\u00e4sseet leipomaan omenapiirakkaa, pulahtamaan avantoon, &hellip; <a href=\"https:\/\/blog.edu.turku.fi\/turunklassillinenlukio\/tapahtumat\/tapahtumia-lukuvuodelta-2016-2017\/ranskalaisten-lukiolaisten-ystavyyskouluvierailu-9-16-11-2016\/\">Lue loppuun <span class=\"meta-nav\">&rarr;<\/span><\/a><\/p>\n","protected":false},"author":1368,"featured_media":0,"parent":2711,"menu_order":0,"comment_status":"closed","ping_status":"closed","template":"","meta":{"footnotes":""},"class_list":["post-2807","page","type-page","status-publish","hentry"],"_links":{"self":[{"href":"https:\/\/blog.edu.turku.fi\/turunklassillinenlukio\/wp-json\/wp\/v2\/pages\/2807","targetHints":{"allow":["GET"]}}],"collection":[{"href":"https:\/\/blog.edu.turku.fi\/turunklassillinenlukio\/wp-json\/wp\/v2\/pages"}],"about":[{"href":"https:\/\/blog.edu.turku.fi\/turunklassillinenlukio\/wp-json\/wp\/v2\/types\/page"}],"author":[{"embeddable":true,"href":"https:\/\/blog.edu.turku.fi\/turunklassillinenlukio\/wp-json\/wp\/v2\/users\/1368"}],"replies":[{"embeddable":true,"href":"https:\/\/blog.edu.turku.fi\/turunklassillinenlukio\/wp-json\/wp\/v2\/comments?post=2807"}],"version-history":[{"count":3,"href":"https:\/\/blog.edu.turku.fi\/turunklassillinenlukio\/wp-json\/wp\/v2\/pages\/2807\/revisions"}],"predecessor-version":[{"id":2818,"href":"https:\/\/blog.edu.turku.fi\/turunklassillinenlukio\/wp-json\/wp\/v2\/pages\/2807\/revisions\/2818"}],"up":[{"embeddable":true,"href":"https:\/\/blog.edu.turku.fi\/turunklassillinenlukio\/wp-json\/wp\/v2\/pages\/2711"}],"wp:attachment":[{"href":"https:\/\/blog.edu.turku.fi\/turunklassillinenlukio\/wp-json\/wp\/v2\/media?parent=2807"}],"curies":[{"name":"wp","href":"https:\/\/api.w.org\/{rel}","templated":true}]}}