{"id":2805,"date":"2016-11-15T10:13:53","date_gmt":"2016-11-15T08:13:53","guid":{"rendered":"https:\/\/blog.edu.turku.fi\/turunklassillinenlukio\/?page_id=2805"},"modified":"2016-11-15T10:13:53","modified_gmt":"2016-11-15T08:13:53","slug":"teatteritaiteen-lukiodiplomien-katselmukset-18-19-11-2016","status":"publish","type":"page","link":"https:\/\/blog.edu.turku.fi\/turunklassillinenlukio\/tapahtumat\/tapahtumia-lukuvuodelta-2016-2017\/teatteritaiteen-lukiodiplomien-katselmukset-18-19-11-2016\/","title":{"rendered":"Teatteritaiteen lukiodiplomien katselmukset 18.-19.11.2016"},"content":{"rendered":"<p><span class=\"_4n-j fsl\">Turun klassILLInen lukio on ilmaisun erityislukio. T\u00e4n\u00e4 vuonna 19 abiturienttia tekee teatteritaiteesta lukiodiplomin. Diplomeja tehd\u00e4\u00e4n ohjaamisesta, n\u00e4yttelemisest\u00e4 sek\u00e4 valo- ja \u00e4\u00e4nisuunnittelusta. Luvassa on yhdeks\u00e4n esityst\u00e4, joissa opiskelijat &#8221;antavat\u00a0 erityisen n\u00e4yt\u00f6n osaamisestaan ja harrastuneisuudestaan taito- ja taideaineissa&#8221;. Teatteridiplomi on siis ik\u00e4\u00e4n kuin teatteritaiteen ylioppilaskirjoitus!<\/p>\n<p>Luvassa on tuttuun tapaan villi ja vallaton, hauska mutta syv\u00e4llinen kattaus nuorta\u00a0 teatteria. T\u00e4n\u00e4 vuonna k\u00e4sittelyss\u00e4 ovat erityisesti seksuaalisuus ja sota, mutta mukaan mahtuu paljon muutakin. Diplomikatselmus tarjoaa kiinnostavan n\u00e4k\u00f6alapaikan:\u00a0 t\u00e4llaisena abiturientit n\u00e4kev\u00e4t todellisuuden juuri nyt<span class=\"text_exposed_show\">.<\/p>\n<p>VARAA PAIKKASI ETUK\u00c4TEEN S\u00c4HK\u00d6POSTITSE: varaukset.tuklu@gmail.com. Toimi nopeasti, sill\u00e4 osassa on pieni katsomo. My\u00f6s kenraaleihin t\u00e4ytyy varata paikat etuk\u00e4teen. Kaikki esitykset ovat ilmaisia. T\u00c4LL\u00c4 HETKELL\u00c4 KAIKKI KATSELMUKSEN ESITYKSET OVAT LOPPUUNVARATTUJA. Monessa kenraalissa on viel\u00e4 tilaa.<\/p>\n<p>YLEIS\u00d6LLE AVOIMET KENRAALIHARJOITUKSET<br \/>\n(katso esitysten tarkemmat tiedot katselmuksen kohdalta)<\/p>\n<p>ma 14.11.<br \/>\n16.00-16.15 illiluokka: Aava &#8211; LOPPUUNVARATTU<br \/>\n16.25-16.55 kellari: Hyvin p\u00e4\u00e4ttyy kaikki &#8211; LOPPUUNVARATTU<\/p>\n<p>ti 15.11.<br \/>\n14.45-15.00 illiluokka Sotatila (huom! Esityksess\u00e4 vain v\u00e4h\u00e4n istumapaikkoja, ilmoita jos voit ottaa vastaan my\u00f6s seisomapaikan!)<br \/>\n15.10-15.40 sali: Samanlainen onni<\/p>\n<p>ke 16.11.<br \/>\n14.40-15.10 illi: Ramppi<br \/>\n15.20-15.50 kellari: Sotaturistit<br \/>\n16.00-16.15 illi: Huulipunasta &#8211; LOPPUUNVARATTU<\/p>\n<p>to 17.11.<br \/>\n14.40-14.55 kellari: Maalataan<br \/>\n15.05-15.30 illi-luokka: Rikkin\u00e4inen<\/p>\n<p>DIPLOMIKATSELMUS<\/p>\n<p>PE 18.11.<br \/>\n17.00 katselmuksen avaus kakkosen aulassa<\/p>\n<p>17.15-17.30 illiluokka: Sotatila &#8211; LOPPUUNVARATTU!<br \/>\nSotatila:<br \/>\n1. valtioiden v\u00e4linen sodanjulistuksesta rauhantekoon voimassa oleva kansainv\u00e4lisoikeudellinen suhde (joka ei v\u00e4ltt\u00e4m\u00e4tt\u00e4 edellyt\u00e4 sotatoimia). esim. Maiden v\u00e4lill\u00e4 vallitseva sotatila. Poikkeustila, humalatila, kiihotustila, surutila, murrostila. Suhde.<br \/>\n2. Joskus rintamalinja vet\u00e4ytyy ja ammukset iskeytyy seiniin.<br \/>\nDiplomit: Saana Vaissalo (ohjaus), Vilja Etel\u00e4koski (tekniikka). Lavalla: Laura Wiklund (diplomi), lis\u00e4ksi mukana Reeta Manninen ja Linnea Lindgren. Teksti: Saana Vaissalo.<\/p>\n<p>17.45-18.00 kellari: Maalataanko? &#8211; LOPPUUNVARATTU<br \/>\nMik\u00e4 kaikki voikaan menn\u00e4 pieleen kun puolisokokelas tapaa vanhemmat ensimm\u00e4ist\u00e4 kertaa? Sit\u00e4 Maalataanko? pohtii kera pullan yli kahvip\u00f6yd\u00e4n \u00e4\u00e4ress\u00e4. \u00c4iti on ainakin saada hermoromahduksen t\u00e4ydellisen perhepotretin rakoillessa kuin maali is\u00e4n terassilla.<br \/>\nDiplomit: Minttu Hurme (ohjaus). Veera Laaksonen (Irmeli), lis\u00e4ksi mukana Sofia Valtonen (Ellu), Emilia Sallinen (Late), Touko Miikkulainen (Veijo). Teksti: Ilmari Nera.<\/p>\n<p>18.15-18.40 illiluokka: Rikkin\u00e4inen &#8211; LOPPUUNVARATTU<br \/>\nMit\u00e4 tarkoittaa seksuaalisuus ja onko sill\u00e4 v\u00e4li\u00e4? Miten ihmisten v\u00e4linen dynamiikka voi purkautua? Onko veri vett\u00e4 sakeampaa? Rikkin\u00e4inen tutkii sukulaissuhteita ja niitten v\u00e4list\u00e4 kitkaa sekoittaen mukaan ripauksen yliluonnollista.<br \/>\nDiplomi: Paulo Machado (ohjaus). Rooleissa: Markus Meril\u00e4inen, Erkki Sippel, Julius Kalliokoski, Aarni Jalonen, Arttu Porkka. Maskeeraus: Neo Kauppinen. Teksti: Arttu Porkka &amp; ty\u00f6ryhm\u00e4.<\/p>\n<p>LA 19.11.<\/p>\n<p>10-10.30 illiluokka: Ramppi &#8211; LOPPUUNVARATTU!<br \/>\nLaura on joutunut py\u00f6r\u00e4tuoliin. Liikuntarajoitteisen el\u00e4m\u00e4\u00e4 ei kaikkien ole helppo hyv\u00e4ksy\u00e4 \u2013 v\u00e4hiten Lauran itsens\u00e4. Toisella tavalla rajoittunut Martta koittaa saada lapsuudenyst\u00e4v\u00e4\u00e4ns\u00e4 kontaktia, mutta naisten v\u00e4lille muodostunut sein\u00e4 tuntuu yht\u00e4 kylm\u00e4lt\u00e4 kuin j\u00e4\u00e4palat uudessa Tupperware-astiassa. Miten selvit\u00e4 suuresta muutoksesta, kun keitti\u00f6\u00f6n rakennettu ramppikin muistuttaa alati entisest\u00e4 el\u00e4m\u00e4st\u00e4?<br \/>\nDiplomit: Anniina Laitakari (ohjaus), Heidi \u00d6hman (Laura) ja Roosa Aunio (Martta). Lis\u00e4ksi mukana Aapo Koittola (Elias), Susanna Tuominen (Greta) ja Niklas Bergvall (tekniikka).<\/p>\n<p>10.45-11.15 kellari: Hyvin p\u00e4\u00e4ttyy kaikki &#8211; LOPPUUNVARATTU!<br \/>\nVeljekset Bartholomeus ja Balthasar asuvat autiotalossa, jota valaisee vain s\u00e4\u00e4litt\u00e4v\u00e4 hehkulamppu. He yritt\u00e4v\u00e4t selviyty\u00e4 maailmassa, joka mit\u00e4 ilmeisimmin vihaa heit\u00e4. Pimeyden tullessa on muistettava etsi\u00e4 valoa.<br \/>\nDiplomit: Helvi Ermala (ohjaus) ja Jutta Jokinen (Balthasar). Lis\u00e4ksi mukana Veera-Kaisa Muurinen (Bartholomeus), Jasmin Forssell (Vladimir), Eetu Nummelin (tekniikka) ja Emmi J\u00e4rvinen (maskeeraus). Sovitettu Esa Leskisen n\u00e4ytelm\u00e4st\u00e4 Hyvin p\u00e4\u00e4ttyy kaikki.<\/p>\n<p>11.30-11.45 illiluokka: Huulipunasta &#8211; LOPPUUNVARATTU<br \/>\nHuulipuna. Sukupuoli. Jalkapallo.Vuorovaikutussuhde. Onko mill\u00e4\u00e4n t\u00e4ll\u00e4 v\u00e4li\u00e4?<br \/>\nDiplomi: Maija Lumme (sovitus ja ohjaus). N\u00e4yttelij\u00e4: Paulo Machado. Visuaalinen toteutus: ty\u00f6ryhm\u00e4. Teksti: Antton Kainulainen.<\/p>\n<p>11.45-12.15 Kaffepaussi by Rooma-kerho!!!<\/p>\n<p>12.15-12.45 sali: Samanlainen onni &#8211; LOPPUUNVARATTU<br \/>\nKuinka kauan is\u00e4 voi suojella tyt\u00e4rt\u00e4\u00e4n maailmalta ja pit\u00e4\u00e4 t\u00e4m\u00e4n turvallisesti \u00e4\u00e4riviivojen sis\u00e4ll\u00e4? Arki on muuttumatonta. Tasapainossa. Mit\u00e4 tapahtuu kun uusi hoitaja saapuu ja laittaa kaiken sekamelskaan?<br \/>\nDiplomi: Laura Malmivaara (Amalia), Jessica V\u00e4kev\u00e4inen (Kari), Katariina Tamminen (Karoliina). Alkuper\u00e4isteksti Kati Kaartinen: Samanlainen onni. Sovitus ja ohjaus: ty\u00f6ryhm\u00e4.<\/p>\n<p>13.00-13.30 kellari Sotaturistit &#8211; LOPPUUNVARATTU<br \/>\nSotaturistit kutsuvat sinut mukaan pohtimaan veritekojen viihdearvoa risteilyll\u00e4 Suomenlahden poikki kohti Krimin sotaa. Sotaturisteissa yhdistyy farssimaisella revittelyll\u00e4 niin historia, eettiset kysymykset kuin ihmisen ylti\u00f6m\u00e4inen uteliaisuuskin.<br \/>\nMik\u00e4 ajaa ihmisen tirkistelem\u00e4\u00e4n v\u00e4kivaltaisuuksia kuin elokuvaa?<br \/>\nDiplomit: Jarna Pahlberg (ohjaus), Susanna Rouru (Nisse) ja Rosaliina Frantti (Anna). Lis\u00e4ksi mukana Eeva Mikkola (Allen), Karoliina Vuorinen (Inge) ja Noora Kankare (puvustus, valo ja \u00e4\u00e4ni). Sovitettu Laura Ruohosen n\u00e4ytelm\u00e4st\u00e4 Sotaturistit.<\/p>\n<p>13.45-14.00 illilluokka: Aava &#8211; LOPPUUNVARATTU!<br \/>\nNainen seksuaali-identiteettien v\u00e4liss\u00e4. Nainen aamulla viinipullon ja tuntemattoman v\u00e4liss\u00e4. Nainen kiusoittelee. Nainen punastuu. Nainen hymyilee. Nainen tanssii.<br \/>\nDiplomi: Esme Kaislakari (ohjaus ja k\u00e4sikirjoitus). Lavalla: Henni Rinne (Aava) ja Mona Ojala (Lea). Lis\u00e4ksi mukana Sini Siekkinen (visuaalinen suunnittelu, toteutus ja tekniikka).<\/p>\n<p>LIS\u00c4ESITYKSET<br \/>\nMA 21.11. klo 17 Aava (illiluokka)<br \/>\nTI 22.11. klo 17 Aava (illiluokka)<br \/>\nKE 23.11. klo 15 Sotatila (illiluokka)<br \/>\nTO 24.11. klo 13.30 Sotaturistit (kellari); klo 15 Samanlainen onni (sali)<br \/>\nMA 28.11. klo 13.30 Sotaturistit (kellari)<br \/>\nTI 29.11. klo 17 Hyvin p\u00e4\u00e4ttyy kaikki (kellari)<br \/>\nTO 1.12. klo 15:30 Hyvin p\u00e4\u00e4ttyy kaikki (kellari)<\/p>\n<p>Diplomiesitysten Facebook-tapahtumia:<br \/>\nAava <a href=\"https:\/\/www.facebook.com\/events\/1860866554142249\/?notif_t=plan_user_invited&amp;notif_id=1478446581725590\" rel=\"nofollow\">https:\/\/www.facebook.com\/events\/1860866554142249\/?notif_t=plan_user_invited&amp;notif_id=1478446581725590<\/a><br \/>\nHyvin p\u00e4\u00e4ttyy kaikki <a href=\"https:\/\/www.facebook.com\/events\/1758796537709798\/?ti=icl\" rel=\"nofollow\">https:\/\/www.facebook.com\/events\/1758796537709798\/?ti=icl<\/a><br \/>\nRamppi <a href=\"https:\/\/www.facebook.com\/events\/1838588826424748\/\" rel=\"nofollow\">https:\/\/www.facebook.com\/events\/1838588826424748\/<\/a><br \/>\nRikkin\u00e4inen <a href=\"https:\/\/www.facebook.com\/events\/362736050737611\/?ti=icl\" rel=\"nofollow\">https:\/\/www.facebook.com\/events\/362736050737611\/?ti=icl<\/a><br \/>\nSotatila <a href=\"https:\/\/www.facebook.com\/events\/204640326641837\/\" rel=\"nofollow\">https:\/\/www.facebook.com\/events\/204640326641837\/<\/a><br \/>\nSotaturistit <a href=\"https:\/\/www.facebook.com\/events\/214347925670758\/\" rel=\"nofollow\">https:\/\/www.facebook.com\/events\/214347925670758\/<\/a><\/span><\/span><\/p>\n","protected":false},"excerpt":{"rendered":"<p>Turun klassILLInen lukio on ilmaisun erityislukio. T\u00e4n\u00e4 vuonna 19 abiturienttia tekee teatteritaiteesta lukiodiplomin. Diplomeja tehd\u00e4\u00e4n ohjaamisesta, n\u00e4yttelemisest\u00e4 sek\u00e4 valo- ja \u00e4\u00e4nisuunnittelusta. Luvassa on yhdeks\u00e4n esityst\u00e4, joissa opiskelijat &#8221;antavat\u00a0 erityisen n\u00e4yt\u00f6n osaamisestaan ja harrastuneisuudestaan taito- ja taideaineissa&#8221;. Teatteridiplomi on siis ik\u00e4\u00e4n &hellip; <a href=\"https:\/\/blog.edu.turku.fi\/turunklassillinenlukio\/tapahtumat\/tapahtumia-lukuvuodelta-2016-2017\/teatteritaiteen-lukiodiplomien-katselmukset-18-19-11-2016\/\">Lue loppuun <span class=\"meta-nav\">&rarr;<\/span><\/a><\/p>\n","protected":false},"author":1368,"featured_media":0,"parent":2711,"menu_order":0,"comment_status":"closed","ping_status":"closed","template":"","meta":{"footnotes":""},"class_list":["post-2805","page","type-page","status-publish","hentry"],"_links":{"self":[{"href":"https:\/\/blog.edu.turku.fi\/turunklassillinenlukio\/wp-json\/wp\/v2\/pages\/2805","targetHints":{"allow":["GET"]}}],"collection":[{"href":"https:\/\/blog.edu.turku.fi\/turunklassillinenlukio\/wp-json\/wp\/v2\/pages"}],"about":[{"href":"https:\/\/blog.edu.turku.fi\/turunklassillinenlukio\/wp-json\/wp\/v2\/types\/page"}],"author":[{"embeddable":true,"href":"https:\/\/blog.edu.turku.fi\/turunklassillinenlukio\/wp-json\/wp\/v2\/users\/1368"}],"replies":[{"embeddable":true,"href":"https:\/\/blog.edu.turku.fi\/turunklassillinenlukio\/wp-json\/wp\/v2\/comments?post=2805"}],"version-history":[{"count":1,"href":"https:\/\/blog.edu.turku.fi\/turunklassillinenlukio\/wp-json\/wp\/v2\/pages\/2805\/revisions"}],"predecessor-version":[{"id":2806,"href":"https:\/\/blog.edu.turku.fi\/turunklassillinenlukio\/wp-json\/wp\/v2\/pages\/2805\/revisions\/2806"}],"up":[{"embeddable":true,"href":"https:\/\/blog.edu.turku.fi\/turunklassillinenlukio\/wp-json\/wp\/v2\/pages\/2711"}],"wp:attachment":[{"href":"https:\/\/blog.edu.turku.fi\/turunklassillinenlukio\/wp-json\/wp\/v2\/media?parent=2805"}],"curies":[{"name":"wp","href":"https:\/\/api.w.org\/{rel}","templated":true}]}}