{"id":28,"date":"2013-01-15T13:27:07","date_gmt":"2013-01-15T11:27:07","guid":{"rendered":"https:\/\/blog.edu.turku.fi\/turunklassillinenlukio\/?page_id=28"},"modified":"2019-06-11T12:19:41","modified_gmt":"2019-06-11T09:19:41","slug":"hakeminen","status":"publish","type":"page","link":"https:\/\/blog.edu.turku.fi\/turunklassillinenlukio\/hakeminen\/","title":{"rendered":"Hakeminen"},"content":{"rendered":"<p>Turun klassilliseen lukioon haetaan Opintopolun kautta. Ilmaisulinjamme(taideviestint\u00e4) koodi on \/810.<\/p>\n<p>Opiskelupaikka otetaan vastaan <strong>ma 17.6.<\/strong> erikseen ilmoitettavan aikataulun mukaisesti. Samalla tehd\u00e4\u00e4n my\u00f6s tulevan lukuvuoden kurssivalinnat. Ota mukaasi 9. luokan p\u00e4\u00e4tt\u00f6todistus, hyv\u00e4ksymiskirjeen mukana toimitettu Opiskelijatietolomake t\u00e4ytettyn\u00e4. Mik\u00e4li et p\u00e4\u00e4se paikalle kyseisen\u00e4 p\u00e4iv\u00e4n\u00e4, niin ota yhteytt\u00e4 rehtoriin tai apulaisrehtoriin heti valintatiedon saatuasi.<\/p>\n<ul>\n<li><a href=\"https:\/\/blog.edu.turku.fi\/turunklassillinenlukio\/hakeminen\/yleislinja\/\">Yleislinja<\/a><\/li>\n<li><a href=\"https:\/\/blog.edu.turku.fi\/turunklassillinenlukio\/hakeminen\/ilmaisulinja\/\">Ilmaisulinja<\/a>\n<ul>\n<li><a href=\"https:\/\/blog.edu.turku.fi\/turunklassillinenlukio\/hakeminen\/ilmaisulinja\/ilmaisulinja-etukateistehtava\/\">Ilmaisulinjan etuk\u00e4teisteht\u00e4v\u00e4<\/a> (kev\u00e4t 2019)<\/li>\n<\/ul>\n<\/li>\n<li><a href=\"https:\/\/blog.edu.turku.fi\/turunklassillinenlukio\/hakeminen\/hakuoppaamme\/\">Haku-, opinto-oppaat ja mainokset<\/a><\/li>\n<li><a href=\"https:\/\/blog.edu.turku.fi\/turunklassillinenlukio\/files\/2014\/08\/BYOD_kirje_uudelle_opiskelijalle-2020.pdf\">BYOD &#8211; Bring your own device, lukiolaisen tietokone<\/a> (PDF, 358 kt)<\/li>\n<li><a href=\"http:\/\/www.turku.fi\/yhteishaku\/hakuopas\">Turun lukioiden hakuopas ja ainevalintakortti ohjeineen <\/a><\/li>\n<li><a href=\"https:\/\/blog.edu.turku.fi\/turunklassillinenlukio\/hakeminen\/esittelykalvoja\/\">Esittelyillat<\/a><\/li>\n<\/ul>\n","protected":false},"excerpt":{"rendered":"<p>Turun klassilliseen lukioon haetaan Opintopolun kautta. Ilmaisulinjamme(taideviestint\u00e4) koodi on \/810. Opiskelupaikka otetaan vastaan ma 17.6. erikseen ilmoitettavan aikataulun mukaisesti. Samalla tehd\u00e4\u00e4n my\u00f6s tulevan lukuvuoden kurssivalinnat. Ota mukaasi 9. luokan p\u00e4\u00e4tt\u00f6todistus, hyv\u00e4ksymiskirjeen mukana toimitettu Opiskelijatietolomake t\u00e4ytettyn\u00e4. Mik\u00e4li et p\u00e4\u00e4se paikalle kyseisen\u00e4 &hellip; <a href=\"https:\/\/blog.edu.turku.fi\/turunklassillinenlukio\/hakeminen\/\">Lue loppuun <span class=\"meta-nav\">&rarr;<\/span><\/a><\/p>\n","protected":false},"author":98,"featured_media":0,"parent":0,"menu_order":5,"comment_status":"closed","ping_status":"closed","template":"","meta":{"footnotes":""},"class_list":["post-28","page","type-page","status-publish","hentry"],"_links":{"self":[{"href":"https:\/\/blog.edu.turku.fi\/turunklassillinenlukio\/wp-json\/wp\/v2\/pages\/28","targetHints":{"allow":["GET"]}}],"collection":[{"href":"https:\/\/blog.edu.turku.fi\/turunklassillinenlukio\/wp-json\/wp\/v2\/pages"}],"about":[{"href":"https:\/\/blog.edu.turku.fi\/turunklassillinenlukio\/wp-json\/wp\/v2\/types\/page"}],"author":[{"embeddable":true,"href":"https:\/\/blog.edu.turku.fi\/turunklassillinenlukio\/wp-json\/wp\/v2\/users\/98"}],"replies":[{"embeddable":true,"href":"https:\/\/blog.edu.turku.fi\/turunklassillinenlukio\/wp-json\/wp\/v2\/comments?post=28"}],"version-history":[{"count":31,"href":"https:\/\/blog.edu.turku.fi\/turunklassillinenlukio\/wp-json\/wp\/v2\/pages\/28\/revisions"}],"predecessor-version":[{"id":4730,"href":"https:\/\/blog.edu.turku.fi\/turunklassillinenlukio\/wp-json\/wp\/v2\/pages\/28\/revisions\/4730"}],"wp:attachment":[{"href":"https:\/\/blog.edu.turku.fi\/turunklassillinenlukio\/wp-json\/wp\/v2\/media?parent=28"}],"curies":[{"name":"wp","href":"https:\/\/api.w.org\/{rel}","templated":true}]}}