{"id":2776,"date":"2016-11-07T14:05:38","date_gmt":"2016-11-07T12:05:38","guid":{"rendered":"https:\/\/blog.edu.turku.fi\/turunklassillinenlukio\/?page_id=2776"},"modified":"2016-11-07T14:07:08","modified_gmt":"2016-11-07T12:07:08","slug":"hyvinvoiva-lukio-ryhmalaiset-raisio-oyjlla","status":"publish","type":"page","link":"https:\/\/blog.edu.turku.fi\/turunklassillinenlukio\/tapahtumat\/tapahtumia-lukuvuodelta-2016-2017\/hyvinvoiva-lukio-ryhmalaiset-raisio-oyjlla\/","title":{"rendered":"Hyvinvoiva lukio -ryhm\u00e4l\u00e4iset Raisio OYJ:ll\u00e4"},"content":{"rendered":"<p>Lukiomme Hyvinvoiva lukio- ryhm\u00e4l\u00e4iset vierailivat to 3.11.2016 Raisio OYJ:n tehtailla Raisiossa yhdess\u00e4 opettajien Mattus Alsi, Marianne Laulumaa ja Tiina Vuorinen, kanssa.<\/p>\n<p>Heid\u00e4n iltap\u00e4iv\u00e4n ohjelmanaan oli valmistaa terveellisi\u00e4 v\u00e4lipaloja. Ryhm\u00e4 suoriutui teht\u00e4v\u00e4st\u00e4\u00e4n erinomaisesti ja maukkaat tuotokset saatiin sy\u00f6d\u00e4 p\u00e4iv\u00e4n p\u00e4\u00e4tteeksi \ud83d\ude42<\/p>\n<p><a href=\"https:\/\/blog.edu.turku.fi\/turunklassillinenlukio\/files\/2016\/11\/Tiedosto_005.jpeg\"><img loading=\"lazy\" decoding=\"async\" class=\"alignnone size-medium wp-image-2779\" src=\"https:\/\/blog.edu.turku.fi\/turunklassillinenlukio\/files\/2016\/11\/Tiedosto_005-300x224.jpeg\" alt=\"tiedosto_005\" width=\"300\" height=\"224\" srcset=\"https:\/\/blog.edu.turku.fi\/turunklassillinenlukio\/files\/2016\/11\/Tiedosto_005-300x224.jpeg 300w, https:\/\/blog.edu.turku.fi\/turunklassillinenlukio\/files\/2016\/11\/Tiedosto_005-1024x765.jpeg 1024w, https:\/\/blog.edu.turku.fi\/turunklassillinenlukio\/files\/2016\/11\/Tiedosto_005.jpeg 2048w\" sizes=\"auto, (max-width: 300px) 100vw, 300px\" \/><\/a><a href=\"https:\/\/blog.edu.turku.fi\/turunklassillinenlukio\/files\/2016\/11\/Tiedosto_006.jpeg\"> <img loading=\"lazy\" decoding=\"async\" class=\"alignnone size-medium wp-image-2783\" src=\"https:\/\/blog.edu.turku.fi\/turunklassillinenlukio\/files\/2016\/11\/Tiedosto_006-224x300.jpeg\" alt=\"tiedosto_006\" width=\"224\" height=\"300\" srcset=\"https:\/\/blog.edu.turku.fi\/turunklassillinenlukio\/files\/2016\/11\/Tiedosto_006-224x300.jpeg 224w, https:\/\/blog.edu.turku.fi\/turunklassillinenlukio\/files\/2016\/11\/Tiedosto_006-765x1024.jpeg 765w, https:\/\/blog.edu.turku.fi\/turunklassillinenlukio\/files\/2016\/11\/Tiedosto_006.jpeg 1530w\" sizes=\"auto, (max-width: 224px) 100vw, 224px\" \/><\/a><a href=\"https:\/\/blog.edu.turku.fi\/turunklassillinenlukio\/files\/2016\/11\/Tiedosto_007.jpeg\"><img loading=\"lazy\" decoding=\"async\" class=\"alignnone size-medium wp-image-2784\" src=\"https:\/\/blog.edu.turku.fi\/turunklassillinenlukio\/files\/2016\/11\/Tiedosto_007-224x300.jpeg\" alt=\"tiedosto_007\" width=\"224\" height=\"300\" srcset=\"https:\/\/blog.edu.turku.fi\/turunklassillinenlukio\/files\/2016\/11\/Tiedosto_007-224x300.jpeg 224w, https:\/\/blog.edu.turku.fi\/turunklassillinenlukio\/files\/2016\/11\/Tiedosto_007-765x1024.jpeg 765w, https:\/\/blog.edu.turku.fi\/turunklassillinenlukio\/files\/2016\/11\/Tiedosto_007.jpeg 1530w\" sizes=\"auto, (max-width: 224px) 100vw, 224px\" \/><\/a><a href=\"https:\/\/blog.edu.turku.fi\/turunklassillinenlukio\/files\/2016\/11\/Tiedosto_001.jpeg\"> <img loading=\"lazy\" decoding=\"async\" class=\"alignnone size-medium wp-image-2777\" src=\"https:\/\/blog.edu.turku.fi\/turunklassillinenlukio\/files\/2016\/11\/Tiedosto_001-300x224.jpeg\" alt=\"tiedosto_001\" width=\"300\" height=\"224\" srcset=\"https:\/\/blog.edu.turku.fi\/turunklassillinenlukio\/files\/2016\/11\/Tiedosto_001-300x224.jpeg 300w, https:\/\/blog.edu.turku.fi\/turunklassillinenlukio\/files\/2016\/11\/Tiedosto_001-1024x765.jpeg 1024w, https:\/\/blog.edu.turku.fi\/turunklassillinenlukio\/files\/2016\/11\/Tiedosto_001.jpeg 2048w\" sizes=\"auto, (max-width: 300px) 100vw, 300px\" \/><\/a> <a href=\"https:\/\/blog.edu.turku.fi\/turunklassillinenlukio\/files\/2016\/11\/Tiedosto_004.jpeg\"><img loading=\"lazy\" decoding=\"async\" class=\"alignnone size-medium wp-image-2778\" src=\"https:\/\/blog.edu.turku.fi\/turunklassillinenlukio\/files\/2016\/11\/Tiedosto_004-300x224.jpeg\" alt=\"tiedosto_004\" width=\"300\" height=\"224\" srcset=\"https:\/\/blog.edu.turku.fi\/turunklassillinenlukio\/files\/2016\/11\/Tiedosto_004-300x224.jpeg 300w, https:\/\/blog.edu.turku.fi\/turunklassillinenlukio\/files\/2016\/11\/Tiedosto_004-1024x765.jpeg 1024w, https:\/\/blog.edu.turku.fi\/turunklassillinenlukio\/files\/2016\/11\/Tiedosto_004.jpeg 2048w\" sizes=\"auto, (max-width: 300px) 100vw, 300px\" \/><\/a><a href=\"https:\/\/blog.edu.turku.fi\/turunklassillinenlukio\/files\/2016\/11\/Tiedosto_009.jpeg\"> <img loading=\"lazy\" decoding=\"async\" class=\"alignnone size-medium wp-image-2782\" src=\"https:\/\/blog.edu.turku.fi\/turunklassillinenlukio\/files\/2016\/11\/Tiedosto_009-300x224.jpeg\" alt=\"tiedosto_009\" width=\"300\" height=\"224\" srcset=\"https:\/\/blog.edu.turku.fi\/turunklassillinenlukio\/files\/2016\/11\/Tiedosto_009-300x224.jpeg 300w, https:\/\/blog.edu.turku.fi\/turunklassillinenlukio\/files\/2016\/11\/Tiedosto_009-1024x765.jpeg 1024w, https:\/\/blog.edu.turku.fi\/turunklassillinenlukio\/files\/2016\/11\/Tiedosto_009.jpeg 2048w\" sizes=\"auto, (max-width: 300px) 100vw, 300px\" \/><\/a><\/p>\n","protected":false},"excerpt":{"rendered":"<p>Lukiomme Hyvinvoiva lukio- ryhm\u00e4l\u00e4iset vierailivat to 3.11.2016 Raisio OYJ:n tehtailla Raisiossa yhdess\u00e4 opettajien Mattus Alsi, Marianne Laulumaa ja Tiina Vuorinen, kanssa. Heid\u00e4n iltap\u00e4iv\u00e4n ohjelmanaan oli valmistaa terveellisi\u00e4 v\u00e4lipaloja. Ryhm\u00e4 suoriutui teht\u00e4v\u00e4st\u00e4\u00e4n erinomaisesti ja maukkaat tuotokset saatiin sy\u00f6d\u00e4 p\u00e4iv\u00e4n p\u00e4\u00e4tteeksi \ud83d\ude42<\/p>\n","protected":false},"author":1368,"featured_media":0,"parent":2711,"menu_order":0,"comment_status":"closed","ping_status":"closed","template":"","meta":{"footnotes":""},"class_list":["post-2776","page","type-page","status-publish","hentry"],"_links":{"self":[{"href":"https:\/\/blog.edu.turku.fi\/turunklassillinenlukio\/wp-json\/wp\/v2\/pages\/2776","targetHints":{"allow":["GET"]}}],"collection":[{"href":"https:\/\/blog.edu.turku.fi\/turunklassillinenlukio\/wp-json\/wp\/v2\/pages"}],"about":[{"href":"https:\/\/blog.edu.turku.fi\/turunklassillinenlukio\/wp-json\/wp\/v2\/types\/page"}],"author":[{"embeddable":true,"href":"https:\/\/blog.edu.turku.fi\/turunklassillinenlukio\/wp-json\/wp\/v2\/users\/1368"}],"replies":[{"embeddable":true,"href":"https:\/\/blog.edu.turku.fi\/turunklassillinenlukio\/wp-json\/wp\/v2\/comments?post=2776"}],"version-history":[{"count":4,"href":"https:\/\/blog.edu.turku.fi\/turunklassillinenlukio\/wp-json\/wp\/v2\/pages\/2776\/revisions"}],"predecessor-version":[{"id":2789,"href":"https:\/\/blog.edu.turku.fi\/turunklassillinenlukio\/wp-json\/wp\/v2\/pages\/2776\/revisions\/2789"}],"up":[{"embeddable":true,"href":"https:\/\/blog.edu.turku.fi\/turunklassillinenlukio\/wp-json\/wp\/v2\/pages\/2711"}],"wp:attachment":[{"href":"https:\/\/blog.edu.turku.fi\/turunklassillinenlukio\/wp-json\/wp\/v2\/media?parent=2776"}],"curies":[{"name":"wp","href":"https:\/\/api.w.org\/{rel}","templated":true}]}}