{"id":2741,"date":"2016-10-19T10:43:50","date_gmt":"2016-10-19T07:43:50","guid":{"rendered":"https:\/\/blog.edu.turku.fi\/turunklassillinenlukio\/?page_id=2741"},"modified":"2016-10-19T10:48:53","modified_gmt":"2016-10-19T07:48:53","slug":"archeryfun-liikuntatunneilla-19-10-2016","status":"publish","type":"page","link":"https:\/\/blog.edu.turku.fi\/turunklassillinenlukio\/tapahtumat\/tapahtumia-lukuvuodelta-2016-2017\/archeryfun-liikuntatunneilla-19-10-2016\/","title":{"rendered":"ArcheryFun liikuntatunneilla 19.10.2016"},"content":{"rendered":"<p>Toiminnallinen ArcheryFun -jousiammuntalaji on rantautunut Turun klassilliseen lukioon. Peliss\u00e4 haastetaan sek\u00e4 itsens\u00e4 ett\u00e4 kilpakumppanit v\u00e4istellen ilmassa lent\u00e4vi\u00e4 nuolia ja ker\u00e4\u00e4m\u00e4ll\u00e4 omalle joukkueelle mahdollisimman paljon pisteit\u00e4!<\/p>\n<p>Peliss\u00e4 ovat vastakkain 5 hengen joukkueet, joiden tarkoituksena on ker\u00e4t\u00e4 10 minuutin er\u00e4ss\u00e4 mahdollisimman monta pistett\u00e4 osumalla vastapuolen pelaajiin tai tyhjent\u00e4m\u00e4ll\u00e4 vastustajan maalitaulukko.<\/p>\n<p>Ennen varsinaista peli\u00e4 harjoiteltiin ampumista, jonka j\u00e4lkeen heitt\u00e4ydyttiin itse pelin tiimellykseen. Hauskalta n\u00e4ytti!<\/p>\n<p><a href=\"https:\/\/blog.edu.turku.fi\/turunklassillinenlukio\/files\/2016\/10\/20161019_095637.jpg\"><img loading=\"lazy\" decoding=\"async\" class=\"alignnone size-medium wp-image-2742\" src=\"https:\/\/blog.edu.turku.fi\/turunklassillinenlukio\/files\/2016\/10\/20161019_095637-169x300.jpg\" alt=\"20161019_095637\" width=\"169\" height=\"300\" srcset=\"https:\/\/blog.edu.turku.fi\/turunklassillinenlukio\/files\/2016\/10\/20161019_095637-169x300.jpg 169w, https:\/\/blog.edu.turku.fi\/turunklassillinenlukio\/files\/2016\/10\/20161019_095637-576x1024.jpg 576w, https:\/\/blog.edu.turku.fi\/turunklassillinenlukio\/files\/2016\/10\/20161019_095637.jpg 1152w\" sizes=\"auto, (max-width: 169px) 100vw, 169px\" \/><\/a><a href=\"https:\/\/blog.edu.turku.fi\/turunklassillinenlukio\/files\/2016\/10\/20161019_095650.jpg\"> <img loading=\"lazy\" decoding=\"async\" class=\"alignnone size-medium wp-image-2743\" src=\"https:\/\/blog.edu.turku.fi\/turunklassillinenlukio\/files\/2016\/10\/20161019_095650-300x169.jpg\" alt=\"20161019_095650\" width=\"300\" height=\"169\" srcset=\"https:\/\/blog.edu.turku.fi\/turunklassillinenlukio\/files\/2016\/10\/20161019_095650-300x169.jpg 300w, https:\/\/blog.edu.turku.fi\/turunklassillinenlukio\/files\/2016\/10\/20161019_095650-1024x576.jpg 1024w, https:\/\/blog.edu.turku.fi\/turunklassillinenlukio\/files\/2016\/10\/20161019_095650.jpg 2048w\" sizes=\"auto, (max-width: 300px) 100vw, 300px\" \/><\/a><a href=\"https:\/\/blog.edu.turku.fi\/turunklassillinenlukio\/files\/2016\/10\/20161019_100132.jpg\"><img loading=\"lazy\" decoding=\"async\" class=\"alignnone size-medium wp-image-2744\" src=\"https:\/\/blog.edu.turku.fi\/turunklassillinenlukio\/files\/2016\/10\/20161019_100132-300x169.jpg\" alt=\"20161019_100132\" width=\"300\" height=\"169\" srcset=\"https:\/\/blog.edu.turku.fi\/turunklassillinenlukio\/files\/2016\/10\/20161019_100132-300x169.jpg 300w, https:\/\/blog.edu.turku.fi\/turunklassillinenlukio\/files\/2016\/10\/20161019_100132-1024x576.jpg 1024w, https:\/\/blog.edu.turku.fi\/turunklassillinenlukio\/files\/2016\/10\/20161019_100132.jpg 2048w\" sizes=\"auto, (max-width: 300px) 100vw, 300px\" \/><\/a><a href=\"https:\/\/blog.edu.turku.fi\/turunklassillinenlukio\/files\/2016\/10\/20161019_102510.jpg\"> <img loading=\"lazy\" decoding=\"async\" class=\"alignnone size-medium wp-image-2745\" src=\"https:\/\/blog.edu.turku.fi\/turunklassillinenlukio\/files\/2016\/10\/20161019_102510-300x169.jpg\" alt=\"20161019_102510\" width=\"300\" height=\"169\" srcset=\"https:\/\/blog.edu.turku.fi\/turunklassillinenlukio\/files\/2016\/10\/20161019_102510-300x169.jpg 300w, https:\/\/blog.edu.turku.fi\/turunklassillinenlukio\/files\/2016\/10\/20161019_102510-1024x576.jpg 1024w, https:\/\/blog.edu.turku.fi\/turunklassillinenlukio\/files\/2016\/10\/20161019_102510.jpg 2048w\" sizes=\"auto, (max-width: 300px) 100vw, 300px\" \/><\/a><\/p>\n","protected":false},"excerpt":{"rendered":"<p>Toiminnallinen ArcheryFun -jousiammuntalaji on rantautunut Turun klassilliseen lukioon. Peliss\u00e4 haastetaan sek\u00e4 itsens\u00e4 ett\u00e4 kilpakumppanit v\u00e4istellen ilmassa lent\u00e4vi\u00e4 nuolia ja ker\u00e4\u00e4m\u00e4ll\u00e4 omalle joukkueelle mahdollisimman paljon pisteit\u00e4! Peliss\u00e4 ovat vastakkain 5 hengen joukkueet, joiden tarkoituksena on ker\u00e4t\u00e4 10 minuutin er\u00e4ss\u00e4 mahdollisimman monta &hellip; <a href=\"https:\/\/blog.edu.turku.fi\/turunklassillinenlukio\/tapahtumat\/tapahtumia-lukuvuodelta-2016-2017\/archeryfun-liikuntatunneilla-19-10-2016\/\">Lue loppuun <span class=\"meta-nav\">&rarr;<\/span><\/a><\/p>\n","protected":false},"author":1368,"featured_media":0,"parent":2711,"menu_order":0,"comment_status":"closed","ping_status":"closed","template":"","meta":{"footnotes":""},"class_list":["post-2741","page","type-page","status-publish","hentry"],"_links":{"self":[{"href":"https:\/\/blog.edu.turku.fi\/turunklassillinenlukio\/wp-json\/wp\/v2\/pages\/2741","targetHints":{"allow":["GET"]}}],"collection":[{"href":"https:\/\/blog.edu.turku.fi\/turunklassillinenlukio\/wp-json\/wp\/v2\/pages"}],"about":[{"href":"https:\/\/blog.edu.turku.fi\/turunklassillinenlukio\/wp-json\/wp\/v2\/types\/page"}],"author":[{"embeddable":true,"href":"https:\/\/blog.edu.turku.fi\/turunklassillinenlukio\/wp-json\/wp\/v2\/users\/1368"}],"replies":[{"embeddable":true,"href":"https:\/\/blog.edu.turku.fi\/turunklassillinenlukio\/wp-json\/wp\/v2\/comments?post=2741"}],"version-history":[{"count":4,"href":"https:\/\/blog.edu.turku.fi\/turunklassillinenlukio\/wp-json\/wp\/v2\/pages\/2741\/revisions"}],"predecessor-version":[{"id":2751,"href":"https:\/\/blog.edu.turku.fi\/turunklassillinenlukio\/wp-json\/wp\/v2\/pages\/2741\/revisions\/2751"}],"up":[{"embeddable":true,"href":"https:\/\/blog.edu.turku.fi\/turunklassillinenlukio\/wp-json\/wp\/v2\/pages\/2711"}],"wp:attachment":[{"href":"https:\/\/blog.edu.turku.fi\/turunklassillinenlukio\/wp-json\/wp\/v2\/media?parent=2741"}],"curies":[{"name":"wp","href":"https:\/\/api.w.org\/{rel}","templated":true}]}}