{"id":2717,"date":"2016-10-10T11:38:37","date_gmt":"2016-10-10T08:38:37","guid":{"rendered":"https:\/\/blog.edu.turku.fi\/turunklassillinenlukio\/?page_id=2717"},"modified":"2019-06-10T14:01:51","modified_gmt":"2019-06-10T11:01:51","slug":"in-public-in-particular-performative-pieces-1","status":"publish","type":"page","link":"https:\/\/blog.edu.turku.fi\/turunklassillinenlukio\/tapahtumat\/tapahtumia-lukuvuodelta-2016-2017\/in-public-in-particular-performative-pieces-1\/","title":{"rendered":"In Public In Particular Performative Pieces 1"},"content":{"rendered":"<p><strong>Perhosia koululla \u2013performatiivisia teoksia taideopiskelijoiden ja yhteisty\u00f6kumppaneiden kohtaamisten tuloksena.<\/strong><\/p>\n<p>Esitys su 9.10. klo 14-16 Turun klassillinen lukio<br \/>\n(Yhteisty\u00f6kumppaneina New Performance Turku Festival ja Turun klassillinen lukio)<\/p>\n<p><strong>Jose Jompero ja Sofie Wikstr\u00f6m<\/strong> kertovat videoinstallaatiostaan <em>Someone Was Here Befor<\/em>e Us ja \u00e4\u00e4niteoksestaan <em>We were Here<\/em>: Jo koulutilaan astuminen tuo kaikille tuttuja aistimuksia, jotka her\u00e4tt\u00e4v\u00e4t omia muistoja \u2013universaalejakin. Meill\u00e4 on kokemuksia koulutilan \u00e4\u00e4nist\u00e4, luokkakuvauksesta, liitutaululle kirjoittamisesta ja v\u00e4lituntikellojen soimisesta. Teokset pohjaavat n\u00e4iden virikkeiden tuomille positiivisille tai negatiivisille mielikuville.<\/p>\n<p><strong>Ville Turkia<\/strong>n ja <strong>Raquel Montero Estev\u00e9zin<\/strong> visuaalinen performanssi <em>Minne perhoset menee? <\/em>pohtii koulutuksen nykytilaa Suomessa. Onko erilaisuudelle tilaa?<\/p>\n<p>Lukion performanssikurssin opiskelijat yhdess\u00e4 teatteri-ilmaisun ohjaaja <strong>Marja Kankaan<\/strong> kanssa ovat valmistelleet seuraavat teokset:<\/p>\n<p><strong>Enni Eerik\u00e4inen: <\/strong><em>My first everything<\/em><strong> ,Onit Portnoj: <\/strong><em>Breaking boundaries<\/em><strong> ,Helka Karhu: <\/strong><em>S\u00e4\u00e4tiloja<\/em><strong>, Vanessa Peitil\u00e4: <\/strong><em>T\u00e4lt\u00e4 musta tuntuu.<\/em><\/p>\n<p>Esitykset olivat maksuttomia ja ne olivat osa Turun AMK:n koordinoimaa kansainv\u00e4list\u00e4 <em>In Public, In Particular <\/em>-projektia.<\/p>\n<p><a href=\"https:\/\/blog.edu.turku.fi\/turunklassillinenlukio\/files\/2016\/10\/In-Public-In-Particular-Performative-Pieces-1-ohjelma.pdf\">In-public-in-particular-performative-pieces-1 -ohjelmalehtinen<\/a> (PDF, 945 kt)<\/p>\n<p><a href=\"https:\/\/blog.edu.turku.fi\/turunklassillinenlukio\/files\/2016\/10\/14666236_1080412028732636_1453577585892206455_n.jpg\"><img loading=\"lazy\" decoding=\"async\" class=\"alignnone size-medium wp-image-2724\" src=\"https:\/\/blog.edu.turku.fi\/turunklassillinenlukio\/files\/2016\/10\/14666236_1080412028732636_1453577585892206455_n-300x169.jpg\" alt=\"14666236_1080412028732636_1453577585892206455_n\" width=\"300\" height=\"169\" srcset=\"https:\/\/blog.edu.turku.fi\/turunklassillinenlukio\/files\/2016\/10\/14666236_1080412028732636_1453577585892206455_n-300x169.jpg 300w, https:\/\/blog.edu.turku.fi\/turunklassillinenlukio\/files\/2016\/10\/14666236_1080412028732636_1453577585892206455_n.jpg 960w\" sizes=\"auto, (max-width: 300px) 100vw, 300px\" \/><\/a><a href=\"https:\/\/blog.edu.turku.fi\/turunklassillinenlukio\/files\/2016\/10\/14650471_1080411925399313_2993570200822397029_n.jpg\"> <img loading=\"lazy\" decoding=\"async\" class=\"alignnone size-medium wp-image-2723\" src=\"https:\/\/blog.edu.turku.fi\/turunklassillinenlukio\/files\/2016\/10\/14650471_1080411925399313_2993570200822397029_n-300x169.jpg\" alt=\"14650471_1080411925399313_2993570200822397029_n\" width=\"300\" height=\"169\" srcset=\"https:\/\/blog.edu.turku.fi\/turunklassillinenlukio\/files\/2016\/10\/14650471_1080411925399313_2993570200822397029_n-300x169.jpg 300w, https:\/\/blog.edu.turku.fi\/turunklassillinenlukio\/files\/2016\/10\/14650471_1080411925399313_2993570200822397029_n.jpg 960w\" sizes=\"auto, (max-width: 300px) 100vw, 300px\" \/><\/a><a href=\"https:\/\/blog.edu.turku.fi\/turunklassillinenlukio\/files\/2016\/10\/14590394_1080411848732654_3533961417769656926_n.jpg\"> <img loading=\"lazy\" decoding=\"async\" class=\"alignnone size-medium wp-image-2720\" src=\"https:\/\/blog.edu.turku.fi\/turunklassillinenlukio\/files\/2016\/10\/14590394_1080411848732654_3533961417769656926_n-300x169.jpg\" alt=\"14590394_1080411848732654_3533961417769656926_n\" width=\"300\" height=\"169\" srcset=\"https:\/\/blog.edu.turku.fi\/turunklassillinenlukio\/files\/2016\/10\/14590394_1080411848732654_3533961417769656926_n-300x169.jpg 300w, https:\/\/blog.edu.turku.fi\/turunklassillinenlukio\/files\/2016\/10\/14590394_1080411848732654_3533961417769656926_n.jpg 960w\" sizes=\"auto, (max-width: 300px) 100vw, 300px\" \/><\/a><a href=\"https:\/\/blog.edu.turku.fi\/turunklassillinenlukio\/files\/2016\/10\/14589876_1080411738732665_4786121943048354398_o.jpg\"><img loading=\"lazy\" decoding=\"async\" class=\"alignnone size-medium wp-image-2719\" src=\"https:\/\/blog.edu.turku.fi\/turunklassillinenlukio\/files\/2016\/10\/14589876_1080411738732665_4786121943048354398_o-300x169.jpg\" alt=\"14589876_1080411738732665_4786121943048354398_o\" width=\"300\" height=\"169\" srcset=\"https:\/\/blog.edu.turku.fi\/turunklassillinenlukio\/files\/2016\/10\/14589876_1080411738732665_4786121943048354398_o-300x169.jpg 300w, https:\/\/blog.edu.turku.fi\/turunklassillinenlukio\/files\/2016\/10\/14589876_1080411738732665_4786121943048354398_o-1024x577.jpg 1024w, https:\/\/blog.edu.turku.fi\/turunklassillinenlukio\/files\/2016\/10\/14589876_1080411738732665_4786121943048354398_o.jpg 1325w\" sizes=\"auto, (max-width: 300px) 100vw, 300px\" \/><\/a><a href=\"https:\/\/blog.edu.turku.fi\/turunklassillinenlukio\/files\/2016\/10\/14595722_1080411628732676_6182340782152150929_n.jpg\"><img loading=\"lazy\" decoding=\"async\" class=\"alignnone size-medium wp-image-2721\" src=\"https:\/\/blog.edu.turku.fi\/turunklassillinenlukio\/files\/2016\/10\/14595722_1080411628732676_6182340782152150929_n-300x169.jpg\" alt=\"14595722_1080411628732676_6182340782152150929_n\" width=\"300\" height=\"169\" srcset=\"https:\/\/blog.edu.turku.fi\/turunklassillinenlukio\/files\/2016\/10\/14595722_1080411628732676_6182340782152150929_n-300x169.jpg 300w, https:\/\/blog.edu.turku.fi\/turunklassillinenlukio\/files\/2016\/10\/14595722_1080411628732676_6182340782152150929_n.jpg 960w\" sizes=\"auto, (max-width: 300px) 100vw, 300px\" \/> <\/a><a href=\"https:\/\/blog.edu.turku.fi\/turunklassillinenlukio\/files\/2016\/10\/14567433_1080411795399326_6878492498976295143_o.jpg\"><img loading=\"lazy\" decoding=\"async\" class=\"alignnone size-medium wp-image-2718\" src=\"https:\/\/blog.edu.turku.fi\/turunklassillinenlukio\/files\/2016\/10\/14567433_1080411795399326_6878492498976295143_o-300x169.jpg\" alt=\"14567433_1080411795399326_6878492498976295143_o\" width=\"300\" height=\"169\" srcset=\"https:\/\/blog.edu.turku.fi\/turunklassillinenlukio\/files\/2016\/10\/14567433_1080411795399326_6878492498976295143_o-300x169.jpg 300w, https:\/\/blog.edu.turku.fi\/turunklassillinenlukio\/files\/2016\/10\/14567433_1080411795399326_6878492498976295143_o-1024x577.jpg 1024w, https:\/\/blog.edu.turku.fi\/turunklassillinenlukio\/files\/2016\/10\/14567433_1080411795399326_6878492498976295143_o.jpg 1325w\" sizes=\"auto, (max-width: 300px) 100vw, 300px\" \/><\/a><a href=\"https:\/\/blog.edu.turku.fi\/turunklassillinenlukio\/files\/2016\/10\/14590394_1080411848732654_3533961417769656926_n.jpg\"><img loading=\"lazy\" decoding=\"async\" class=\"alignnone size-medium wp-image-2722\" src=\"https:\/\/blog.edu.turku.fi\/turunklassillinenlukio\/files\/2016\/10\/14639592_1080411712066001_3671083466902110923_n-165x300.jpg\" alt=\"14639592_1080411712066001_3671083466902110923_n\" width=\"165\" height=\"300\" srcset=\"https:\/\/blog.edu.turku.fi\/turunklassillinenlukio\/files\/2016\/10\/14639592_1080411712066001_3671083466902110923_n-165x300.jpg 165w, https:\/\/blog.edu.turku.fi\/turunklassillinenlukio\/files\/2016\/10\/14639592_1080411712066001_3671083466902110923_n.jpg 528w\" sizes=\"auto, (max-width: 165px) 100vw, 165px\" \/><\/a><a href=\"https:\/\/blog.edu.turku.fi\/turunklassillinenlukio\/files\/2016\/10\/14590394_1080411848732654_3533961417769656926_n.jpg\"><br \/>\n<\/a><\/p>\n","protected":false},"excerpt":{"rendered":"<p>Perhosia koululla \u2013performatiivisia teoksia taideopiskelijoiden ja yhteisty\u00f6kumppaneiden kohtaamisten tuloksena. Esitys su 9.10. klo 14-16 Turun klassillinen lukio (Yhteisty\u00f6kumppaneina New Performance Turku Festival ja Turun klassillinen lukio) Jose Jompero ja Sofie Wikstr\u00f6m kertovat videoinstallaatiostaan Someone Was Here Before Us ja \u00e4\u00e4niteoksestaan &hellip; <a href=\"https:\/\/blog.edu.turku.fi\/turunklassillinenlukio\/tapahtumat\/tapahtumia-lukuvuodelta-2016-2017\/in-public-in-particular-performative-pieces-1\/\">Lue loppuun <span class=\"meta-nav\">&rarr;<\/span><\/a><\/p>\n","protected":false},"author":1368,"featured_media":0,"parent":2711,"menu_order":0,"comment_status":"closed","ping_status":"closed","template":"","meta":{"footnotes":""},"class_list":["post-2717","page","type-page","status-publish","hentry"],"_links":{"self":[{"href":"https:\/\/blog.edu.turku.fi\/turunklassillinenlukio\/wp-json\/wp\/v2\/pages\/2717","targetHints":{"allow":["GET"]}}],"collection":[{"href":"https:\/\/blog.edu.turku.fi\/turunklassillinenlukio\/wp-json\/wp\/v2\/pages"}],"about":[{"href":"https:\/\/blog.edu.turku.fi\/turunklassillinenlukio\/wp-json\/wp\/v2\/types\/page"}],"author":[{"embeddable":true,"href":"https:\/\/blog.edu.turku.fi\/turunklassillinenlukio\/wp-json\/wp\/v2\/users\/1368"}],"replies":[{"embeddable":true,"href":"https:\/\/blog.edu.turku.fi\/turunklassillinenlukio\/wp-json\/wp\/v2\/comments?post=2717"}],"version-history":[{"count":5,"href":"https:\/\/blog.edu.turku.fi\/turunklassillinenlukio\/wp-json\/wp\/v2\/pages\/2717\/revisions"}],"predecessor-version":[{"id":4711,"href":"https:\/\/blog.edu.turku.fi\/turunklassillinenlukio\/wp-json\/wp\/v2\/pages\/2717\/revisions\/4711"}],"up":[{"embeddable":true,"href":"https:\/\/blog.edu.turku.fi\/turunklassillinenlukio\/wp-json\/wp\/v2\/pages\/2711"}],"wp:attachment":[{"href":"https:\/\/blog.edu.turku.fi\/turunklassillinenlukio\/wp-json\/wp\/v2\/media?parent=2717"}],"curies":[{"name":"wp","href":"https:\/\/api.w.org\/{rel}","templated":true}]}}