{"id":2713,"date":"2016-10-10T10:43:06","date_gmt":"2016-10-10T07:43:06","guid":{"rendered":"https:\/\/blog.edu.turku.fi\/turunklassillinenlukio\/?page_id=2713"},"modified":"2016-10-20T13:49:43","modified_gmt":"2016-10-20T10:49:43","slug":"ny-24h-microsoft-challenge-leiri","status":"publish","type":"page","link":"https:\/\/blog.edu.turku.fi\/turunklassillinenlukio\/tapahtumat\/tapahtumia-lukuvuodelta-2016-2017\/ny-24h-microsoft-challenge-leiri\/","title":{"rendered":"NY 24h -Microsoft Challenge leiri"},"content":{"rendered":"<p>NY Microsoft Challenge oli 24h mittainen yritt\u00e4jyysleiri, jossa Microsoft antoi osalllistujille haasteen. Challengessa nuoret perustivat kuvitteellisen yrityksen vuorokauden ajaksi ja miettiv\u00e4t liikeidean annettuun haasteeseen. Leiri toteutettiin Raision lukion tiloissa to 6.10- pe 7.10. yhdess\u00e4 Raision ja Naantalin lukiolaisten kanssa.<\/p>\n<p>Challengen aikana tutustuttiin ja saatiin sparrausta tieto- ja viestint\u00e4tekniikan (ICT) mahdollisuuksista oman liikeidean tukena, kehitettiin idea sovelluksesta ja saatiin oppeja siit\u00e4 miten ICT muuttaa ty\u00f6n tekemist\u00e4.\u00a0Challenge oli osa Nuori Yritt\u00e4jyys ry:n ja Microsoftin YouthSpark yhteisty\u00f6t\u00e4.<\/p>\n<p>Leirin aikataulu oli seuraavanlainen:<br \/>\nto 6.10.<\/p>\n<ul>\n<li>klo 12.00-13.00 Ilmoittautuminen (aula &amp; ruokala)<\/li>\n<li>klo 13.00-14.00 Avauspamaus(Microsoft-haaste-video\/sali)\n<ul>\n<li>Ryhm\u00e4jaot<\/li>\n<li>Tutustumisleikki<\/li>\n<\/ul>\n<\/li>\n<li>klo 14.00-16.30 Rastiteht\u00e4vi\u00e4 (luokissa)\n<ul>\n<li>kokous<\/li>\n<li>SWOT<\/li>\n<li>liiketoimintasuunnitelma<\/li>\n<li>IDEA!<\/li>\n<\/ul>\n<\/li>\n<li>klo 17.00-18.00 P\u00e4iv\u00e4llinen (ruokala)<\/li>\n<li>klo 18.00-21.00 Rastiteht\u00e4vi\u00e4 (luokissa)\n<ul>\n<li>nimi ja logo, puhe, budjetti, tuote-hy\u00f6ty-etu, hupi, mainos, hinta, tauko jne.<\/li>\n<\/ul>\n<\/li>\n<li>klo 21.00-21.30 Iltapala (ruokala)<\/li>\n<li>klo 21.30-02.00 Rastiteht\u00e4vi\u00e4 (luokissa)<\/li>\n<li>klo 00.00-02.00 PANKKI<\/li>\n<li>klo 02.00-06.00 Power Pointit, Unta (uniluokka 23)<\/li>\n<\/ul>\n<p>pe 7.10.<\/p>\n<ul>\n<li>klo 6.00-7.00 Esitysten valmistelua<\/li>\n<li>klo 7.00 Luokat tyhjiksi<\/li>\n<li>klo 7.00-7.45 Aamupala (ruokala)<\/li>\n<li>klo 7.45-8.00 Aamujumppa (leirikapteenit)<\/li>\n<li>klo 8.00-8.15 Aamutoimet<\/li>\n<li>klo 8.15-9.15 Esityksi\u00e4 (ruokala)<\/li>\n<li>klo 9.25-10.40 Luento\/T\u00e4htivieras (salissa)<\/li>\n<li>klo 10.40-11.00 Lounas (ruokala)<\/li>\n<li>klo 11.00-12.00 Esityksi\u00e4 (salissa)<\/li>\n<li>klo 12.00 P\u00c4\u00c4T\u00d6SSANAT + palkintojen jako<\/li>\n<\/ul>\n<p>Voittajatiimiksi valikoitui tiimi nimelt\u00e4 Koalat ja sen j\u00e4seni\u00e4 olivat kuvassa vasemmalta lukien Juuso Salminen Raision lukiosta, Emmi-Noora Roos, Jenna Roivas ja Nora Paasonen Turun klassillisesta lukiosta.<br \/>\n<a href=\"https:\/\/blog.edu.turku.fi\/turunklassillinenlukio\/files\/2016\/10\/voittajat.jpg\"><img loading=\"lazy\" decoding=\"async\" class=\"alignnone size-medium wp-image-2753\" src=\"https:\/\/blog.edu.turku.fi\/turunklassillinenlukio\/files\/2016\/10\/voittajat-300x200.jpg\" alt=\"voittajat\" width=\"300\" height=\"200\" srcset=\"https:\/\/blog.edu.turku.fi\/turunklassillinenlukio\/files\/2016\/10\/voittajat-300x200.jpg 300w, https:\/\/blog.edu.turku.fi\/turunklassillinenlukio\/files\/2016\/10\/voittajat-1024x683.jpg 1024w, https:\/\/blog.edu.turku.fi\/turunklassillinenlukio\/files\/2016\/10\/voittajat.jpg 2048w\" sizes=\"auto, (max-width: 300px) 100vw, 300px\" \/><\/a><\/p>\n<p>Tarkemman kattauksen leirist\u00e4 saat Rannikkoseudun ennakko- ja j\u00e4lkijutuista sek\u00e4 YLEn paikallisuutisista.<br \/>\nRannikkoseudun ennakkojuttu pe 7.10. lehdest\u00e4<br \/>\n<a href=\"https:\/\/blog.edu.turku.fi\/turunklassillinenlukio\/files\/2016\/10\/24h-rannari-osa1.jpg\"><img loading=\"lazy\" decoding=\"async\" class=\"alignnone size-medium wp-image-2729\" src=\"https:\/\/blog.edu.turku.fi\/turunklassillinenlukio\/files\/2016\/10\/24h-rannari-osa1-300x212.jpg\" alt=\"24h-rannari-osa1\" width=\"300\" height=\"212\" srcset=\"https:\/\/blog.edu.turku.fi\/turunklassillinenlukio\/files\/2016\/10\/24h-rannari-osa1-300x212.jpg 300w, https:\/\/blog.edu.turku.fi\/turunklassillinenlukio\/files\/2016\/10\/24h-rannari-osa1-1024x724.jpg 1024w, https:\/\/blog.edu.turku.fi\/turunklassillinenlukio\/files\/2016\/10\/24h-rannari-osa1.jpg 2048w\" sizes=\"auto, (max-width: 300px) 100vw, 300px\" \/><\/a><br \/>\n<a href=\"http:\/\/areena.yle.fi\/1-3757431\">YLEn paikallisuutisl\u00e4hetys pe 7.10<\/a><br \/>\nRannikkoseudun p\u00e4\u00e4t\u00f6sjuttu ti 11.10. lehdest\u00e4<br \/>\n<a href=\"https:\/\/blog.edu.turku.fi\/turunklassillinenlukio\/files\/2016\/10\/24h-rannari-osa2.jpg\"><img loading=\"lazy\" decoding=\"async\" class=\"alignnone size-medium wp-image-2739\" src=\"https:\/\/blog.edu.turku.fi\/turunklassillinenlukio\/files\/2016\/10\/24h-rannari-osa2-300x182.jpg\" alt=\"24h-rannari-osa2\" width=\"300\" height=\"182\" srcset=\"https:\/\/blog.edu.turku.fi\/turunklassillinenlukio\/files\/2016\/10\/24h-rannari-osa2-300x182.jpg 300w, https:\/\/blog.edu.turku.fi\/turunklassillinenlukio\/files\/2016\/10\/24h-rannari-osa2.jpg 700w\" sizes=\"auto, (max-width: 300px) 100vw, 300px\" \/><\/a><\/p>\n","protected":false},"excerpt":{"rendered":"<p>NY Microsoft Challenge oli 24h mittainen yritt\u00e4jyysleiri, jossa Microsoft antoi osalllistujille haasteen. Challengessa nuoret perustivat kuvitteellisen yrityksen vuorokauden ajaksi ja miettiv\u00e4t liikeidean annettuun haasteeseen. Leiri toteutettiin Raision lukion tiloissa to 6.10- pe 7.10. yhdess\u00e4 Raision ja Naantalin lukiolaisten kanssa. Challengen &hellip; <a href=\"https:\/\/blog.edu.turku.fi\/turunklassillinenlukio\/tapahtumat\/tapahtumia-lukuvuodelta-2016-2017\/ny-24h-microsoft-challenge-leiri\/\">Lue loppuun <span class=\"meta-nav\">&rarr;<\/span><\/a><\/p>\n","protected":false},"author":1368,"featured_media":0,"parent":2711,"menu_order":0,"comment_status":"closed","ping_status":"closed","template":"","meta":{"footnotes":""},"class_list":["post-2713","page","type-page","status-publish","hentry"],"_links":{"self":[{"href":"https:\/\/blog.edu.turku.fi\/turunklassillinenlukio\/wp-json\/wp\/v2\/pages\/2713","targetHints":{"allow":["GET"]}}],"collection":[{"href":"https:\/\/blog.edu.turku.fi\/turunklassillinenlukio\/wp-json\/wp\/v2\/pages"}],"about":[{"href":"https:\/\/blog.edu.turku.fi\/turunklassillinenlukio\/wp-json\/wp\/v2\/types\/page"}],"author":[{"embeddable":true,"href":"https:\/\/blog.edu.turku.fi\/turunklassillinenlukio\/wp-json\/wp\/v2\/users\/1368"}],"replies":[{"embeddable":true,"href":"https:\/\/blog.edu.turku.fi\/turunklassillinenlukio\/wp-json\/wp\/v2\/comments?post=2713"}],"version-history":[{"count":7,"href":"https:\/\/blog.edu.turku.fi\/turunklassillinenlukio\/wp-json\/wp\/v2\/pages\/2713\/revisions"}],"predecessor-version":[{"id":2755,"href":"https:\/\/blog.edu.turku.fi\/turunklassillinenlukio\/wp-json\/wp\/v2\/pages\/2713\/revisions\/2755"}],"up":[{"embeddable":true,"href":"https:\/\/blog.edu.turku.fi\/turunklassillinenlukio\/wp-json\/wp\/v2\/pages\/2711"}],"wp:attachment":[{"href":"https:\/\/blog.edu.turku.fi\/turunklassillinenlukio\/wp-json\/wp\/v2\/media?parent=2713"}],"curies":[{"name":"wp","href":"https:\/\/api.w.org\/{rel}","templated":true}]}}