{"id":2711,"date":"2016-10-10T10:34:24","date_gmt":"2016-10-10T07:34:24","guid":{"rendered":"https:\/\/blog.edu.turku.fi\/turunklassillinenlukio\/?page_id=2711"},"modified":"2019-06-10T15:06:17","modified_gmt":"2019-06-10T12:06:17","slug":"tapahtumia-lukuvuodelta-2016-2017","status":"publish","type":"page","link":"https:\/\/blog.edu.turku.fi\/turunklassillinenlukio\/tapahtumat\/tapahtumia-lukuvuodelta-2016-2017\/","title":{"rendered":"Tapahtumia lukuvuodelta 2016-2017"},"content":{"rendered":"<div id=\"main\">\n<div id=\"container\">\n<div id=\"content\">\n<div id=\"post-2553\" class=\"post-2553 page type-page status-publish hentry\">\n<div class=\"entry-content\">\n<p>T\u00e4lle sivulle on ker\u00e4tty artikkeleita lukuvuodelta 2016-2017.<\/p>\n<ul>\n<li><a href=\"https:\/\/blog.edu.turku.fi\/turunklassillinenlukio\/tapahtumat\/tapahtumia-lukuvuodelta-2016-2017\/ny-24h-microsoft-challenge-leiri\/\">NY 24h -leiri Microsoft Challenge<\/a><\/li>\n<li><a href=\"https:\/\/blog.edu.turku.fi\/turunklassillinenlukio\/tapahtumat\/tapahtumia-lukuvuodelta-2016-2017\/in-public-in-particular-performative-pieces-1\/\">In Public in particular performative pieces 1<\/a><\/li>\n<li><a href=\"https:\/\/blog.edu.turku.fi\/turunklassillinenlukio\/tapahtumat\/tapahtumia-lukuvuodelta-2016-2017\/archeryfun-liikuntatunneilla-19-10-2016\/\">ArcheryFun liikuntatunneilla<\/a><\/li>\n<li><a href=\"https:\/\/blog.edu.turku.fi\/turunklassillinenlukio\/tapahtumat\/tapahtumia-lukuvuodelta-2016-2017\/hyvinvoiva-lukio-ryhmalaiset-raisio-oyjlla\/\">Hyvinvoiva lukio- ryhm\u00e4l\u00e4iset Raisio OYJ:ll\u00e4<\/a><\/li>\n<li><a href=\"https:\/\/blog.edu.turku.fi\/turunklassillinenlukio\/tapahtumat\/tapahtumia-lukuvuodelta-2016-2017\/kauhugalleria-4-5-11-2016-ja-nenapaiva-11-11-2016\/\">Kauhugalleria ja nen\u00e4p\u00e4iv\u00e4<\/a><\/li>\n<li><a href=\"https:\/\/blog.edu.turku.fi\/turunklassillinenlukio\/tapahtumat\/tapahtumia-lukuvuodelta-2016-2017\/ranskalaisten-lukiolaisten-ystavyyskouluvierailu-9-16-11-2016\/\">Ranskalaisia vieraita koululla<\/a><\/li>\n<li><a href=\"https:\/\/blog.edu.turku.fi\/turunklassillinenlukio\/tapahtumat\/tapahtumia-lukuvuodelta-2016-2017\/teatteritaiteen-lukiodiplomien-katselmukset-18-19-11-2016\/\">Teatteritaiteen lukiodiplomit<\/a><\/li>\n<li><a href=\"https:\/\/blog.edu.turku.fi\/turunklassillinenlukio\/tapahtumat\/tapahtumia-lukuvuodelta-2016-2017\/matemaatikko-katie-steckensin-luento-7-12-2016\/\">Matemaatikko Katie Steckensin luento<\/a><\/li>\n<li><a href=\"https:\/\/blog.edu.turku.fi\/turunklassillinenlukio\/tapahtumat\/tapahtumia-lukuvuodelta-2016-2017\/anne-frankin-nayttely-joulukuu-2016-tammikuu-2017\/\">Anne Frankin n\u00e4yttely<\/a><\/li>\n<li><a href=\"https:\/\/blog.edu.turku.fi\/turunklassillinenlukio\/tapahtumat\/tapahtumia-lukuvuodelta-2016-2017\/hyvinvointipaiva-3-5-2017\/\">Hyvinvointip\u00e4iv\u00e4<\/a><\/li>\n<li><a href=\"https:\/\/blog.edu.turku.fi\/turunklassillinenlukio\/tapahtumat\/tapahtumia-lukuvuodelta-2016-2017\/latinan-lukijat-roomassa-24-28-4-2017\/\">Rooma-kerholaisten matka Roomaan<\/a><\/li>\n<li><a href=\"https:\/\/blog.edu.turku.fi\/turunklassillinenlukio\/tapahtumat\/tapahtumia-lukuvuodelta-2016-2017\/illilaisten-tapahtumia\/\">ILLil\u00e4isten tapahtumia<\/a><\/li>\n<\/ul>\n<p>&nbsp;<\/p>\n<\/div>\n<\/div>\n<\/div>\n<\/div>\n<\/div>\n","protected":false},"excerpt":{"rendered":"<p>T\u00e4lle sivulle on ker\u00e4tty artikkeleita lukuvuodelta 2016-2017. NY 24h -leiri Microsoft Challenge In Public in particular performative pieces 1 ArcheryFun liikuntatunneilla Hyvinvoiva lukio- ryhm\u00e4l\u00e4iset Raisio OYJ:ll\u00e4 Kauhugalleria ja nen\u00e4p\u00e4iv\u00e4 Ranskalaisia vieraita koululla Teatteritaiteen lukiodiplomit Matemaatikko Katie Steckensin luento Anne Frankin &hellip; <a href=\"https:\/\/blog.edu.turku.fi\/turunklassillinenlukio\/tapahtumat\/tapahtumia-lukuvuodelta-2016-2017\/\">Lue loppuun <span class=\"meta-nav\">&rarr;<\/span><\/a><\/p>\n","protected":false},"author":1368,"featured_media":0,"parent":1788,"menu_order":0,"comment_status":"closed","ping_status":"closed","template":"","meta":{"footnotes":""},"class_list":["post-2711","page","type-page","status-publish","hentry"],"_links":{"self":[{"href":"https:\/\/blog.edu.turku.fi\/turunklassillinenlukio\/wp-json\/wp\/v2\/pages\/2711","targetHints":{"allow":["GET"]}}],"collection":[{"href":"https:\/\/blog.edu.turku.fi\/turunklassillinenlukio\/wp-json\/wp\/v2\/pages"}],"about":[{"href":"https:\/\/blog.edu.turku.fi\/turunklassillinenlukio\/wp-json\/wp\/v2\/types\/page"}],"author":[{"embeddable":true,"href":"https:\/\/blog.edu.turku.fi\/turunklassillinenlukio\/wp-json\/wp\/v2\/users\/1368"}],"replies":[{"embeddable":true,"href":"https:\/\/blog.edu.turku.fi\/turunklassillinenlukio\/wp-json\/wp\/v2\/comments?post=2711"}],"version-history":[{"count":27,"href":"https:\/\/blog.edu.turku.fi\/turunklassillinenlukio\/wp-json\/wp\/v2\/pages\/2711\/revisions"}],"predecessor-version":[{"id":4719,"href":"https:\/\/blog.edu.turku.fi\/turunklassillinenlukio\/wp-json\/wp\/v2\/pages\/2711\/revisions\/4719"}],"up":[{"embeddable":true,"href":"https:\/\/blog.edu.turku.fi\/turunklassillinenlukio\/wp-json\/wp\/v2\/pages\/1788"}],"wp:attachment":[{"href":"https:\/\/blog.edu.turku.fi\/turunklassillinenlukio\/wp-json\/wp\/v2\/media?parent=2711"}],"curies":[{"name":"wp","href":"https:\/\/api.w.org\/{rel}","templated":true}]}}