{"id":27,"date":"2013-01-15T13:23:19","date_gmt":"2013-01-15T11:23:19","guid":{"rendered":"https:\/\/blog.edu.turku.fi\/turunklassillinenlukio\/?page_id=27"},"modified":"2019-08-09T14:26:41","modified_gmt":"2019-08-09T11:26:41","slug":"opettajat","status":"publish","type":"page","link":"https:\/\/blog.edu.turku.fi\/turunklassillinenlukio\/yhteystiedot\/opettajat\/","title":{"rendered":"Opettajat"},"content":{"rendered":"<p><em>S\u00e4hk\u00f6posti on muotoa etunimi.sukunimi@turku.fi<\/em><\/p>\n<p><strong>Ahokas Kari<\/strong>, englanti<\/p>\n<p><strong>Alsi Mattus<\/strong>, ilmaisu<\/p>\n<p><strong>Alvesalo Mona<\/strong>, psykologia ja filosofia<\/p>\n<p><strong>Anttila Miia<\/strong>, matematiikka<\/p>\n<p><strong>Apell Laura<\/strong>, filosofia ja psykologia<\/p>\n<p><strong>Autio Hanna<\/strong>, el\u00e4m\u00e4nkatsomustieto (Puolalanm\u00e4en lukio)<\/p>\n<p><strong>Fager Anne<\/strong>, historia ja yhteiskuntaoppi<\/p>\n<p><strong>Friis Mikaela<\/strong>, ruotsi<\/p>\n<p><strong>Haarto Marje<\/strong>, matematiikka<\/p>\n<p><strong>Heino Kai<\/strong>, rehtori<\/p>\n<p><strong>Hiekka Sina<\/strong>, maantiede ja biologia, vv<\/p>\n<p><strong>Hongisto Anna<\/strong>, opinto-ohjaaja (p. 040 6358 231)<\/p>\n<p><strong>Inkil\u00e4inen Hanna<\/strong>, ruotsi<\/p>\n<p><strong>Jolkkonen Marja<\/strong>, englanti<\/p>\n<p><strong>Kaarenoja Miira<\/strong>, tanssi<\/p>\n<p><strong>Kangas Marja<\/strong>, teatteri-ilmaisu<\/p>\n<p><strong>Karinkanta Pasi<\/strong>, fysiikka ja matematiikka<\/p>\n<p><strong>Karvinen Anna-Liisa<\/strong>, fysiikka ja kemia<\/p>\n<p><strong>Ketovuori Heli<\/strong>, Turun lukioiden erityisopettaja (p. 040 6633 294)<\/p>\n<p><strong>Koivunen Jukka<\/strong>, kuvataide ja ilmaisu (p. 040 4323 598)<\/p>\n<p><strong>Koskinen Tero<\/strong>, matematiikka ja fysiikka, vv (p. 040 1767 655)<\/p>\n<p><strong>K\u00e4hk\u00f6nen Petri<\/strong>, historia ja yhteiskuntaoppi<\/p>\n<p><strong>Latokartano Linda<\/strong>, ilmaisu<\/p>\n<p><strong>Laulumaa Marianne<\/strong>, opinto-ohjaus (p. 044-9072 345)<\/p>\n<p><strong>Linjakumpu Tanja<\/strong>, matematiikka<\/p>\n<p><strong>Liukkonen Maiju<\/strong>, \u00e4idinkieli<\/p>\n<p><strong>Lohtaja Hannele<\/strong>, historia ja yhteiskuntaoppi<\/p>\n<p><strong>Paju Sirja<\/strong>, matematiikka<\/p>\n<p><strong>Palmunen Johanna<\/strong>, biologia ja maantiede<\/p>\n<p><strong>Paski Jaani<\/strong>, fysiikka ja matematiikka<\/p>\n<p><strong>Pentti-Tuomisto Reija<\/strong>,\u00a0 latina, kreikka ja historia<\/p>\n<p><strong>Pukonen Seppo<\/strong>, apulaisrehtori (p. 040 7242 198)<\/p>\n<p><strong>Puurunen Maarit<\/strong>, ranska ja espanja<\/p>\n<p><strong>Rautala Tomi<\/strong>, \u00e4idinkieli<\/p>\n<p><strong>Rissanen Sanna<\/strong>, ruotsi<\/p>\n<p><strong>R\u00f6nkk\u00f6 Anne<\/strong>, saksa ja ruotsi<\/p>\n<p><strong>Saksa Anniina<\/strong>, media<\/p>\n<p><strong>Salakka Taru<\/strong>, englanti ja ranska<\/p>\n<p><strong>Salo Jaana<\/strong>,\u00a0\u00e4idinkieli ja kirjallisuus, vv. jaksot 1-3<\/p>\n<p><strong>Soilamo Kirsi<\/strong>, uskonto<\/p>\n<p><strong>Stedt Nina<\/strong>, Turun lukioiden erityisopettaja (p. 044 9074 675)<\/p>\n<p><strong>Suvitie Sara<\/strong>, \u00e4idinkieli<\/p>\n<p><strong>Tuomi-Talonpoika Annukka<\/strong>, \u00e4idinkieli ja kirjallisuus<\/p>\n<p><strong>T\u00e4ttil\u00e4 Sari<\/strong>, liikunta ja terveystieto<\/p>\n<p><strong>Uitto Seija<\/strong>, saksa, ven\u00e4j\u00e4 ja ilmaisu, vv.<\/p>\n<p><strong>Viitanen Elina<\/strong>, musiikki<\/p>\n<p><strong><strong>Viranko<\/strong> Viivi<\/strong>, \u00e4idinkieli ja kirjallisuus<\/p>\n<p><strong>Virtanen Jaani<\/strong>, liikunta ja terveystieto<\/p>\n<p><strong>Vuorinen Tiina<\/strong>, englanti ja ranska<\/p>\n<p><strong>Yli-Kovanen Sanna<\/strong>, \u00e4idinkieli<\/p>\n<p><strong>Ylisoivio Milla<\/strong>, maantiede ja biologia<\/p>\n<p><strong>\u00d6stdahl Nina<\/strong>, opinto-ohjaus (p. 044 9074 405)<\/p>\n","protected":false},"excerpt":{"rendered":"<p>S\u00e4hk\u00f6posti on muotoa etunimi.sukunimi@turku.fi Ahokas Kari, englanti Alsi Mattus, ilmaisu Alvesalo Mona, psykologia ja filosofia Anttila Miia, matematiikka Apell Laura, filosofia ja psykologia Autio Hanna, el\u00e4m\u00e4nkatsomustieto (Puolalanm\u00e4en lukio) Fager Anne, historia ja yhteiskuntaoppi Friis Mikaela, ruotsi Haarto Marje, matematiikka Heino &hellip; <a href=\"https:\/\/blog.edu.turku.fi\/turunklassillinenlukio\/yhteystiedot\/opettajat\/\">Lue loppuun <span class=\"meta-nav\">&rarr;<\/span><\/a><\/p>\n","protected":false},"author":98,"featured_media":0,"parent":8,"menu_order":1,"comment_status":"closed","ping_status":"closed","template":"","meta":{"footnotes":""},"class_list":["post-27","page","type-page","status-publish","hentry"],"_links":{"self":[{"href":"https:\/\/blog.edu.turku.fi\/turunklassillinenlukio\/wp-json\/wp\/v2\/pages\/27","targetHints":{"allow":["GET"]}}],"collection":[{"href":"https:\/\/blog.edu.turku.fi\/turunklassillinenlukio\/wp-json\/wp\/v2\/pages"}],"about":[{"href":"https:\/\/blog.edu.turku.fi\/turunklassillinenlukio\/wp-json\/wp\/v2\/types\/page"}],"author":[{"embeddable":true,"href":"https:\/\/blog.edu.turku.fi\/turunklassillinenlukio\/wp-json\/wp\/v2\/users\/98"}],"replies":[{"embeddable":true,"href":"https:\/\/blog.edu.turku.fi\/turunklassillinenlukio\/wp-json\/wp\/v2\/comments?post=27"}],"version-history":[{"count":64,"href":"https:\/\/blog.edu.turku.fi\/turunklassillinenlukio\/wp-json\/wp\/v2\/pages\/27\/revisions"}],"predecessor-version":[{"id":4985,"href":"https:\/\/blog.edu.turku.fi\/turunklassillinenlukio\/wp-json\/wp\/v2\/pages\/27\/revisions\/4985"}],"up":[{"embeddable":true,"href":"https:\/\/blog.edu.turku.fi\/turunklassillinenlukio\/wp-json\/wp\/v2\/pages\/8"}],"wp:attachment":[{"href":"https:\/\/blog.edu.turku.fi\/turunklassillinenlukio\/wp-json\/wp\/v2\/media?parent=27"}],"curies":[{"name":"wp","href":"https:\/\/api.w.org\/{rel}","templated":true}]}}