{"id":2688,"date":"2016-09-21T13:07:45","date_gmt":"2016-09-21T10:07:45","guid":{"rendered":"https:\/\/blog.edu.turku.fi\/turunklassillinenlukio\/?page_id=2688"},"modified":"2019-06-10T10:15:24","modified_gmt":"2019-06-10T07:15:24","slug":"ohjeita-sahkoiseen-opiskeluun","status":"publish","type":"page","link":"https:\/\/blog.edu.turku.fi\/turunklassillinenlukio\/opinnot\/ohjeita-sahkoiseen-opiskeluun\/","title":{"rendered":"Ohjeita s\u00e4hk\u00f6iseen opiskeluun"},"content":{"rendered":"<p><a href=\"https:\/\/youtu.be\/4ds30toQK00\"><span style=\"font-family: 'Calibri',sans-serif;color: black\">Abitti: kuvan muokkaaminen GIMPin avulla<\/span><\/a><\/p>\n<p><a href=\"https:\/\/youtu.be\/jCLcuvwdvDk\"><span style=\"font-family: 'Calibri',sans-serif;color: black\">Abitti: kuvan tuominen ohjelmaan leikep\u00f6yd\u00e4lt\u00e4<\/span><\/a><\/p>\n<p><a href=\"https:\/\/youtu.be\/NXEGKY_T6gc\"><span style=\"font-family: 'Calibri',sans-serif;color: black\">Abitti: kuvan muokkaaminen PINTAn avulla<\/span><\/a><\/p>\n<p><a href=\"https:\/\/youtu.be\/lGN6NEUGWoM\"><span style=\"font-family: 'Calibri',sans-serif;color: black\">Abitti: Kuvan tallentaminen ty\u00f6p\u00f6yd\u00e4lle (GIMP ja PINTA)<\/span><\/a><\/p>\n<p><a href=\"https:\/\/edumailturku-my.sharepoint.com\/personal\/malsi_edu_turku_fi\/_layouts\/15\/guestaccess.aspx?guestaccesstoken=1rqYjKlGhhNVqM4HkWE6nNiBcmlNZF5vQntnMDRMV3Q%3d&amp;docid=0391e1e9eef784ff289e60ef60830e6ae&amp;rev=1\">Abitti: Ohje Abitti-tikun tekemiseen<\/a> (MP4, 71020 kt)<\/p>\n","protected":false},"excerpt":{"rendered":"<p>Abitti: kuvan muokkaaminen GIMPin avulla Abitti: kuvan tuominen ohjelmaan leikep\u00f6yd\u00e4lt\u00e4 Abitti: kuvan muokkaaminen PINTAn avulla Abitti: Kuvan tallentaminen ty\u00f6p\u00f6yd\u00e4lle (GIMP ja PINTA) Abitti: Ohje Abitti-tikun tekemiseen (MP4, 71020 kt)<\/p>\n","protected":false},"author":1368,"featured_media":0,"parent":805,"menu_order":0,"comment_status":"closed","ping_status":"closed","template":"","meta":{"footnotes":""},"class_list":["post-2688","page","type-page","status-publish","hentry"],"_links":{"self":[{"href":"https:\/\/blog.edu.turku.fi\/turunklassillinenlukio\/wp-json\/wp\/v2\/pages\/2688","targetHints":{"allow":["GET"]}}],"collection":[{"href":"https:\/\/blog.edu.turku.fi\/turunklassillinenlukio\/wp-json\/wp\/v2\/pages"}],"about":[{"href":"https:\/\/blog.edu.turku.fi\/turunklassillinenlukio\/wp-json\/wp\/v2\/types\/page"}],"author":[{"embeddable":true,"href":"https:\/\/blog.edu.turku.fi\/turunklassillinenlukio\/wp-json\/wp\/v2\/users\/1368"}],"replies":[{"embeddable":true,"href":"https:\/\/blog.edu.turku.fi\/turunklassillinenlukio\/wp-json\/wp\/v2\/comments?post=2688"}],"version-history":[{"count":4,"href":"https:\/\/blog.edu.turku.fi\/turunklassillinenlukio\/wp-json\/wp\/v2\/pages\/2688\/revisions"}],"predecessor-version":[{"id":4690,"href":"https:\/\/blog.edu.turku.fi\/turunklassillinenlukio\/wp-json\/wp\/v2\/pages\/2688\/revisions\/4690"}],"up":[{"embeddable":true,"href":"https:\/\/blog.edu.turku.fi\/turunklassillinenlukio\/wp-json\/wp\/v2\/pages\/805"}],"wp:attachment":[{"href":"https:\/\/blog.edu.turku.fi\/turunklassillinenlukio\/wp-json\/wp\/v2\/media?parent=2688"}],"curies":[{"name":"wp","href":"https:\/\/api.w.org\/{rel}","templated":true}]}}