{"id":2621,"date":"2016-06-14T14:24:34","date_gmt":"2016-06-14T11:24:34","guid":{"rendered":"https:\/\/blog.edu.turku.fi\/turunklassillinenlukio\/?page_id=2621"},"modified":"2018-11-20T12:58:03","modified_gmt":"2018-11-20T10:58:03","slug":"lucia-11-12-2015","status":"publish","type":"page","link":"https:\/\/blog.edu.turku.fi\/turunklassillinenlukio\/tapahtumat\/tapahtumia-lukuvuodelta-2015-2016\/lucia-11-12-2015\/","title":{"rendered":"Lucia 11.12.2015"},"content":{"rendered":"<p>Lucia-kulkueemme lauloi lukiomme lis\u00e4ksi my\u00f6s vanhuksille tuoden piristyst\u00e4 heid\u00e4n p\u00e4iv\u00e4\u00e4ns\u00e4. Alla muutamia kuvia Lucia-kulkueestamme.<\/p>\n<p><a href=\"https:\/\/blog.edu.turku.fi\/turunklassillinenlukio\/files\/2016\/06\/WP_20151211_10_07_12_Pro.jpg\" rel=\"attachment wp-att-2623\"><img loading=\"lazy\" decoding=\"async\" class=\"alignnone size-medium wp-image-2623\" src=\"https:\/\/blog.edu.turku.fi\/turunklassillinenlukio\/files\/2016\/06\/WP_20151211_10_07_12_Pro-300x169.jpg\" alt=\"WP_20151211_10_07_12_Pro\" width=\"300\" height=\"169\" srcset=\"https:\/\/blog.edu.turku.fi\/turunklassillinenlukio\/files\/2016\/06\/WP_20151211_10_07_12_Pro-300x169.jpg 300w, https:\/\/blog.edu.turku.fi\/turunklassillinenlukio\/files\/2016\/06\/WP_20151211_10_07_12_Pro-1024x578.jpg 1024w, https:\/\/blog.edu.turku.fi\/turunklassillinenlukio\/files\/2016\/06\/WP_20151211_10_07_12_Pro.jpg 2048w\" sizes=\"auto, (max-width: 300px) 100vw, 300px\" \/><\/a> <a href=\"https:\/\/blog.edu.turku.fi\/turunklassillinenlukio\/files\/2013\/12\/WP_20151211_11_37_02_Proa.jpg\" rel=\"attachment wp-att-2216\"><img loading=\"lazy\" decoding=\"async\" class=\"alignnone size-medium wp-image-2216\" src=\"https:\/\/blog.edu.turku.fi\/turunklassillinenlukio\/files\/2013\/12\/WP_20151211_11_37_02_Proa-300x169.jpg\" alt=\"WP_20151211_11_37_02_Proa\" width=\"300\" height=\"169\" srcset=\"https:\/\/blog.edu.turku.fi\/turunklassillinenlukio\/files\/2013\/12\/WP_20151211_11_37_02_Proa-300x169.jpg 300w, https:\/\/blog.edu.turku.fi\/turunklassillinenlukio\/files\/2013\/12\/WP_20151211_11_37_02_Proa-1024x577.jpg 1024w\" sizes=\"auto, (max-width: 300px) 100vw, 300px\" \/><\/a> <a href=\"https:\/\/blog.edu.turku.fi\/turunklassillinenlukio\/files\/2013\/12\/WP_20151211_10_37_19_Proa.jpg\" rel=\"attachment wp-att-2212\"><img loading=\"lazy\" decoding=\"async\" class=\"alignnone size-medium wp-image-2212\" src=\"https:\/\/blog.edu.turku.fi\/turunklassillinenlukio\/files\/2013\/12\/WP_20151211_10_37_19_Proa-300x169.jpg\" alt=\"WP_20151211_10_37_19_Proa\" width=\"300\" height=\"169\" srcset=\"https:\/\/blog.edu.turku.fi\/turunklassillinenlukio\/files\/2013\/12\/WP_20151211_10_37_19_Proa-300x169.jpg 300w, https:\/\/blog.edu.turku.fi\/turunklassillinenlukio\/files\/2013\/12\/WP_20151211_10_37_19_Proa-1024x577.jpg 1024w\" sizes=\"auto, (max-width: 300px) 100vw, 300px\" \/><\/a><\/p>\n<p><a href=\"https:\/\/blog.edu.turku.fi\/turunklassillinenlukio\/files\/2016\/06\/DSC06730.jpg\" rel=\"attachment wp-att-2624\"><img loading=\"lazy\" decoding=\"async\" class=\"alignnone size-medium wp-image-2624\" src=\"https:\/\/blog.edu.turku.fi\/turunklassillinenlukio\/files\/2016\/06\/DSC06730-300x168.jpg\" alt=\"DSC06730\" width=\"300\" height=\"168\" srcset=\"https:\/\/blog.edu.turku.fi\/turunklassillinenlukio\/files\/2016\/06\/DSC06730-300x168.jpg 300w, https:\/\/blog.edu.turku.fi\/turunklassillinenlukio\/files\/2016\/06\/DSC06730-1024x575.jpg 1024w, https:\/\/blog.edu.turku.fi\/turunklassillinenlukio\/files\/2016\/06\/DSC06730.jpg 1069w\" sizes=\"auto, (max-width: 300px) 100vw, 300px\" \/><\/a> <a href=\"https:\/\/blog.edu.turku.fi\/turunklassillinenlukio\/files\/2016\/06\/DSC06740.jpg\" rel=\"attachment wp-att-2625\"><img loading=\"lazy\" decoding=\"async\" class=\"alignnone size-medium wp-image-2625\" src=\"https:\/\/blog.edu.turku.fi\/turunklassillinenlukio\/files\/2016\/06\/DSC06740-300x168.jpg\" alt=\"DSC06740\" width=\"300\" height=\"168\" srcset=\"https:\/\/blog.edu.turku.fi\/turunklassillinenlukio\/files\/2016\/06\/DSC06740-300x168.jpg 300w, https:\/\/blog.edu.turku.fi\/turunklassillinenlukio\/files\/2016\/06\/DSC06740-1024x575.jpg 1024w, https:\/\/blog.edu.turku.fi\/turunklassillinenlukio\/files\/2016\/06\/DSC06740.jpg 1069w\" sizes=\"auto, (max-width: 300px) 100vw, 300px\" \/><\/a> <a href=\"https:\/\/blog.edu.turku.fi\/turunklassillinenlukio\/files\/2016\/06\/DSC06713.jpg\" rel=\"attachment wp-att-2626\"><img loading=\"lazy\" decoding=\"async\" class=\"alignnone size-medium wp-image-2626\" src=\"https:\/\/blog.edu.turku.fi\/turunklassillinenlukio\/files\/2016\/06\/DSC06713-168x300.jpg\" alt=\"DSC06713\" width=\"168\" height=\"300\" srcset=\"https:\/\/blog.edu.turku.fi\/turunklassillinenlukio\/files\/2016\/06\/DSC06713-168x300.jpg 168w, https:\/\/blog.edu.turku.fi\/turunklassillinenlukio\/files\/2016\/06\/DSC06713-575x1024.jpg 575w, https:\/\/blog.edu.turku.fi\/turunklassillinenlukio\/files\/2016\/06\/DSC06713.jpg 600w\" sizes=\"auto, (max-width: 168px) 100vw, 168px\" \/><\/a><\/p>\n","protected":false},"excerpt":{"rendered":"<p>Lucia-kulkueemme lauloi lukiomme lis\u00e4ksi my\u00f6s vanhuksille tuoden piristyst\u00e4 heid\u00e4n p\u00e4iv\u00e4\u00e4ns\u00e4. Alla muutamia kuvia Lucia-kulkueestamme.<\/p>\n","protected":false},"author":1368,"featured_media":0,"parent":2553,"menu_order":0,"comment_status":"closed","ping_status":"closed","template":"","meta":{"footnotes":""},"class_list":["post-2621","page","type-page","status-publish","hentry"],"_links":{"self":[{"href":"https:\/\/blog.edu.turku.fi\/turunklassillinenlukio\/wp-json\/wp\/v2\/pages\/2621","targetHints":{"allow":["GET"]}}],"collection":[{"href":"https:\/\/blog.edu.turku.fi\/turunklassillinenlukio\/wp-json\/wp\/v2\/pages"}],"about":[{"href":"https:\/\/blog.edu.turku.fi\/turunklassillinenlukio\/wp-json\/wp\/v2\/types\/page"}],"author":[{"embeddable":true,"href":"https:\/\/blog.edu.turku.fi\/turunklassillinenlukio\/wp-json\/wp\/v2\/users\/1368"}],"replies":[{"embeddable":true,"href":"https:\/\/blog.edu.turku.fi\/turunklassillinenlukio\/wp-json\/wp\/v2\/comments?post=2621"}],"version-history":[{"count":3,"href":"https:\/\/blog.edu.turku.fi\/turunklassillinenlukio\/wp-json\/wp\/v2\/pages\/2621\/revisions"}],"predecessor-version":[{"id":4307,"href":"https:\/\/blog.edu.turku.fi\/turunklassillinenlukio\/wp-json\/wp\/v2\/pages\/2621\/revisions\/4307"}],"up":[{"embeddable":true,"href":"https:\/\/blog.edu.turku.fi\/turunklassillinenlukio\/wp-json\/wp\/v2\/pages\/2553"}],"wp:attachment":[{"href":"https:\/\/blog.edu.turku.fi\/turunklassillinenlukio\/wp-json\/wp\/v2\/media?parent=2621"}],"curies":[{"name":"wp","href":"https:\/\/api.w.org\/{rel}","templated":true}]}}