{"id":261,"date":"2013-10-25T12:13:02","date_gmt":"2013-10-25T09:13:02","guid":{"rendered":"https:\/\/blog.edu.turku.fi\/turunklassillinenlukio\/?page_id=261"},"modified":"2019-05-23T13:39:10","modified_gmt":"2019-05-23T10:39:10","slug":"lukion-ulkopuolella-suoritetut-kurssit","status":"publish","type":"page","link":"https:\/\/blog.edu.turku.fi\/turunklassillinenlukio\/opinnot\/lukion-ulkopuolella-suoritetut-kurssit\/","title":{"rendered":"Lukion ulkopuolella suoritetut kurssit"},"content":{"rendered":"<p><b>LUKION ULKOPUOLELLA SUORITETUT KURSSIT <\/b><\/p>\n<p><b>\u00a0<\/b><b>LUKIOKURSSEIKSI HYV\u00c4KSYT\u00c4\u00c4N (Aktiivinen kansalainen) <\/b><\/p>\n<p><b>1 KURSSI: <\/b><\/p>\n<ul>\n<li>partiojohtajakoulutus<\/li>\n<li>isoskoulutus (seurakunnat, Prometheus-leirit, eri uskonnot)<\/li>\n<li>KOTA ry:n kurssi:\u00a0<a href=\"https:\/\/blog.edu.turku.fi\/turunklassillinenlukio\/files\/2013\/10\/Opiskelijan_Turku.pdf\">Opiskelijan Turku<\/a>, (PDF, 2745 kt)<\/li>\n<li>autokoulun teoriatunnit + liikennekasvatus v\u00e4h. 30 tuntia (riippumatta miss\u00e4 autokoulussa se on suoritettu, vrt tuntim\u00e4\u00e4r\u00e4 alla)<\/li>\n<li>lentolupakirja<\/li>\n<li>rannikkolaivuri ym. kurssit<\/li>\n<li>EYP-toiminta; Euroopan Nuorten parlamentti<\/li>\n<li>ty\u00f6v\u00e4enopistojen ja kansanopistojen kielikurssit kieliss\u00e4, joita ei p\u00e4iv\u00e4lukiossa opeteta<\/li>\n<li>lasten ja nuorten ohjaus ja valmennusteht\u00e4v\u00e4t<\/li>\n<li>vapaaehtoisty\u00f6 ja \u2013toiminta<\/li>\n<\/ul>\n<p><b>\u00bd KURSSIA: <\/b><\/p>\n<ul>\n<li>hygieniapassi<\/li>\n<li>ensiapu 1<\/li>\n<li>ensiapu 2<\/li>\n<li>Oleellista hyv\u00e4ksi lukemisessa on toimintaan, koulutukseen yms. k\u00e4ytetty tuntim\u00e4\u00e4r\u00e4: noin 30 tuntia= 1 kurssi.<\/li>\n<li>autokoulun teoriatunnit (mik\u00e4li ei ylim\u00e4\u00e4r\u00e4ist\u00e4 liikennekasvatusta)<\/li>\n<\/ul>\n<p>Koulun ulkopuolisia opetussuunnitelmaan kuulumattomia kursseja opiskelijalle voidaan hyv\u00e4ksy\u00e4 3 kpl, aktiiviinen kansalainen -kursseja maksimissaan kaksi kappaletta.<\/p>\n","protected":false},"excerpt":{"rendered":"<p>LUKION ULKOPUOLELLA SUORITETUT KURSSIT \u00a0LUKIOKURSSEIKSI HYV\u00c4KSYT\u00c4\u00c4N (Aktiivinen kansalainen) 1 KURSSI: partiojohtajakoulutus isoskoulutus (seurakunnat, Prometheus-leirit, eri uskonnot) KOTA ry:n kurssi:\u00a0Opiskelijan Turku, (PDF, 2745 kt) autokoulun teoriatunnit + liikennekasvatus v\u00e4h. 30 tuntia (riippumatta miss\u00e4 autokoulussa se on suoritettu, vrt tuntim\u00e4\u00e4r\u00e4 alla) lentolupakirja &hellip; <a href=\"https:\/\/blog.edu.turku.fi\/turunklassillinenlukio\/opinnot\/lukion-ulkopuolella-suoritetut-kurssit\/\">Lue loppuun <span class=\"meta-nav\">&rarr;<\/span><\/a><\/p>\n","protected":false},"author":723,"featured_media":0,"parent":805,"menu_order":6,"comment_status":"closed","ping_status":"closed","template":"","meta":{"footnotes":""},"class_list":["post-261","page","type-page","status-publish","hentry"],"_links":{"self":[{"href":"https:\/\/blog.edu.turku.fi\/turunklassillinenlukio\/wp-json\/wp\/v2\/pages\/261","targetHints":{"allow":["GET"]}}],"collection":[{"href":"https:\/\/blog.edu.turku.fi\/turunklassillinenlukio\/wp-json\/wp\/v2\/pages"}],"about":[{"href":"https:\/\/blog.edu.turku.fi\/turunklassillinenlukio\/wp-json\/wp\/v2\/types\/page"}],"author":[{"embeddable":true,"href":"https:\/\/blog.edu.turku.fi\/turunklassillinenlukio\/wp-json\/wp\/v2\/users\/723"}],"replies":[{"embeddable":true,"href":"https:\/\/blog.edu.turku.fi\/turunklassillinenlukio\/wp-json\/wp\/v2\/comments?post=261"}],"version-history":[{"count":9,"href":"https:\/\/blog.edu.turku.fi\/turunklassillinenlukio\/wp-json\/wp\/v2\/pages\/261\/revisions"}],"predecessor-version":[{"id":4630,"href":"https:\/\/blog.edu.turku.fi\/turunklassillinenlukio\/wp-json\/wp\/v2\/pages\/261\/revisions\/4630"}],"up":[{"embeddable":true,"href":"https:\/\/blog.edu.turku.fi\/turunklassillinenlukio\/wp-json\/wp\/v2\/pages\/805"}],"wp:attachment":[{"href":"https:\/\/blog.edu.turku.fi\/turunklassillinenlukio\/wp-json\/wp\/v2\/media?parent=261"}],"curies":[{"name":"wp","href":"https:\/\/api.w.org\/{rel}","templated":true}]}}