{"id":2584,"date":"2016-06-14T12:59:46","date_gmt":"2016-06-14T09:59:46","guid":{"rendered":"https:\/\/blog.edu.turku.fi\/turunklassillinenlukio\/?page_id=2584"},"modified":"2016-06-14T12:59:57","modified_gmt":"2016-06-14T09:59:57","slug":"joulujuhla-mikaelinkirkossa-19-20-12-2015","status":"publish","type":"page","link":"https:\/\/blog.edu.turku.fi\/turunklassillinenlukio\/tapahtumat\/tapahtumia-lukuvuodelta-2015-2016\/joulujuhla-mikaelinkirkossa-19-20-12-2015\/","title":{"rendered":"Joulujuhla Mikaelinkirkossa 19.-20.12.2015"},"content":{"rendered":"<p>Kuvia Jouluy\u00f6juhlastamme Mikaelinkirkosta 19.-20.12.2015 v\u00e4lisen\u00e4 y\u00f6n\u00e4.<\/p>\n<p><a href=\"https:\/\/blog.edu.turku.fi\/turunklassillinenlukio\/files\/2016\/06\/DSC06877.jpg\" rel=\"attachment wp-att-2585\"><img loading=\"lazy\" decoding=\"async\" class=\"alignnone size-medium wp-image-2585\" src=\"https:\/\/blog.edu.turku.fi\/turunklassillinenlukio\/files\/2016\/06\/DSC06877-300x168.jpg\" alt=\"DSC06877\" width=\"300\" height=\"168\" srcset=\"https:\/\/blog.edu.turku.fi\/turunklassillinenlukio\/files\/2016\/06\/DSC06877-300x168.jpg 300w, https:\/\/blog.edu.turku.fi\/turunklassillinenlukio\/files\/2016\/06\/DSC06877-1024x575.jpg 1024w, https:\/\/blog.edu.turku.fi\/turunklassillinenlukio\/files\/2016\/06\/DSC06877.jpg 2048w\" sizes=\"auto, (max-width: 300px) 100vw, 300px\" \/><\/a><a href=\"https:\/\/blog.edu.turku.fi\/turunklassillinenlukio\/files\/2016\/06\/DSC06863.jpg\" rel=\"attachment wp-att-2591\">\u00a0<\/a><a href=\"https:\/\/blog.edu.turku.fi\/turunklassillinenlukio\/files\/2016\/06\/DSC06863.jpg\" rel=\"attachment wp-att-2591\"><img loading=\"lazy\" decoding=\"async\" class=\"alignnone size-medium wp-image-2591\" src=\"https:\/\/blog.edu.turku.fi\/turunklassillinenlukio\/files\/2016\/06\/DSC06863-300x168.jpg\" alt=\"DSC06863\" width=\"300\" height=\"168\" srcset=\"https:\/\/blog.edu.turku.fi\/turunklassillinenlukio\/files\/2016\/06\/DSC06863-300x168.jpg 300w, https:\/\/blog.edu.turku.fi\/turunklassillinenlukio\/files\/2016\/06\/DSC06863-1024x575.jpg 1024w, https:\/\/blog.edu.turku.fi\/turunklassillinenlukio\/files\/2016\/06\/DSC06863.jpg 2048w\" sizes=\"auto, (max-width: 300px) 100vw, 300px\" \/><\/a><\/p>\n<p><a href=\"https:\/\/blog.edu.turku.fi\/turunklassillinenlukio\/files\/2016\/06\/DSC06954.jpg\" rel=\"attachment wp-att-2590\"><img loading=\"lazy\" decoding=\"async\" class=\"alignnone size-medium wp-image-2587\" src=\"https:\/\/blog.edu.turku.fi\/turunklassillinenlukio\/files\/2016\/06\/DSC06898-300x168.jpg\" alt=\"DSC06898\" width=\"300\" height=\"168\" srcset=\"https:\/\/blog.edu.turku.fi\/turunklassillinenlukio\/files\/2016\/06\/DSC06898-300x168.jpg 300w, https:\/\/blog.edu.turku.fi\/turunklassillinenlukio\/files\/2016\/06\/DSC06898-1024x575.jpg 1024w, https:\/\/blog.edu.turku.fi\/turunklassillinenlukio\/files\/2016\/06\/DSC06898.jpg 2048w\" sizes=\"auto, (max-width: 300px) 100vw, 300px\" \/>\u00a0<\/a><a href=\"https:\/\/blog.edu.turku.fi\/turunklassillinenlukio\/files\/2016\/06\/DSC06954.jpg\" rel=\"attachment wp-att-2590\"><img loading=\"lazy\" decoding=\"async\" class=\"alignnone size-medium wp-image-2590\" src=\"https:\/\/blog.edu.turku.fi\/turunklassillinenlukio\/files\/2016\/06\/DSC06954-300x168.jpg\" alt=\"DSC06954\" width=\"300\" height=\"168\" srcset=\"https:\/\/blog.edu.turku.fi\/turunklassillinenlukio\/files\/2016\/06\/DSC06954-300x168.jpg 300w, https:\/\/blog.edu.turku.fi\/turunklassillinenlukio\/files\/2016\/06\/DSC06954-1024x575.jpg 1024w, https:\/\/blog.edu.turku.fi\/turunklassillinenlukio\/files\/2016\/06\/DSC06954.jpg 2048w\" sizes=\"auto, (max-width: 300px) 100vw, 300px\" \/><\/a><\/p>\n<p><a href=\"https:\/\/blog.edu.turku.fi\/turunklassillinenlukio\/files\/2016\/06\/DSC06921.jpg\" rel=\"attachment wp-att-2588\"><img loading=\"lazy\" decoding=\"async\" class=\"alignnone size-medium wp-image-2588\" src=\"https:\/\/blog.edu.turku.fi\/turunklassillinenlukio\/files\/2016\/06\/DSC06921-168x300.jpg\" alt=\"DSC06921\" width=\"168\" height=\"300\" srcset=\"https:\/\/blog.edu.turku.fi\/turunklassillinenlukio\/files\/2016\/06\/DSC06921-168x300.jpg 168w, https:\/\/blog.edu.turku.fi\/turunklassillinenlukio\/files\/2016\/06\/DSC06921-575x1024.jpg 575w, https:\/\/blog.edu.turku.fi\/turunklassillinenlukio\/files\/2016\/06\/DSC06921.jpg 1149w\" sizes=\"auto, (max-width: 168px) 100vw, 168px\" \/><\/a> <a href=\"https:\/\/blog.edu.turku.fi\/turunklassillinenlukio\/files\/2016\/06\/DSC06885.jpg\" rel=\"attachment wp-att-2586\"><img loading=\"lazy\" decoding=\"async\" class=\"alignnone size-medium wp-image-2586\" src=\"https:\/\/blog.edu.turku.fi\/turunklassillinenlukio\/files\/2016\/06\/DSC06885-168x300.jpg\" alt=\"DSC06885\" width=\"168\" height=\"300\" srcset=\"https:\/\/blog.edu.turku.fi\/turunklassillinenlukio\/files\/2016\/06\/DSC06885-168x300.jpg 168w, https:\/\/blog.edu.turku.fi\/turunklassillinenlukio\/files\/2016\/06\/DSC06885-575x1024.jpg 575w, https:\/\/blog.edu.turku.fi\/turunklassillinenlukio\/files\/2016\/06\/DSC06885.jpg 1149w\" sizes=\"auto, (max-width: 168px) 100vw, 168px\" \/><\/a><\/p>\n<p><span style=\"text-indent: 20px;width: auto;padding: 0px 4px 0px 0px;text-align: center;font: bold 11px\/20px 'Helvetica Neue',Helvetica,sans-serif;color: #ffffff;background: #bd081c  no-repeat scroll 3px 50% \/ 14px 14px;cursor: pointer\">Tallenna<\/span><\/p>\n","protected":false},"excerpt":{"rendered":"<p>Kuvia Jouluy\u00f6juhlastamme Mikaelinkirkosta 19.-20.12.2015 v\u00e4lisen\u00e4 y\u00f6n\u00e4. \u00a0 \u00a0 Tallenna<\/p>\n","protected":false},"author":1368,"featured_media":0,"parent":2553,"menu_order":0,"comment_status":"closed","ping_status":"closed","template":"","meta":{"footnotes":""},"class_list":["post-2584","page","type-page","status-publish","hentry"],"_links":{"self":[{"href":"https:\/\/blog.edu.turku.fi\/turunklassillinenlukio\/wp-json\/wp\/v2\/pages\/2584","targetHints":{"allow":["GET"]}}],"collection":[{"href":"https:\/\/blog.edu.turku.fi\/turunklassillinenlukio\/wp-json\/wp\/v2\/pages"}],"about":[{"href":"https:\/\/blog.edu.turku.fi\/turunklassillinenlukio\/wp-json\/wp\/v2\/types\/page"}],"author":[{"embeddable":true,"href":"https:\/\/blog.edu.turku.fi\/turunklassillinenlukio\/wp-json\/wp\/v2\/users\/1368"}],"replies":[{"embeddable":true,"href":"https:\/\/blog.edu.turku.fi\/turunklassillinenlukio\/wp-json\/wp\/v2\/comments?post=2584"}],"version-history":[{"count":2,"href":"https:\/\/blog.edu.turku.fi\/turunklassillinenlukio\/wp-json\/wp\/v2\/pages\/2584\/revisions"}],"predecessor-version":[{"id":2593,"href":"https:\/\/blog.edu.turku.fi\/turunklassillinenlukio\/wp-json\/wp\/v2\/pages\/2584\/revisions\/2593"}],"up":[{"embeddable":true,"href":"https:\/\/blog.edu.turku.fi\/turunklassillinenlukio\/wp-json\/wp\/v2\/pages\/2553"}],"wp:attachment":[{"href":"https:\/\/blog.edu.turku.fi\/turunklassillinenlukio\/wp-json\/wp\/v2\/media?parent=2584"}],"curies":[{"name":"wp","href":"https:\/\/api.w.org\/{rel}","templated":true}]}}