{"id":2553,"date":"2016-06-14T12:41:55","date_gmt":"2016-06-14T09:41:55","guid":{"rendered":"https:\/\/blog.edu.turku.fi\/turunklassillinenlukio\/?page_id=2553"},"modified":"2016-06-14T14:26:53","modified_gmt":"2016-06-14T11:26:53","slug":"tapahtumia-lukuvuodelta-2015-2016","status":"publish","type":"page","link":"https:\/\/blog.edu.turku.fi\/turunklassillinenlukio\/tapahtumat\/tapahtumia-lukuvuodelta-2015-2016\/","title":{"rendered":"Tapahtumia lukuvuodelta 2015-2016"},"content":{"rendered":"<p>T\u00e4lle sivulle on ker\u00e4tty artikkeleita lukuvuodelta 2015-2016.<\/p>\n<ul>\n<li><a href=\"https:\/\/blog.edu.turku.fi\/turunklassillinenlukio\/tapahtumat\/tapahtumia-lukuvuodelta-2015-2016\/tj100-paiva-6-9-2015\/\">TJ100-p\u00e4iv\u00e4 6.9.2015<\/a><\/li>\n<li><a href=\"https:\/\/blog.edu.turku.fi\/turunklassillinenlukio\/tapahtumat\/tapahtumia-lukuvuodelta-2015-2016\/kauhugalleria-30-10-2015\/\">Kauhugalleria 30.10.2015<\/a><\/li>\n<li><a href=\"https:\/\/blog.edu.turku.fi\/turunklassillinenlukio\/tapahtumat\/tapahtumia-lukuvuodelta-2015-2016\/itsenaisyys-ja-syksyn-lakkiaisjuhla-4-12-2105\/\">Itsen\u00e4isyys- ja syksyn lakkiaisjuhla 4.12.2015<\/a><\/li>\n<li><a href=\"https:\/\/blog.edu.turku.fi\/turunklassillinenlukio\/tapahtumat\/tapahtumia-lukuvuodelta-2015-2016\/lucia-11-12-2015\/\">Lucia-kulkue 11.12.2015<\/a><\/li>\n<li><a href=\"https:\/\/blog.edu.turku.fi\/turunklassillinenlukio\/tapahtumat\/tapahtumia-lukuvuodelta-2015-2016\/joulujuhla-mikaelinkirkossa-19-20-12-2015\/\">Jouluy\u00f6juhla Mikaelin kirkossa 19.-20.12.2015<\/a><\/li>\n<\/ul>\n","protected":false},"excerpt":{"rendered":"<p>T\u00e4lle sivulle on ker\u00e4tty artikkeleita lukuvuodelta 2015-2016. TJ100-p\u00e4iv\u00e4 6.9.2015 Kauhugalleria 30.10.2015 Itsen\u00e4isyys- ja syksyn lakkiaisjuhla 4.12.2015 Lucia-kulkue 11.12.2015 Jouluy\u00f6juhla Mikaelin kirkossa 19.-20.12.2015<\/p>\n","protected":false},"author":1368,"featured_media":0,"parent":1788,"menu_order":0,"comment_status":"closed","ping_status":"closed","template":"","meta":{"footnotes":""},"class_list":["post-2553","page","type-page","status-publish","hentry"],"_links":{"self":[{"href":"https:\/\/blog.edu.turku.fi\/turunklassillinenlukio\/wp-json\/wp\/v2\/pages\/2553","targetHints":{"allow":["GET"]}}],"collection":[{"href":"https:\/\/blog.edu.turku.fi\/turunklassillinenlukio\/wp-json\/wp\/v2\/pages"}],"about":[{"href":"https:\/\/blog.edu.turku.fi\/turunklassillinenlukio\/wp-json\/wp\/v2\/types\/page"}],"author":[{"embeddable":true,"href":"https:\/\/blog.edu.turku.fi\/turunklassillinenlukio\/wp-json\/wp\/v2\/users\/1368"}],"replies":[{"embeddable":true,"href":"https:\/\/blog.edu.turku.fi\/turunklassillinenlukio\/wp-json\/wp\/v2\/comments?post=2553"}],"version-history":[{"count":8,"href":"https:\/\/blog.edu.turku.fi\/turunklassillinenlukio\/wp-json\/wp\/v2\/pages\/2553\/revisions"}],"predecessor-version":[{"id":2630,"href":"https:\/\/blog.edu.turku.fi\/turunklassillinenlukio\/wp-json\/wp\/v2\/pages\/2553\/revisions\/2630"}],"up":[{"embeddable":true,"href":"https:\/\/blog.edu.turku.fi\/turunklassillinenlukio\/wp-json\/wp\/v2\/pages\/1788"}],"wp:attachment":[{"href":"https:\/\/blog.edu.turku.fi\/turunklassillinenlukio\/wp-json\/wp\/v2\/media?parent=2553"}],"curies":[{"name":"wp","href":"https:\/\/api.w.org\/{rel}","templated":true}]}}