{"id":2542,"date":"2016-06-14T12:27:49","date_gmt":"2016-06-14T09:27:49","guid":{"rendered":"https:\/\/blog.edu.turku.fi\/turunklassillinenlukio\/?page_id=2542"},"modified":"2019-06-11T13:34:48","modified_gmt":"2019-06-11T10:34:48","slug":"kielimatkat","status":"publish","type":"page","link":"https:\/\/blog.edu.turku.fi\/turunklassillinenlukio\/kansainvalinen-toiminta\/kielimatkat\/","title":{"rendered":"Kielimatkat"},"content":{"rendered":"<p>Lukiomme kielten lukijat tekev\u00e4t lukuvuosittain opintomatkoja opiskelemansa vieraan kielen kohdemaahan. Lis\u00e4ksi Rooma-kerho ja ruotsin Prat o kultur i Stockholm tekev\u00e4t omat matkansa kohdemaihin. Viime lukuvuosina matkoja on tehty mm.<\/p>\n<ul>\n<li>ven\u00e4j\u00e4n lukijat Pietariin<\/li>\n<li>ranskan lukijat Rennesiin<\/li>\n<li>Prat on kultur -kerho Tukholmaan<\/li>\n<li>Rooma-kerho Roomaan<\/li>\n<\/ul>\n","protected":false},"excerpt":{"rendered":"<p>Lukiomme kielten lukijat tekev\u00e4t lukuvuosittain opintomatkoja opiskelemansa vieraan kielen kohdemaahan. Lis\u00e4ksi Rooma-kerho ja ruotsin Prat o kultur i Stockholm tekev\u00e4t omat matkansa kohdemaihin. Viime lukuvuosina matkoja on tehty mm. ven\u00e4j\u00e4n lukijat Pietariin ranskan lukijat Rennesiin Prat on kultur -kerho Tukholmaan &hellip; <a href=\"https:\/\/blog.edu.turku.fi\/turunklassillinenlukio\/kansainvalinen-toiminta\/kielimatkat\/\">Lue loppuun <span class=\"meta-nav\">&rarr;<\/span><\/a><\/p>\n","protected":false},"author":1368,"featured_media":0,"parent":876,"menu_order":0,"comment_status":"closed","ping_status":"closed","template":"","meta":{"footnotes":""},"class_list":["post-2542","page","type-page","status-publish","hentry"],"_links":{"self":[{"href":"https:\/\/blog.edu.turku.fi\/turunklassillinenlukio\/wp-json\/wp\/v2\/pages\/2542","targetHints":{"allow":["GET"]}}],"collection":[{"href":"https:\/\/blog.edu.turku.fi\/turunklassillinenlukio\/wp-json\/wp\/v2\/pages"}],"about":[{"href":"https:\/\/blog.edu.turku.fi\/turunklassillinenlukio\/wp-json\/wp\/v2\/types\/page"}],"author":[{"embeddable":true,"href":"https:\/\/blog.edu.turku.fi\/turunklassillinenlukio\/wp-json\/wp\/v2\/users\/1368"}],"replies":[{"embeddable":true,"href":"https:\/\/blog.edu.turku.fi\/turunklassillinenlukio\/wp-json\/wp\/v2\/comments?post=2542"}],"version-history":[{"count":8,"href":"https:\/\/blog.edu.turku.fi\/turunklassillinenlukio\/wp-json\/wp\/v2\/pages\/2542\/revisions"}],"predecessor-version":[{"id":4747,"href":"https:\/\/blog.edu.turku.fi\/turunklassillinenlukio\/wp-json\/wp\/v2\/pages\/2542\/revisions\/4747"}],"up":[{"embeddable":true,"href":"https:\/\/blog.edu.turku.fi\/turunklassillinenlukio\/wp-json\/wp\/v2\/pages\/876"}],"wp:attachment":[{"href":"https:\/\/blog.edu.turku.fi\/turunklassillinenlukio\/wp-json\/wp\/v2\/media?parent=2542"}],"curies":[{"name":"wp","href":"https:\/\/api.w.org\/{rel}","templated":true}]}}