{"id":254,"date":"2013-10-24T17:01:23","date_gmt":"2013-10-24T14:01:23","guid":{"rendered":"https:\/\/blog.edu.turku.fi\/turunklassillinenlukio\/?page_id=254"},"modified":"2019-06-11T12:15:39","modified_gmt":"2019-06-11T09:15:39","slug":"ilmaisua","status":"publish","type":"page","link":"https:\/\/blog.edu.turku.fi\/turunklassillinenlukio\/ilmaisua\/","title":{"rendered":"Ilmaisulinja"},"content":{"rendered":"<p><strong>TURUN KLASSILLISELLE LUKIOLLE MY\u00d6NNETTIIN VALTAKUNNALLINEN ERITYISTEHT\u00c4V\u00c4 ILMAISUTAITOON PAINOTTUVAN OPETUKSEN J\u00c4RJEST\u00c4MISEEN!<br \/>\n<\/strong><br \/>\nPerjantaina 27.10.2017 opetus- ja kulttuuriministeri\u00f6 julkaisi listan valtakunnallisen erityisteht\u00e4v\u00e4n saaneista lukioista ja meid\u00e4n lukiomme on yksi kolmesta ilmaisutaitoon painottuvan opetuksen erityisteht\u00e4v\u00e4n saaneista lukioista. Perusteluissa todetaan osaltamme, ett\u00e4 \u201dhakemuksesta v\u00e4littyi vahva sitoutuminen erityisteht\u00e4v\u00e4\u00e4n, yhteisty\u00f6verkostot ovat alueellisesti kattavat ja henkil\u00f6st\u00f6 on sitoutunut, p\u00e4tev\u00e4 ja uutta etsiv\u00e4.\u201d<br \/>\nLis\u00e4tietoa luettavissa <a href=\"http:\/\/minedu.fi\/artikkeli\/-\/asset_publisher\/lukioiden-erityisen-koulutustehtavan-luvat-myonnetty-lukiot-tasa-arvoiseen-asemaan-ja-osaaminen-koko-lukiokentan-kayttoon\">ministeri\u00f6n sivuilta<\/a> ja <a href=\"http:\/\/www.turku.fi\/uutinen\/2017-10-30_turun-lukioille-myonnettiin-erityistehtavaluvat\">Turun kaupungin sivuilta<\/a>. Lue my\u00f6s <a href=\"https:\/\/blog.edu.turku.fi\/klassillinentiedotus\/files\/2014\/10\/TS-illi-koko-sivu-22.11.2017.pdf\">Turun Sanomissa<\/a> 22.11. julkaistu juttu.<\/p>\n<ul>\n<li><a href=\"https:\/\/blog.edu.turku.fi\/turunklassillinenlukio\/ilmaisua\/teatterin-lukiodiplomit\/\">Teatteridiplomit 2018-2019<\/a><\/li>\n<li><a href=\"https:\/\/blog.edu.turku.fi\/turunklassillinenlukio\/ilmaisua\/esittely\/\">Ilmaisu<\/a><\/li>\n<li><a href=\"https:\/\/blog.edu.turku.fi\/turunklassillinenlukio\/ilmaisua\/ilmaisun-kurssit\/\">Ilmaisun kurssit<\/a><\/li>\n<li><a href=\"https:\/\/blog.edu.turku.fi\/turunklassillinenlukio\/ilmaisua\/ilmaisun-tavoitteet\/\">Ilmaisun tavoitteet<\/a><\/li>\n<\/ul>\n<h1 class=\"entry-title\"><\/h1>\n<p>&nbsp;<\/p>\n","protected":false},"excerpt":{"rendered":"<p>TURUN KLASSILLISELLE LUKIOLLE MY\u00d6NNETTIIN VALTAKUNNALLINEN ERITYISTEHT\u00c4V\u00c4 ILMAISUTAITOON PAINOTTUVAN OPETUKSEN J\u00c4RJEST\u00c4MISEEN! Perjantaina 27.10.2017 opetus- ja kulttuuriministeri\u00f6 julkaisi listan valtakunnallisen erityisteht\u00e4v\u00e4n saaneista lukioista ja meid\u00e4n lukiomme on yksi kolmesta ilmaisutaitoon painottuvan opetuksen erityisteht\u00e4v\u00e4n saaneista lukioista. Perusteluissa todetaan osaltamme, ett\u00e4 \u201dhakemuksesta v\u00e4littyi vahva &hellip; <a href=\"https:\/\/blog.edu.turku.fi\/turunklassillinenlukio\/ilmaisua\/\">Lue loppuun <span class=\"meta-nav\">&rarr;<\/span><\/a><\/p>\n","protected":false},"author":723,"featured_media":0,"parent":0,"menu_order":4,"comment_status":"closed","ping_status":"closed","template":"","meta":{"footnotes":""},"class_list":["post-254","page","type-page","status-publish","hentry"],"_links":{"self":[{"href":"https:\/\/blog.edu.turku.fi\/turunklassillinenlukio\/wp-json\/wp\/v2\/pages\/254","targetHints":{"allow":["GET"]}}],"collection":[{"href":"https:\/\/blog.edu.turku.fi\/turunklassillinenlukio\/wp-json\/wp\/v2\/pages"}],"about":[{"href":"https:\/\/blog.edu.turku.fi\/turunklassillinenlukio\/wp-json\/wp\/v2\/types\/page"}],"author":[{"embeddable":true,"href":"https:\/\/blog.edu.turku.fi\/turunklassillinenlukio\/wp-json\/wp\/v2\/users\/723"}],"replies":[{"embeddable":true,"href":"https:\/\/blog.edu.turku.fi\/turunklassillinenlukio\/wp-json\/wp\/v2\/comments?post=254"}],"version-history":[{"count":15,"href":"https:\/\/blog.edu.turku.fi\/turunklassillinenlukio\/wp-json\/wp\/v2\/pages\/254\/revisions"}],"predecessor-version":[{"id":4726,"href":"https:\/\/blog.edu.turku.fi\/turunklassillinenlukio\/wp-json\/wp\/v2\/pages\/254\/revisions\/4726"}],"wp:attachment":[{"href":"https:\/\/blog.edu.turku.fi\/turunklassillinenlukio\/wp-json\/wp\/v2\/media?parent=254"}],"curies":[{"name":"wp","href":"https:\/\/api.w.org\/{rel}","templated":true}]}}