{"id":2497,"date":"2016-06-14T10:35:50","date_gmt":"2016-06-14T07:35:50","guid":{"rendered":"https:\/\/blog.edu.turku.fi\/turunklassillinenlukio\/?page_id=2497"},"modified":"2016-06-14T11:06:05","modified_gmt":"2016-06-14T08:06:05","slug":"tapahtumia-lukuvuodelta-2014-2015","status":"publish","type":"page","link":"https:\/\/blog.edu.turku.fi\/turunklassillinenlukio\/tapahtumat\/tapahtumia-lukuvuodelta-2014-2015\/","title":{"rendered":"Tapahtumia lukuvuodelta 2014-2015"},"content":{"rendered":"<p>T\u00e4lle sivulle on ker\u00e4tty artikkeleita lukuvuodelta 2014-2015.<\/p>\n<ul>\n<li><a href=\"https:\/\/blog.edu.turku.fi\/turunklassillinenlukio\/tapahtumat\/tapahtumia-lukuvuodelta-2014-2015\/lukiodiplomikatselmus-30-11-2014\/\">Lukiodiplomikatselmus 30.11.2014<\/a><\/li>\n<li><a href=\"https:\/\/blog.edu.turku.fi\/turunklassillinenlukio\/tapahtumat\/tapahtumia-lukuvuodelta-2014-2015\/itsenaisyysjuhla-ja-lakkiaiset-5-12-2013\/\">Itsen\u00e4isyysjuhla 5.12.2014<\/a><\/li>\n<li><a href=\"https:\/\/blog.edu.turku.fi\/turunklassillinenlukio\/tapahtumat\/tapahtumia-lukuvuodelta-2014-2015\/kiss-my-turku\/\">Kiss My Turku -mainosvideo 16.12.2014<\/a><\/li>\n<\/ul>\n","protected":false},"excerpt":{"rendered":"<p>T\u00e4lle sivulle on ker\u00e4tty artikkeleita lukuvuodelta 2014-2015. Lukiodiplomikatselmus 30.11.2014 Itsen\u00e4isyysjuhla 5.12.2014 Kiss My Turku -mainosvideo 16.12.2014<\/p>\n","protected":false},"author":1368,"featured_media":0,"parent":1788,"menu_order":0,"comment_status":"closed","ping_status":"closed","template":"","meta":{"footnotes":""},"class_list":["post-2497","page","type-page","status-publish","hentry"],"_links":{"self":[{"href":"https:\/\/blog.edu.turku.fi\/turunklassillinenlukio\/wp-json\/wp\/v2\/pages\/2497","targetHints":{"allow":["GET"]}}],"collection":[{"href":"https:\/\/blog.edu.turku.fi\/turunklassillinenlukio\/wp-json\/wp\/v2\/pages"}],"about":[{"href":"https:\/\/blog.edu.turku.fi\/turunklassillinenlukio\/wp-json\/wp\/v2\/types\/page"}],"author":[{"embeddable":true,"href":"https:\/\/blog.edu.turku.fi\/turunklassillinenlukio\/wp-json\/wp\/v2\/users\/1368"}],"replies":[{"embeddable":true,"href":"https:\/\/blog.edu.turku.fi\/turunklassillinenlukio\/wp-json\/wp\/v2\/comments?post=2497"}],"version-history":[{"count":8,"href":"https:\/\/blog.edu.turku.fi\/turunklassillinenlukio\/wp-json\/wp\/v2\/pages\/2497\/revisions"}],"predecessor-version":[{"id":2525,"href":"https:\/\/blog.edu.turku.fi\/turunklassillinenlukio\/wp-json\/wp\/v2\/pages\/2497\/revisions\/2525"}],"up":[{"embeddable":true,"href":"https:\/\/blog.edu.turku.fi\/turunklassillinenlukio\/wp-json\/wp\/v2\/pages\/1788"}],"wp:attachment":[{"href":"https:\/\/blog.edu.turku.fi\/turunklassillinenlukio\/wp-json\/wp\/v2\/media?parent=2497"}],"curies":[{"name":"wp","href":"https:\/\/api.w.org\/{rel}","templated":true}]}}