{"id":2448,"date":"2016-06-13T14:51:43","date_gmt":"2016-06-13T11:51:43","guid":{"rendered":"https:\/\/blog.edu.turku.fi\/turunklassillinenlukio\/?page_id=2448"},"modified":"2016-06-14T12:36:02","modified_gmt":"2016-06-14T09:36:02","slug":"tapahtumia-menneilta-vuosilta","status":"publish","type":"page","link":"https:\/\/blog.edu.turku.fi\/turunklassillinenlukio\/tapahtumat\/tapahtumia-menneilta-vuosilta\/","title":{"rendered":"Tapahtumia lukuvuodelta 2013-2014"},"content":{"rendered":"<p>T\u00e4lle sivulle on ker\u00e4tty artikkeleita lukuvuodelta 2013-2014.<\/p>\n<ul>\n<li><a href=\"https:\/\/blog.edu.turku.fi\/turunklassillinenlukio\/tapahtumat\/tapahtumia-menneilta-vuosilta\/nuoriruno2013\/\">Nuori runo -tapahtuma 8.11.2013<\/a><\/li>\n<li><a href=\"https:\/\/blog.edu.turku.fi\/turunklassillinenlukio\/tapahtumat\/tapahtumia-menneilta-vuosilta\/avajaiset\/\">Turun klassilillisen lukion avajaiset 9.11.2013<\/a><\/li>\n<li><a href=\"https:\/\/blog.edu.turku.fi\/turunklassillinenlukio\/tapahtumat\/lukiodiplomikatselmuskuvat2013\/\">Lukiodiplomikatselmus 29.-30.11.2013<\/a><\/li>\n<li><a href=\"https:\/\/blog.edu.turku.fi\/turunklassillinenlukio\/tapahtumat\/wanhojen-tanssit-14-2-2014\/\">Vanhojen tanssit 14.2.2014<\/a><\/li>\n<li><a href=\"https:\/\/blog.edu.turku.fi\/turunklassillinenlukio\/tapahtumat\/himoksella-14-3-2014\/\">Himoksella 14.3.2014<\/a><\/li>\n<li><a href=\"https:\/\/blog.edu.turku.fi\/turunklassillinenlukio\/tapahtumat\/pain-nakoa2014\/\">P\u00e4in N\u00e4k\u00f6\u00e4! -taideiltap\u00e4iv\u00e4 11.4.2014<\/a><\/li>\n<li><a href=\"https:\/\/blog.edu.turku.fi\/turunklassillinenlukio\/tapahtumat\/tapahtumia-menneilta-vuosilta\/japanilainen-kulttuuri-ja-kikucon-2014\/\">Japanilainen kulttuuri ja Kikucon 2014-tapahtuma 17.-18.5.2014<\/a><\/li>\n<\/ul>\n","protected":false},"excerpt":{"rendered":"<p>T\u00e4lle sivulle on ker\u00e4tty artikkeleita lukuvuodelta 2013-2014. Nuori runo -tapahtuma 8.11.2013 Turun klassilillisen lukion avajaiset 9.11.2013 Lukiodiplomikatselmus 29.-30.11.2013 Vanhojen tanssit 14.2.2014 Himoksella 14.3.2014 P\u00e4in N\u00e4k\u00f6\u00e4! -taideiltap\u00e4iv\u00e4 11.4.2014 Japanilainen kulttuuri ja Kikucon 2014-tapahtuma 17.-18.5.2014<\/p>\n","protected":false},"author":1368,"featured_media":0,"parent":1788,"menu_order":0,"comment_status":"closed","ping_status":"closed","template":"","meta":{"footnotes":""},"class_list":["post-2448","page","type-page","status-publish","hentry"],"_links":{"self":[{"href":"https:\/\/blog.edu.turku.fi\/turunklassillinenlukio\/wp-json\/wp\/v2\/pages\/2448","targetHints":{"allow":["GET"]}}],"collection":[{"href":"https:\/\/blog.edu.turku.fi\/turunklassillinenlukio\/wp-json\/wp\/v2\/pages"}],"about":[{"href":"https:\/\/blog.edu.turku.fi\/turunklassillinenlukio\/wp-json\/wp\/v2\/types\/page"}],"author":[{"embeddable":true,"href":"https:\/\/blog.edu.turku.fi\/turunklassillinenlukio\/wp-json\/wp\/v2\/users\/1368"}],"replies":[{"embeddable":true,"href":"https:\/\/blog.edu.turku.fi\/turunklassillinenlukio\/wp-json\/wp\/v2\/comments?post=2448"}],"version-history":[{"count":19,"href":"https:\/\/blog.edu.turku.fi\/turunklassillinenlukio\/wp-json\/wp\/v2\/pages\/2448\/revisions"}],"predecessor-version":[{"id":2552,"href":"https:\/\/blog.edu.turku.fi\/turunklassillinenlukio\/wp-json\/wp\/v2\/pages\/2448\/revisions\/2552"}],"up":[{"embeddable":true,"href":"https:\/\/blog.edu.turku.fi\/turunklassillinenlukio\/wp-json\/wp\/v2\/pages\/1788"}],"wp:attachment":[{"href":"https:\/\/blog.edu.turku.fi\/turunklassillinenlukio\/wp-json\/wp\/v2\/media?parent=2448"}],"curies":[{"name":"wp","href":"https:\/\/api.w.org\/{rel}","templated":true}]}}