{"id":207,"date":"2013-10-23T19:25:22","date_gmt":"2013-10-23T16:25:22","guid":{"rendered":"https:\/\/blog.edu.turku.fi\/turunklassillinenlukio\/?page_id=207"},"modified":"2013-10-24T17:10:06","modified_gmt":"2013-10-24T14:10:06","slug":"ilmaisun-tavoitteet","status":"publish","type":"page","link":"https:\/\/blog.edu.turku.fi\/turunklassillinenlukio\/ilmaisua\/ilmaisun-tavoitteet\/","title":{"rendered":"Ilmaisun tavoitteet"},"content":{"rendered":"<p>Taideviestint\u00e4 = Ilmaisu<\/p>\n<p>Ilmaisun tavoitteet<\/p>\n<p>Erityislinjan tavoitteena on, ett\u00e4 opiskelijan ilmaisu kehittyy monipuolisesti ja h\u00e4nen vie<br \/>\nstint\u00e4valmiutensa harjaantuvat. T\u00e4rke\u00e4\u00e4 on taiteen avulla kasvaminen. Ilmaisun kurssit<br \/>\nTeatterin ja median peruskurssit suoritetaan numeroj\u00e4rjestyksess\u00e4 ja molempien aineiden viimeinen peruskurssi on lukiodiplomi kurssi, joka on vapaaehtoinen. N\u00e4iden lis\u00e4ksi opiskelija voi vapaasti valita jatkokursseja.<\/p>\n<p>Teatterin ja median opiskeleminen edellytt\u00e4\u00e4 opiskelijoilta aktiivista osallistumista oppimisprosessiin ja halua pist\u00e4\u00e4 oma persoonansa peliin oppiakseen uusia tietoja ja taitoja.<br \/>\nKursseilla korostuvat ryhm\u00e4ss\u00e4 toimimisen taidot kuten osallistuvuus, huomaavaisuus ja suvaitsevaisuus. My\u00f6s n\u00e4m\u00e4 taidot ja positiivinen asenne opiskeltavaan aiheeseen vaikuttavat opiskelijan suorituksen arviointiin. Erityislinjan opiskelijoiden on hyvin t\u00e4rke\u00e4\u00e4 ker\u00e4t\u00e4 kaikilla taideviestinn\u00e4n kursseilla oppimiaan asioita omaan portfolioonsa.<\/p>\n<p>Median ja kuvataiteen lukiodiplomin suorittaminen edellytt\u00e4\u00e4 v\u00e4hint\u00e4\u00e4n nelj\u00e4\u00e4 pohjakurssia. Teatteritaiteen lukiodiplomissa pohjakursseja on v\u00e4hint\u00e4\u00e4n viisi. Jotta opiskelijalla olisi tarpeeksi osaamista jota n\u00e4ytt\u00e4\u00e4 lukiodiplomity\u00f6ss\u00e4, h\u00e4nen kannattaa k\u00e4yd\u00e4 kaikki koulun tarjoamat kurssit ko. aineessa. Erillisest\u00e4 anomuksesta koordinaattori voi my\u00f6nt\u00e4\u00e4 opiskelijalle luvan ylitt\u00e4\u00e4 12 erityiskurssin m\u00e4\u00e4r\u00e4. Luvan saamiseen vaikuttavat opiskelijan edistyminen lukio-opinnoissaan ja ryhmien opiskelijam\u00e4\u00e4r\u00e4.<\/p>\n","protected":false},"excerpt":{"rendered":"<p>Taideviestint\u00e4 = Ilmaisu Ilmaisun tavoitteet Erityislinjan tavoitteena on, ett\u00e4 opiskelijan ilmaisu kehittyy monipuolisesti ja h\u00e4nen vie stint\u00e4valmiutensa harjaantuvat. T\u00e4rke\u00e4\u00e4 on taiteen avulla kasvaminen. Ilmaisun kurssit Teatterin ja median peruskurssit suoritetaan numeroj\u00e4rjestyksess\u00e4 ja molempien aineiden viimeinen peruskurssi on lukiodiplomi kurssi, joka &hellip; <a href=\"https:\/\/blog.edu.turku.fi\/turunklassillinenlukio\/ilmaisua\/ilmaisun-tavoitteet\/\">Lue loppuun <span class=\"meta-nav\">&rarr;<\/span><\/a><\/p>\n","protected":false},"author":723,"featured_media":0,"parent":254,"menu_order":4,"comment_status":"closed","ping_status":"closed","template":"","meta":{"footnotes":""},"class_list":["post-207","page","type-page","status-publish","hentry"],"_links":{"self":[{"href":"https:\/\/blog.edu.turku.fi\/turunklassillinenlukio\/wp-json\/wp\/v2\/pages\/207","targetHints":{"allow":["GET"]}}],"collection":[{"href":"https:\/\/blog.edu.turku.fi\/turunklassillinenlukio\/wp-json\/wp\/v2\/pages"}],"about":[{"href":"https:\/\/blog.edu.turku.fi\/turunklassillinenlukio\/wp-json\/wp\/v2\/types\/page"}],"author":[{"embeddable":true,"href":"https:\/\/blog.edu.turku.fi\/turunklassillinenlukio\/wp-json\/wp\/v2\/users\/723"}],"replies":[{"embeddable":true,"href":"https:\/\/blog.edu.turku.fi\/turunklassillinenlukio\/wp-json\/wp\/v2\/comments?post=207"}],"version-history":[{"count":7,"href":"https:\/\/blog.edu.turku.fi\/turunklassillinenlukio\/wp-json\/wp\/v2\/pages\/207\/revisions"}],"predecessor-version":[{"id":259,"href":"https:\/\/blog.edu.turku.fi\/turunklassillinenlukio\/wp-json\/wp\/v2\/pages\/207\/revisions\/259"}],"up":[{"embeddable":true,"href":"https:\/\/blog.edu.turku.fi\/turunklassillinenlukio\/wp-json\/wp\/v2\/pages\/254"}],"wp:attachment":[{"href":"https:\/\/blog.edu.turku.fi\/turunklassillinenlukio\/wp-json\/wp\/v2\/media?parent=207"}],"curies":[{"name":"wp","href":"https:\/\/api.w.org\/{rel}","templated":true}]}}